{"id":10302,"date":"1970-01-01T00:00:00","date_gmt":"1969-12-31T23:00:00","guid":{"rendered":"http:\/\/univet.hu\/studenten\/kurse\/besondere-wiederkauer\/"},"modified":"2026-02-10T00:05:33","modified_gmt":"2026-02-09T23:05:33","slug":"besondere-wiederkauer","status":"publish","type":"page","link":"https:\/\/univet.hu\/de\/studenten\/kurse\/besondere-wiederkauer\/","title":{"rendered":"Besondere Wiederk\u00e4uer"},"content":{"rendered":"<p><img loading=\"lazy\" decoding=\"async\" width=\"500\" height=\"153\" src=\"\/media\/911166\/kepp_500x153.jpg\" data-replaced=\"true\" alt=\"Kepp\"\/><\/p> <p><strong style=\"font-family: 'Times New Roman'; font-size: medium;\">Kredit:<\/strong><span style=\"font-family: 'Times New Roman'; font-size: medium;\"> 2 \u00a0 \u00a0 \u00a0 \u00a0 \u00a0 \u00a0 \u00a0 \u00a0 \u00a0 \u00a0 \u00a0 \u00a0 \u00a0 \u00a0 \u00a0 \u00a0 \u00a0 \u00a0 \u00a0 \u00a0 \u00a0 \u00a0 \u00a0 \u00a0 \u00a0 \u00a0 \u00a0 \u00a0 \u00a0 \u00a0 \u00a0 \u00a0 \u00a0 \u00a0 \u00a0 \u00a0 \u00a0 \u00a0 \u00a0 \u00a0 \u00a0<\/span><\/p> <p><span style=\"font-size: medium;\"><span style=\"font-family: 'Times New Roman';\"><strong>Stundenzahl:<\/strong> 22 Stunden (in 7 Wochen)<\/span><\/span><\/p> <p><span style=\"font-size: medium;\"><span style=\"font-family: 'Times New Roman';\"><strong>Vorkurse:<\/strong> Genetik<\/span><\/span><\/p> <p><span style=\"font-size: medium;\"><span style=\"font-family: 'Times New Roman';\"><strong>Abfrage:<\/strong> Kollokvium (oder schriftliche Arbeit)<\/span><\/span><\/p> <p><span style=\"font-size: medium;\"><span style=\"font-family: 'Times New Roman';\"><strong>Vorleser:<\/strong> dr. habil. G\u00e1sp\u00e1rdy Andr\u00e1s, Univ. Dozent, Dr. Mar\u00f3ti-Ag\u00f3ts \u00c1kos, Univ. Adjunkt, Dr. Annus Kata, wiss. Hilfsmitarb., Kiss-Pet\u0151 Tibor, wiss. Hilfsmitarb.<\/span><\/span><\/p> <p><span style=\"font-size: medium;\"><span style=\"font-family: 'Times New Roman';\"><strong>Gastvorleser:<\/strong> Prof. Dr.-Dr. Hans-Hinrich Sambraus, M\u00fcnchen<\/span><\/span><\/p> <p><span style=\"font-size: medium;\"><span style=\"font-family: 'Times New Roman';\"><strong>Termin (geplant):<\/strong> Donnerstag Nachmittags ab 16.00 Uhr<\/span><\/span><\/p> <p><span style=\"font-size: medium;\"><span style=\"font-family: 'Times New Roman';\"><strong>Ort:<\/strong> H\u00f6rsaal Tierzucht: A-I.<\/span><\/span><\/p> <p><span style=\"font-size: medium;\"><span style=\"font-family: 'Times New Roman';\"><strong>Sich melden:<\/strong> bis 15. Februar 2015 (Personenanzahl begrenzt, h\u00f6chstens\u00a030! Neptun)<\/span><\/span><\/p> <p><span style=\"font-family: 'Times New Roman'; font-size: medium;\">\u00a0<\/span><\/p> <p style=\"text-align: justify;\"><strong><span style=\"font-size: medium;\"><span style=\"font-family: 'Times New Roman';\">Thematik:\u00a0<\/span><\/span><\/strong><span style=\"font-family: 'Times New Roman'; font-size: medium;\">\u00dcber solche Tierarten Fachkenntnisse zu geben, die in verschiedenen Regionen der Welt leben und nur in der gegebenen Region von Bedeutung haben. Allgemeine Zweck dieses Faches ist die Vorf\u00fchrung der arteigenen Merkmale, der Fortpflanzungsparameter, und der wichtigsten Krankheiten, soweit wirtschaftlichen, gesellschaftlichen regionalen Bedeutung der besonderen Tierarten, weiterhin \u00fcber die Vielf\u00e4ltigkeit des menschlichen Bedarfes und die darauf gegebene L\u00f6sungen kulturelle und fachliche Kenntnisse zu geben.<\/span><\/p> <p style=\"text-align: justify;\"><span style=\"font-family: 'Times New Roman'; font-size: medium;\">(B\u00fcffel, Zebu, Yak, Gaur, Gayal, Wisent, Kamel- und Hirscharten, Moschusochse, Takin, Schafe- und Ziegenrassen, weiterhin anschlie\u00dfend die Laufv\u00f6gel (Strau\u00df, Nandu, Emu)<\/span><\/p> <p><span style=\"font-size: medium;\"><span style=\"font-family: 'Times New Roman';\">Fachreise, Konsultation<\/span><\/span><\/p> <p><span style=\"font-family: 'Times New Roman'; font-size: medium;\">\u00a0<\/span><\/p> <p><span style=\"font-size: medium;\"><span style=\"font-family: 'Times New Roman';\">Budapest, den 02. Februar 2015.<\/span><\/span><\/p> <p><span style=\"font-size: medium;\"><span style=\"font-family: 'Times New Roman';\"><img loading=\"lazy\" decoding=\"async\" width=\"239\" height=\"62\" src=\"\/media\/911164\/gaspardy.png\" data-replaced=\"true\" alt=\"Gaspardy\"\/><\/span><\/span><\/p> <p><span style=\"font-size: medium;\"><span style=\"font-family: 'Times New Roman';\"><span>Dr. habil. G\u00e1sp\u00e1rdy Andr\u00e1s<\/span><br \/><span>Univ. Dozent\u00a0<\/span>.<\/span><\/span><\/p> <p>\u00a0<\/p> <p><strong><span style=\"font-size: medium;\"><span style=\"font-family: 'Times New Roman';\">P.S.: Kontaktperson Kiss-Pet\u0151 Tibor, Tutor des deutschen Kurses<\/span><\/span><\/strong><\/p> <p>\u00a0<\/p> <p>\u00a0<\/p>","protected":false},"excerpt":{"rendered":"<p>Kredit: 2 \u00a0 \u00a0 \u00a0 \u00a0 \u00a0 \u00a0 \u00a0 \u00a0 \u00a0 \u00a0 \u00a0 \u00a0 \u00a0 \u00a0 \u00a0 \u00a0 \u00a0 \u00a0 \u00a0 \u00a0 \u00a0 \u00a0 \u00a0 \u00a0 \u00a0 \u00a0 \u00a0 \u00a0 \u00a0 \u00a0 \u00a0 \u00a0 \u00a0 \u00a0 \u00a0 \u00a0 \u00a0 \u00a0 \u00a0 \u00a0 \u00a0 Stundenzahl: 22 Stunden (in 7 Wochen) Vorkurse: Genetik Abfrage: Kollokvium (oder schriftliche<\/p>\n","protected":false},"author":3837,"featured_media":0,"parent":678,"menu_order":154,"comment_status":"closed","ping_status":"closed","template":"","meta":{"_acf_changed":false,"footnotes":""},"categories":[65],"tags":[],"class_list":["post-10302","page","type-page","status-publish","hentry","category-kurse"],"acf":[],"_links":{"self":[{"href":"https:\/\/univet.hu\/de\/wp-json\/wp\/v2\/pages\/10302","targetHints":{"allow":["GET"]}}],"collection":[{"href":"https:\/\/univet.hu\/de\/wp-json\/wp\/v2\/pages"}],"about":[{"href":"https:\/\/univet.hu\/de\/wp-json\/wp\/v2\/types\/page"}],"author":[{"embeddable":true,"href":"https:\/\/univet.hu\/de\/wp-json\/wp\/v2\/users\/3837"}],"replies":[{"embeddable":true,"href":"https:\/\/univet.hu\/de\/wp-json\/wp\/v2\/comments?post=10302"}],"version-history":[{"count":2,"href":"https:\/\/univet.hu\/de\/wp-json\/wp\/v2\/pages\/10302\/revisions"}],"predecessor-version":[{"id":198807,"href":"https:\/\/univet.hu\/de\/wp-json\/wp\/v2\/pages\/10302\/revisions\/198807"}],"up":[{"embeddable":true,"href":"https:\/\/univet.hu\/de\/wp-json\/wp\/v2\/pages\/678"}],"wp:attachment":[{"href":"https:\/\/univet.hu\/de\/wp-json\/wp\/v2\/media?parent=10302"}],"wp:term":[{"taxonomy":"category","embeddable":true,"href":"https:\/\/univet.hu\/de\/wp-json\/wp\/v2\/categories?post=10302"},{"taxonomy":"post_tag","embeddable":true,"href":"https:\/\/univet.hu\/de\/wp-json\/wp\/v2\/tags?post=10302"}],"curies":[{"name":"wp","href":"https:\/\/api.w.org\/{rel}","templated":true}]}}