{"id":10304,"date":"1970-01-01T00:00:00","date_gmt":"1969-12-31T23:00:00","guid":{"rendered":"http:\/\/univet.hu\/studenten\/kurse\/biomathematik\/"},"modified":"2026-02-10T00:05:33","modified_gmt":"2026-02-09T23:05:33","slug":"biomathematik","status":"publish","type":"page","link":"https:\/\/univet.hu\/de\/studenten\/kurse\/biomathematik\/","title":{"rendered":"Biomathematik"},"content":{"rendered":"<p>Einf\u00fchrung in die wichtigsten statistischen Modelle und Methoden, die in der veterin\u00e4rmedizinischen Forschung angewendet werden.<\/p> <h4>Literatur:<\/h4> <ul> <li>Wei\u00df, Rzany, Basiswissen Medizinische Statistik, Springer Medizin Verlag, Heidelberg, 1999, 2002, 2005, 2008&#8230;<\/li> <li>Wassertheil-Smoller, Biostatistics and Epidemiology, A Primer for Health and Biomedical Professionals, Springer, 1990, 1995, 2004&#8230;<\/li> <\/ul> <h1 id=\"tw-target-text\" class=\"tw-data-text tw-text-large XcVN5d tw-ta\" dir=\"ltr\" data-placeholder=\"Ford\u00edt\u00e1s\"><span lang=\"de\" style=\"font-family: georgia, palatino, serif; font-size: 12pt;\">Voraussetzungen: Informatik<\/span><\/h1>","protected":false},"excerpt":{"rendered":"<p>Einf\u00fchrung in die wichtigsten statistischen Modelle und Methoden, die in der veterin\u00e4rmedizinischen Forschung angewendet werden. Literatur: Wei\u00df, Rzany, Basiswissen Medizinische Statistik, Springer Medizin Verlag, Heidelberg, 1999, 2002, 2005, 2008&#8230; Wassertheil-Smoller, Biostatistics and Epidemiology, A Primer for Health and Biomedical Professionals, Springer, 1990, 1995, 2004&#8230; Voraussetzungen: Informatik<\/p>\n","protected":false},"author":3837,"featured_media":0,"parent":678,"menu_order":154,"comment_status":"closed","ping_status":"closed","template":"","meta":{"_acf_changed":false,"footnotes":""},"categories":[65],"tags":[],"class_list":["post-10304","page","type-page","status-publish","hentry","category-kurse"],"acf":[],"_links":{"self":[{"href":"https:\/\/univet.hu\/de\/wp-json\/wp\/v2\/pages\/10304","targetHints":{"allow":["GET"]}}],"collection":[{"href":"https:\/\/univet.hu\/de\/wp-json\/wp\/v2\/pages"}],"about":[{"href":"https:\/\/univet.hu\/de\/wp-json\/wp\/v2\/types\/page"}],"author":[{"embeddable":true,"href":"https:\/\/univet.hu\/de\/wp-json\/wp\/v2\/users\/3837"}],"replies":[{"embeddable":true,"href":"https:\/\/univet.hu\/de\/wp-json\/wp\/v2\/comments?post=10304"}],"version-history":[{"count":2,"href":"https:\/\/univet.hu\/de\/wp-json\/wp\/v2\/pages\/10304\/revisions"}],"predecessor-version":[{"id":198808,"href":"https:\/\/univet.hu\/de\/wp-json\/wp\/v2\/pages\/10304\/revisions\/198808"}],"up":[{"embeddable":true,"href":"https:\/\/univet.hu\/de\/wp-json\/wp\/v2\/pages\/678"}],"wp:attachment":[{"href":"https:\/\/univet.hu\/de\/wp-json\/wp\/v2\/media?parent=10304"}],"wp:term":[{"taxonomy":"category","embeddable":true,"href":"https:\/\/univet.hu\/de\/wp-json\/wp\/v2\/categories?post=10304"},{"taxonomy":"post_tag","embeddable":true,"href":"https:\/\/univet.hu\/de\/wp-json\/wp\/v2\/tags?post=10304"}],"curies":[{"name":"wp","href":"https:\/\/api.w.org\/{rel}","templated":true}]}}