{"id":10308,"date":"1970-01-01T00:00:00","date_gmt":"1969-12-31T23:00:00","guid":{"rendered":"http:\/\/univet.hu\/studenten\/kurse\/chemie\/"},"modified":"2026-02-10T00:05:34","modified_gmt":"2026-02-09T23:05:34","slug":"chemie","status":"publish","type":"page","link":"https:\/\/univet.hu\/de\/studenten\/kurse\/chemie\/","title":{"rendered":"Chemie"},"content":{"rendered":"<h5 style=\"text-align: center;\"><strong><span style=\"font-size: 14pt;\">Lehrprogramm<\/span><\/strong><br \/> <strong><span style=\"font-size: 14pt;\"> f\u00fcr deutsche Studenten<\/span><\/strong><\/h5> <p style=\"text-align: center;\"><strong>CHEMIE<\/strong><\/p> <p style=\"text-align: center;\"><strong>\u00a0<\/strong><strong>Studienjahr 2023\/2024<\/strong><\/p> <p style=\"text-align: center;\"><strong>Semester 1.<\/strong><\/p> <p><strong>Lehrk\u00f6rper des Instituts f\u00fcr chemie<\/strong><\/p> <p>Dr. Zolt\u00e1n Vincze\u00a0\u00a0\u00a0\u00a0\u00a0\u00a0\u00a0\u00a0\u00a0\u00a0\u00a0\u00a0\u00a0\u00a0\u00a0\u00a0 Univ.- Dozent, Leiter des Instituts<\/p> <p>Dr. P\u00e9ter Nemes*\u00a0\u00a0\u00a0\u00a0\u00a0\u00a0\u00a0\u00a0\u00a0\u00a0\u00a0\u00a0\u00a0\u00a0\u00a0\u00a0\u00a0 Professor Emeritus (Lehrbeauftragter; Kontakt: <a class=\"decrypt\" rel=\"Ofnft\/QfufsAvojwfu\/iv\" href=\"javascript:void(0);\">[Click to see email]<\/a>)<\/p> <p>Dr. P\u00e1l Scheiber\u00a0\u00a0\u00a0\u00a0\u00a0\u00a0\u00a0\u00a0\u00a0\u00a0\u00a0\u00a0\u00a0\u00a0\u00a0\u00a0\u00a0 Professor Emeritus<\/p> <p>Dr. Balatoni-Ol\u00e1h Zita\u00a0\u00a0\u00a0 Assistent<\/p> <p><strong>CHEMIE UNTERRICHT<\/strong><\/p> <p>Der Chemie-Unterricht enth\u00e4lt 30 Stunden Vorlesungen, sowie 30 Stunden Labor\u00fcbungen und Seminaren. Ihre Thematik und zeitliche Einteilung befinden sich in der Tabelle (s. Seite 4).<\/p> <p>Teilnahme an den Praktika ist obligatorisch, die Anwesenheit wird jede Woche regelm\u00e4\u00dfig w\u00e4hrend des Semesters kontrolliert<\/p> <p>Zur Aneignung des Lehrstoffes wird empfohlen:<\/p> <p><em>\u00a0Ch. E. Mortimer <\/em>:\u00a0Chemie, Georg Thieme Verlag, Stuttgart, 2015, ISBN 978-3-13-484312-5<\/p> <p>Zur Durchf\u00fchrung der Labor\u00fcbungen ben\u00f6tigt jeder Student:<\/p> <ol start=\"2023\"> <li><em> Scheiber &#8211; P. Nemes &#8211; Z. Vincze &#8211; T. R. Varga &#8211; M. Pilipecz<\/em>: Chemisches Praktikum 2023.<\/li> <\/ol> <p>Da das Laborprotokoll muss in diesem Praktikumsbuch gef\u00fchrt werden, wird es den Studierenden von dem Studentensekretariat kostenlos zur Verf\u00fcgung gestellt.<\/p> <p><strong>Labor\u00fcbungen<\/strong><\/p> <p>Die Zeitdauer der Praktika betr\u00e4gt 2 x 45 Min., ohne Pause, wegen der Art der Laborarbeit.<\/p> <p>Gruppe 5 und 6: mittwochs: \u00a0\u00a0\u00a0\u00a0\u00a0\u00a0\u00a0\u00a0\u00a0\u00a0\u00a0\u00a0\u00a0\u00a0\u00a0 10.15\u00a0&#8211;\u00a011.45\u00a0Uhr<\/p> <p>Gruppe 1 und 2: mittwochs: \u00a0\u00a0\u00a0\u00a0\u00a0\u00a0\u00a0\u00a0\u00a0\u00a0\u00a0 12.15\u00a0\u2013\u00a013.45\u00a0Uhr<\/p> <p>Gruppe 3 und 4: mittwochs:\u00a0\u00a0 \u00a0\u00a0\u00a0\u00a0\u00a0\u00a0\u00a0\u00a0\u00a0\u00a0\u00a0 14.15\u00a0\u2013\u00a015.45\u00a0Uhr<\/p> <p>Gruppe 7 und 8: donnerstags: \u00a0\u00a0\u00a0\u00a0\u00a0\u00a0\u00a0\u00a0\u00a0\u00a0 8.15\u00a0\u2013\u00a09.45\u00a0Uhr<\/p> <p><strong>Praktikumsleiter<\/strong>: <em>Dr. Z. Vincze, Dr. P. Nemes, Dr. P. Scheiber, Dr. Z. Balatoni-Ol\u00e1h<\/em><\/p> <p>Die Labor\u00fcbungen finden im Studentenlaboratorium (Geb\u00e4ude F) statt. Bei Ankunft sind die Studenten erlaubt, einen Platz bei einem beliebigen Labortisch zu w\u00e4hlen, aber sie d\u00fcrfen diesen Platz w\u00e4hrend des Semesters nicht mehr wechseln. Im chemischen Laboratorium mu\u00df jeder Student<strong>,<\/strong> <strong>Kittel<\/strong> und<strong> Schutzbrille<\/strong> tragen. <strong>Ohne Kittel und Praktikumsbuch ist die Teilnahme an der Labor\u00fcbung nicht gestattet. Schutzbrille wird von dem Lehrstuhl zur Verf\u00fcgung gestellt.<\/strong><\/p> <p>Die vers\u00e4umten Labor\u00fcbungen m\u00fcssen in der n\u00e4chsten Semesterwoche in der Form einer <strong>m\u00fcndlichen<\/strong> Leistungskontrolle nachgeholt werden.<\/p> <p><strong>Vorbereitung <\/strong><\/p> <p>Die Labor\u00fcbungen sollen verschiedene Zwecke dienen. In erster Linie m\u00fcssen sie die Erkennung der Labormethoden, weiterhin die tiefere Aneignung des theoretischen Lehrstoffes erzielen. Eine von den wichtigsten Voraussetzungen f\u00fcr eine vern\u00fcnftige und erfolgreiche Laborarbeit ist die gr\u00fcndliche Vorbereitung. Bei der Vorbereitung zu den Labor\u00fcbungen m\u00fcssen sich die Studenten nicht nur den in dem Praktikumsbuch befindlichen Lehrstoff, sondern auch die theoretischen Grundlagen der Versuche (d.h. den betreffenden Lehrstoff der Vorlesungen) aneignen. Ihre Kenntnisse und Laborarbeit werden von den Praktikumsleitern stets beaufsichtigt. Falls n\u00f6tig ist, bekommen sie die notwendige Hilfe und Unterst\u00fctzung. Im Falle einer unzureichenden Vorbereitung wird die gegebene Labor\u00fcbung nicht anerkannt, die noch in der aktuellen Woche oder in der n\u00e4chsten Semesterwoche nachgeholt werden muss. Die theoretischen Grundlagen k\u00f6nnen sich die Studenten aus dem Vorlesungsstoff und dem empfohlenen Lehrbuch aneignen.<\/p> <p>&nbsp;<\/p> <p><strong>Laborprotokoll<\/strong><\/p> <p>An den Labor\u00fcbungen haben die Studenten <strong>aktiv teilzunehmen<\/strong>. Im Laboratorium arbeitet jeder Student (mit Ausnahme einiger weniger Experimente, die in kleinen Gruppen auszuf\u00fchren sind) selbst\u00e4ndig. Die Ergebnisse der Experimente und die Beobachtungen m\u00fcssen sie <strong>unmittelbar nach dem Experiment<\/strong> <strong>fachlich richtig, eindeutig und leserlich dokumentieren<\/strong>. Die im Labor verbrachtete Zeit kann man besser ausnutzen, wenn die betreffenden Reaktionsgleichungen, vorherige Berechnungen, usw. schon w\u00e4hrend der Vorbereitung ins Praktikumsbuch eingef\u00fchrt werden. Die F\u00fchrung des Protokolls wird von den Praktikumsleitern stets kontrolliert. Am Ende der Laborarbeit m\u00fcssen die Studierenden aufr\u00e4umen, d.h. die Glasger\u00e4te abwaschen, und alle benutzte Labor-Gegenst\u00e4nde, Reagenzien, usw. zur\u00fcckstellen. Die Teilnahme an der jeweiligen Labor\u00fcbung wird mit der Unterschrift von dem Praktikumsleiter im Praktikumsbuch best\u00e4tigt.<\/p> <p>&nbsp;<\/p> <p>&nbsp;<\/p>","protected":false},"excerpt":{"rendered":"<p>Lehrprogramm f\u00fcr deutsche Studenten CHEMIE \u00a0Studienjahr 2023\/2024 Semester 1. Lehrk\u00f6rper des Instituts f\u00fcr chemie Dr. Zolt\u00e1n Vincze\u00a0\u00a0\u00a0\u00a0\u00a0\u00a0\u00a0\u00a0\u00a0\u00a0\u00a0\u00a0\u00a0\u00a0\u00a0\u00a0 Univ.- Dozent, Leiter des Instituts Dr. P\u00e9ter Nemes*\u00a0\u00a0\u00a0\u00a0\u00a0\u00a0\u00a0\u00a0\u00a0\u00a0\u00a0\u00a0\u00a0\u00a0\u00a0\u00a0\u00a0 Professor Emeritus (Lehrbeauftragter; Kontakt: [Click to see email]) Dr. P\u00e1l Scheiber\u00a0\u00a0\u00a0\u00a0\u00a0\u00a0\u00a0\u00a0\u00a0\u00a0\u00a0\u00a0\u00a0\u00a0\u00a0\u00a0\u00a0 Professor Emeritus Dr. Balatoni-Ol\u00e1h Zita\u00a0\u00a0\u00a0 Assistent CHEMIE UNTERRICHT Der Chemie-Unterricht enth\u00e4lt 30 Stunden Vorlesungen, sowie 30 Stunden Labor\u00fcbungen und<\/p>\n","protected":false},"author":3837,"featured_media":0,"parent":678,"menu_order":154,"comment_status":"closed","ping_status":"closed","template":"","meta":{"_acf_changed":false,"footnotes":""},"categories":[65],"tags":[],"class_list":["post-10308","page","type-page","status-publish","hentry","category-kurse"],"acf":[],"_links":{"self":[{"href":"https:\/\/univet.hu\/de\/wp-json\/wp\/v2\/pages\/10308","targetHints":{"allow":["GET"]}}],"collection":[{"href":"https:\/\/univet.hu\/de\/wp-json\/wp\/v2\/pages"}],"about":[{"href":"https:\/\/univet.hu\/de\/wp-json\/wp\/v2\/types\/page"}],"author":[{"embeddable":true,"href":"https:\/\/univet.hu\/de\/wp-json\/wp\/v2\/users\/3837"}],"replies":[{"embeddable":true,"href":"https:\/\/univet.hu\/de\/wp-json\/wp\/v2\/comments?post=10308"}],"version-history":[{"count":2,"href":"https:\/\/univet.hu\/de\/wp-json\/wp\/v2\/pages\/10308\/revisions"}],"predecessor-version":[{"id":198810,"href":"https:\/\/univet.hu\/de\/wp-json\/wp\/v2\/pages\/10308\/revisions\/198810"}],"up":[{"embeddable":true,"href":"https:\/\/univet.hu\/de\/wp-json\/wp\/v2\/pages\/678"}],"wp:attachment":[{"href":"https:\/\/univet.hu\/de\/wp-json\/wp\/v2\/media?parent=10308"}],"wp:term":[{"taxonomy":"category","embeddable":true,"href":"https:\/\/univet.hu\/de\/wp-json\/wp\/v2\/categories?post=10308"},{"taxonomy":"post_tag","embeddable":true,"href":"https:\/\/univet.hu\/de\/wp-json\/wp\/v2\/tags?post=10308"}],"curies":[{"name":"wp","href":"https:\/\/api.w.org\/{rel}","templated":true}]}}