{"id":10310,"date":"1970-01-01T00:00:00","date_gmt":"1969-12-31T23:00:00","guid":{"rendered":"http:\/\/univet.hu\/studenten\/kurse\/futtermittelkunde\/"},"modified":"2026-02-10T00:05:35","modified_gmt":"2026-02-09T23:05:35","slug":"futtermittelkunde","status":"publish","type":"page","link":"https:\/\/univet.hu\/de\/studenten\/kurse\/futtermittelkunde\/","title":{"rendered":"Futtermittelkunde"},"content":{"rendered":"<p><!--more-->Die Studierenden erhalten einen \u00dcberblick \u00fcber wesentliche Differenzierungsmerkmale bei der Beurteilung von Futtermitteln und Futterzusatzstoffen. Sie sind damit in der Lage, zwischen wertbestimmenden und sch\u00e4dlichen Inhaltsstoffen in Futtermitteln zu unterscheiden. Sie verf\u00fcgen nach der grundlegenden Einf\u00fchrung in die Stoffkunde \u00fcber ausreichende Stoffkenntnisse zur qualifizierten Bewertung von Futtermitteln und Futterzusatzstoffen als Voraussetzung f\u00fcr eine tierartgerechte Rationsgestaltung, auch im Hinblick auf die Sicherstellung der Produktqualit\u00e4t von Nahrungsmitteln tierischer Herkunft. Die Studierenden verf\u00fcgen \u00fcber die erforderlichen Grundlagen zum Verst\u00e4ndnis weiterf\u00fchrender Lehrveranstaltungen mit den Schwerpunkten Tierern\u00e4hrung.<\/p> <p>&nbsp;<\/p> <p><strong>Weitere Informationen<\/strong><\/p> <p>1. Anwesenheit<br \/> Die Vorlesungen und Praktika werden ausschlie\u00dflich in Anwesenheitsform gehalten.<br \/> Es gilt die Pr\u00e4senzpflicht. Die Anwesenheit an den Vorlesungen und Praktika ist obligatorisch.<br \/> Es wird regelm\u00e4\u00dfig kontrolliert und ist die Voraussetzung der Anerkennung des Semesters.<br \/> 2. Abwesenheit<br \/> 2.1. Vorlesungen<br \/> Ohne Best\u00e4tigung darf man h\u00f6chstens dreimal pro Semester fehlen.<br \/> 2.2. Praktika<br \/> Am Anfang der Praktika ist jeweils die Anwesenheitskontrolle. Es werden max. 4<br \/> Abwesenheiten w\u00e4hrend des Semesters toleriert, danach wird das Fach nicht anerkannt \u2013 und<br \/> es ist im n\u00e4chsten Jahr (gegen eine gesonderte Geb\u00fchr) zu wiederholen.<br \/> \u00dcber 4 Abwesenheiten gibt es kein Nachweis \u00fcber die Abwesenheit einzureichen.<br \/> Einmal pro Semester darf man ohne Nachweis und Erstattung fehlen.<br \/> Wer mehr als einmal (d. h. 2-4-mal) fehlt, soll sich beim Unterrichtsgeber innerhalb 2 Wochen<br \/> melden und \u00fcber das Material des Praktikums Bericht erstatten<\/p> <p>3. Gruppeneinteilung<br \/> Der Lehrstuhl orientiert sich an der vom Studentensekretariat ausgegebenen Gruppeneinteilung.<br \/> Eine dauerhafte Abweichung von der Gruppeneinteilung ist lediglich mit der Zustimmung des<br \/> Studentensekretariates und des Lehrstuhls m\u00f6glich.<br \/> Der Wechsel der Praktikumsgruppe kann einmal pro Semester individuell durch die<br \/> Praktikumsleiter genehmigt werden, wenn ein Antrag an ihn per E-Mail bis 12 Uhr am<br \/> vorherigen Arbeitstag eingereicht wird.<br \/> Dem Besuch weiterer, au\u00dfer der Gruppeneinteilung entsprechender Praktika kann nicht<br \/> zugestimmt werden.<\/p> <p>4. Kontaktperson<\/p> <p>Die Verantwortliche des Jahrgangs von der Seite der Abteilung Tierern\u00e4hrung ist Frau<br \/> Dr. M\u00e1rta BAJNOK (Abteilung der Tierern\u00e4hrung, Rottenbiller Str. 50., E-Mail:<br \/> <a class=\"decrypt\" rel=\"cbkopl\/nbsubAvojwfu\/iv\" href=\"javascript:void(0);\">[Click to see email]<\/a>).<\/p> <p>5. Weitere Studien<br \/> F\u00fcr diejenigen, die ab dem 5. Semester an unserer Universit\u00e4t ihr Studium auf Englisch<br \/> fortsetzen, wird Futtermittelkunde als Teil der Tierern\u00e4hrung (\u201eAnimal Nutrition 1.\u201c)<br \/> anerkannt.<\/p> <p>Budapest, den 4 September, 2024.<br \/> Doz. Dr. Istv\u00e1n HULL\u00c1R, PhD, habil.<br \/> Lehrstuhlleiter\u00a0Lehrstuhl f\u00fcr Tierern\u00e4hrung und Klinische Di\u00e4teti<\/p>","protected":false},"excerpt":{"rendered":"","protected":false},"author":3837,"featured_media":0,"parent":678,"menu_order":154,"comment_status":"closed","ping_status":"closed","template":"","meta":{"_acf_changed":false,"footnotes":""},"categories":[65],"tags":[],"class_list":["post-10310","page","type-page","status-publish","hentry","category-kurse"],"acf":[],"_links":{"self":[{"href":"https:\/\/univet.hu\/de\/wp-json\/wp\/v2\/pages\/10310","targetHints":{"allow":["GET"]}}],"collection":[{"href":"https:\/\/univet.hu\/de\/wp-json\/wp\/v2\/pages"}],"about":[{"href":"https:\/\/univet.hu\/de\/wp-json\/wp\/v2\/types\/page"}],"author":[{"embeddable":true,"href":"https:\/\/univet.hu\/de\/wp-json\/wp\/v2\/users\/3837"}],"replies":[{"embeddable":true,"href":"https:\/\/univet.hu\/de\/wp-json\/wp\/v2\/comments?post=10310"}],"version-history":[{"count":2,"href":"https:\/\/univet.hu\/de\/wp-json\/wp\/v2\/pages\/10310\/revisions"}],"predecessor-version":[{"id":198812,"href":"https:\/\/univet.hu\/de\/wp-json\/wp\/v2\/pages\/10310\/revisions\/198812"}],"up":[{"embeddable":true,"href":"https:\/\/univet.hu\/de\/wp-json\/wp\/v2\/pages\/678"}],"wp:attachment":[{"href":"https:\/\/univet.hu\/de\/wp-json\/wp\/v2\/media?parent=10310"}],"wp:term":[{"taxonomy":"category","embeddable":true,"href":"https:\/\/univet.hu\/de\/wp-json\/wp\/v2\/categories?post=10310"},{"taxonomy":"post_tag","embeddable":true,"href":"https:\/\/univet.hu\/de\/wp-json\/wp\/v2\/tags?post=10310"}],"curies":[{"name":"wp","href":"https:\/\/api.w.org\/{rel}","templated":true}]}}