{"id":10314,"date":"1970-01-01T00:00:00","date_gmt":"1969-12-31T23:00:00","guid":{"rendered":"http:\/\/univet.hu\/studenten\/kurse\/giftige-garten-und-zimmerpflanzen\/"},"modified":"2026-02-10T00:05:36","modified_gmt":"2026-02-09T23:05:36","slug":"giftige-garten-und-zimmerpflanzen","status":"publish","type":"page","link":"https:\/\/univet.hu\/de\/studenten\/kurse\/giftige-garten-und-zimmerpflanzen\/","title":{"rendered":"Giftige Garten- und Zimmerpflanzen"},"content":{"rendered":"<p>Verantwortlicher (e-mail):\u00a0Dr. Cserhalmi D\u00e1niel (<a class=\"decrypt\" rel=\"dtfsibmnj\/ebojfmAvojwfu\/iv\" href=\"javascript:void(0);\">[Click to see email]<\/a>)<\/p> <p><strong>Lehrende:\u00a0<\/strong>Dr. Gerencs\u00e9r Ferencn\u00e9 (<a class=\"decrypt\" rel=\"Hfsfodtfsof\/Tfjem\/LbubmjoAvojwfu\/iv\" href=\"javascript:void(0);\">[Click to see email]<\/a>)<\/p> <p><strong>Lehrziel des Faches:\u00a0<\/strong><\/p> <p>Das Ziel des Faches ist, dass die Studentinnen und Studenten die giftige Zierpflanzen, die im G\u00e4rten und Zimmer erh\u00f6hte Gefahr f\u00fcr\u00a0 Kleintieren bedeuten k\u00f6nnen, kennenlernen. Diese Arten geh\u00f6ren zu dem Lehrstoff der veterin\u00e4rmedizinischen Botanik nicht, in dieser Kurs k\u00f6nnen sie gr\u00fcndlichere und umfassendere Kenntnisse \u00fcber die Vergiftungen pflanzlicher Herkunft erwerben.<\/p> <p>&nbsp;<\/p> <h3><strong>Fachliteratur<\/strong><\/h3> <p><strong>Pflicht:\u00a0<\/strong>Lehrstoff der Vorlesungen<\/p> <p><strong>Empfohlen:\u00a0<\/strong><\/p> <p><a href=\"http:\/\/www.vetpharm.uzh.ch\/reloader.htm?giftdb\/pflanzen\/0039_TOX.htm?inhalt_c.htm\" data-replaced=\"true\">http:\/\/www.vetpharm.uzh.ch\/reloader.htm?giftdb\/pflanzen\/0039_TOX.htm?inhalt_c.htm<\/a><\/p> <p><a href=\"http:\/\/www.giftpflanzen.com\/\" data-replaced=\"true\">http:\/\/www.giftpflanzen.com\/<\/a><\/p> <p>Frohne-Pf\u00e4nder: Giftpflanzen<\/p> <p>Eberhard Teuscher und Ulrike Lindequist (2010): Biogene Gifte, Wissenschaftliche Verlagsgesellschaft,<\/p>","protected":false},"excerpt":{"rendered":"<p>Verantwortlicher (e-mail):\u00a0Dr. Cserhalmi D\u00e1niel ([Click to see email]) Lehrende:\u00a0Dr. Gerencs\u00e9r Ferencn\u00e9 ([Click to see email]) Lehrziel des Faches:\u00a0 Das Ziel des Faches ist, dass die Studentinnen und Studenten die giftige Zierpflanzen, die im G\u00e4rten und Zimmer erh\u00f6hte Gefahr f\u00fcr\u00a0 Kleintieren bedeuten k\u00f6nnen, kennenlernen. Diese Arten geh\u00f6ren zu dem Lehrstoff der veterin\u00e4rmedizinischen Botanik nicht, in dieser<\/p>\n","protected":false},"author":3837,"featured_media":0,"parent":678,"menu_order":157,"comment_status":"closed","ping_status":"closed","template":"","meta":{"_acf_changed":false,"footnotes":""},"categories":[65],"tags":[],"class_list":["post-10314","page","type-page","status-publish","hentry","category-kurse"],"acf":[],"_links":{"self":[{"href":"https:\/\/univet.hu\/de\/wp-json\/wp\/v2\/pages\/10314","targetHints":{"allow":["GET"]}}],"collection":[{"href":"https:\/\/univet.hu\/de\/wp-json\/wp\/v2\/pages"}],"about":[{"href":"https:\/\/univet.hu\/de\/wp-json\/wp\/v2\/types\/page"}],"author":[{"embeddable":true,"href":"https:\/\/univet.hu\/de\/wp-json\/wp\/v2\/users\/3837"}],"replies":[{"embeddable":true,"href":"https:\/\/univet.hu\/de\/wp-json\/wp\/v2\/comments?post=10314"}],"version-history":[{"count":2,"href":"https:\/\/univet.hu\/de\/wp-json\/wp\/v2\/pages\/10314\/revisions"}],"predecessor-version":[{"id":198815,"href":"https:\/\/univet.hu\/de\/wp-json\/wp\/v2\/pages\/10314\/revisions\/198815"}],"up":[{"embeddable":true,"href":"https:\/\/univet.hu\/de\/wp-json\/wp\/v2\/pages\/678"}],"wp:attachment":[{"href":"https:\/\/univet.hu\/de\/wp-json\/wp\/v2\/media?parent=10314"}],"wp:term":[{"taxonomy":"category","embeddable":true,"href":"https:\/\/univet.hu\/de\/wp-json\/wp\/v2\/categories?post=10314"},{"taxonomy":"post_tag","embeddable":true,"href":"https:\/\/univet.hu\/de\/wp-json\/wp\/v2\/tags?post=10314"}],"curies":[{"name":"wp","href":"https:\/\/api.w.org\/{rel}","templated":true}]}}