{"id":10315,"date":"1970-01-01T00:00:00","date_gmt":"1969-12-31T23:00:00","guid":{"rendered":"http:\/\/univet.hu\/studenten\/kurse\/grundlagen-der-ungarischen-sprache-1\/"},"modified":"2026-02-10T00:05:37","modified_gmt":"2026-02-09T23:05:37","slug":"grundlagen-der-ungarischen-sprache-1","status":"publish","type":"page","link":"https:\/\/univet.hu\/de\/studenten\/kurse\/grundlagen-der-ungarischen-sprache-1\/","title":{"rendered":"Grundlagen der ungarischen Sprache 1"},"content":{"rendered":"<p>1. Sprache: Einf\u00fchrung in die Grundlagen der ungarischen Sprache, um im Alltag zurechtzukommen, die wichtigsten\/h\u00e4ufigsten W\u00f6rter und Strukturen kennenzulernen, auch W\u00f6rter aus dem Unileben, Tiernamen, usw.<\/p> <p>2. Landeskunde: Kennenlernen der ungarischen Kultur, um das Leben im neuen\/fremden Land zu erleichtern.<\/p>","protected":false},"excerpt":{"rendered":"<p>1. Sprache: Einf\u00fchrung in die Grundlagen der ungarischen Sprache, um im Alltag zurechtzukommen, die wichtigsten\/h\u00e4ufigsten W\u00f6rter und Strukturen kennenzulernen, auch W\u00f6rter aus dem Unileben, Tiernamen, usw. 2. Landeskunde: Kennenlernen der ungarischen Kultur, um das Leben im neuen\/fremden Land zu erleichtern.<\/p>\n","protected":false},"author":3837,"featured_media":0,"parent":678,"menu_order":157,"comment_status":"closed","ping_status":"closed","template":"","meta":{"_acf_changed":false,"footnotes":""},"categories":[65],"tags":[],"class_list":["post-10315","page","type-page","status-publish","hentry","category-kurse"],"acf":[],"_links":{"self":[{"href":"https:\/\/univet.hu\/de\/wp-json\/wp\/v2\/pages\/10315","targetHints":{"allow":["GET"]}}],"collection":[{"href":"https:\/\/univet.hu\/de\/wp-json\/wp\/v2\/pages"}],"about":[{"href":"https:\/\/univet.hu\/de\/wp-json\/wp\/v2\/types\/page"}],"author":[{"embeddable":true,"href":"https:\/\/univet.hu\/de\/wp-json\/wp\/v2\/users\/3837"}],"replies":[{"embeddable":true,"href":"https:\/\/univet.hu\/de\/wp-json\/wp\/v2\/comments?post=10315"}],"version-history":[{"count":2,"href":"https:\/\/univet.hu\/de\/wp-json\/wp\/v2\/pages\/10315\/revisions"}],"predecessor-version":[{"id":198816,"href":"https:\/\/univet.hu\/de\/wp-json\/wp\/v2\/pages\/10315\/revisions\/198816"}],"up":[{"embeddable":true,"href":"https:\/\/univet.hu\/de\/wp-json\/wp\/v2\/pages\/678"}],"wp:attachment":[{"href":"https:\/\/univet.hu\/de\/wp-json\/wp\/v2\/media?parent=10315"}],"wp:term":[{"taxonomy":"category","embeddable":true,"href":"https:\/\/univet.hu\/de\/wp-json\/wp\/v2\/categories?post=10315"},{"taxonomy":"post_tag","embeddable":true,"href":"https:\/\/univet.hu\/de\/wp-json\/wp\/v2\/tags?post=10315"}],"curies":[{"name":"wp","href":"https:\/\/api.w.org\/{rel}","templated":true}]}}