{"id":10318,"date":"1970-01-01T00:00:00","date_gmt":"1969-12-31T23:00:00","guid":{"rendered":"http:\/\/univet.hu\/studenten\/kurse\/heilpflanzenkunde\/"},"modified":"2026-02-10T00:05:38","modified_gmt":"2026-02-09T23:05:38","slug":"heilpflanzenkunde","status":"publish","type":"page","link":"https:\/\/univet.hu\/de\/studenten\/kurse\/heilpflanzenkunde\/","title":{"rendered":"Heilpflanzenkunde"},"content":{"rendered":"<p><strong><span style=\"vertical-align: inherit\"><span style=\"vertical-align: inherit\">Verantwortlicher (e-mail): Dr. H\u00e1zi Judit (<a class=\"decrypt\" rel=\"ib{j\/kvejuAvojwfu\/iv\" href=\"javascript:void(0);\">[Click to see email]<\/a>)<\/span><\/span><\/strong><\/p> <p><strong><span style=\"vertical-align: inherit\"><span style=\"vertical-align: inherit\">Lehrende: Dr. Gerencs\u00e9r Ferencn\u00e9 (<a class=\"decrypt\" rel=\"Hfsfodtfsof\/Tfjem\/LbubmjoAvojwfu\/iv\" href=\"javascript:void(0);\">[Click to see email]<\/a>)<\/span><\/span><\/strong><\/p> <p><strong><span style=\"vertical-align: inherit\"><span style=\"vertical-align: inherit\">Ort: Lehrstuhl f\u00fcr Botanik, Rottenbiller Str. <\/span><span style=\"vertical-align: inherit\">50. Stockwerk I. Zimmer 6.<\/span><\/span><\/strong><\/p> <p>Auf dieser Kurs werden die Teilnehmer eine allgemeine \u00dcbersicht \u00fcber die Heilpflanzenanwendung in der Veterin\u00e4rmedizin erhalten. Sie erlernen die wichtigsten Begriffe und die Grundlagen in diesem Bereich. Die Studentinnen und Studenten lernen etwa 100 Heilpflanzenarten, deren botanischen Beschreibungen, Droge, Wirkstoffe, Wirkungen, Nebenwirkungen, Zubereitungen und humane und veterin\u00e4rmedizinische Anwendungsm\u00f6glichkeiten.\u00a0Betont wird immer die Unterschiede in der Verdauung, der Metabolisierung und der Ausscheidung zwischen Mensch und Tier. Der Kurs folgt die biogenetische Systematisierung der Pflanzenstoffe, nach dieser chemischen Einteilung werden die einzelnen Heilpflanzen bekannt gegeben.<\/p> <p>&nbsp;<\/p> <h3><u><strong><span style=\"vertical-align: inherit\"><span style=\"vertical-align: inherit\">Fachliteratur<\/span><\/span><\/strong><\/u><\/h3> <p><strong><span style=\"vertical-align: inherit\"><span style=\"vertical-align: inherit\">Empfohlen:<\/span><\/span><\/strong><\/p> <p><span style=\"vertical-align: inherit\"><span style=\"vertical-align: inherit\">&#8211; Siegfried B\u00e4umler (2007, 2013): Heilpflanzenpraxis heute: Portr\u00e4ts, Rezepturen, Anwendung. <\/span><span style=\"vertical-align: inherit\">1.-2. <\/span><span style=\"vertical-align: inherit\">Elsevier Health Sciences, Urban &amp; FischerVerlag<\/span><\/span><\/p> <p><span style=\"vertical-align: inherit\"><span style=\"vertical-align: inherit\">&#8211; J\u00fcrgen Reichling, Marijke Frater-Schr\u00f6der, Reinhard Saller, Julika Fitzi-Rathgen, Rosa Gachnian-Mirtscheva (2016)<\/span><\/span>: Heilpflanzenkunde f\u00fcr die Veterin\u00e4rpraxis. <span style=\"vertical-align: inherit\">Springer Medizin Verlag, Berlin-Heidelberg<\/span><\/p> <p>&nbsp;<\/p> <p><span style=\"vertical-align: inherit\"><span style=\"vertical-align: inherit\">&#8211; Petra Pawletko (2013): Heilpflanzen f\u00fcr Tiere: Phytotherapie f\u00fcr Hunde, Katzen, Kaninchen \u00e9s Meerschweinchen. <\/span><span style=\"vertical-align: inherit\">Oertel + Sp\u00f6rer Verlag<\/span><\/span><\/p> <p><span style=\"vertical-align: inherit\"><span style=\"vertical-align: inherit\">&#8211; Sch\u00f6nfelder, Peter \/ Sch\u00f6nfelder, Ingrid (2010): Der neue Kosmos-Heilpflanzenf\u00fchrer. <\/span><span style=\"vertical-align: inherit\">2., Neuausgabe Auflage<\/span><\/span><\/p> <p><strong>Pflicht: <\/strong>Lehrstoff der Vorlesungen.<\/p> <p>&nbsp;<\/p>","protected":false},"excerpt":{"rendered":"<p>Verantwortlicher (e-mail): Dr. H\u00e1zi Judit ([Click to see email]) Lehrende: Dr. Gerencs\u00e9r Ferencn\u00e9 ([Click to see email]) Ort: Lehrstuhl f\u00fcr Botanik, Rottenbiller Str. 50. Stockwerk I. Zimmer 6. Auf dieser Kurs werden die Teilnehmer eine allgemeine \u00dcbersicht \u00fcber die Heilpflanzenanwendung in der Veterin\u00e4rmedizin erhalten. Sie erlernen die wichtigsten Begriffe und die Grundlagen in diesem Bereich.<\/p>\n","protected":false},"author":3837,"featured_media":0,"parent":678,"menu_order":157,"comment_status":"closed","ping_status":"closed","template":"","meta":{"_acf_changed":false,"footnotes":""},"categories":[65],"tags":[],"class_list":["post-10318","page","type-page","status-publish","hentry","category-kurse"],"acf":[],"_links":{"self":[{"href":"https:\/\/univet.hu\/de\/wp-json\/wp\/v2\/pages\/10318","targetHints":{"allow":["GET"]}}],"collection":[{"href":"https:\/\/univet.hu\/de\/wp-json\/wp\/v2\/pages"}],"about":[{"href":"https:\/\/univet.hu\/de\/wp-json\/wp\/v2\/types\/page"}],"author":[{"embeddable":true,"href":"https:\/\/univet.hu\/de\/wp-json\/wp\/v2\/users\/3837"}],"replies":[{"embeddable":true,"href":"https:\/\/univet.hu\/de\/wp-json\/wp\/v2\/comments?post=10318"}],"version-history":[{"count":2,"href":"https:\/\/univet.hu\/de\/wp-json\/wp\/v2\/pages\/10318\/revisions"}],"predecessor-version":[{"id":198818,"href":"https:\/\/univet.hu\/de\/wp-json\/wp\/v2\/pages\/10318\/revisions\/198818"}],"up":[{"embeddable":true,"href":"https:\/\/univet.hu\/de\/wp-json\/wp\/v2\/pages\/678"}],"wp:attachment":[{"href":"https:\/\/univet.hu\/de\/wp-json\/wp\/v2\/media?parent=10318"}],"wp:term":[{"taxonomy":"category","embeddable":true,"href":"https:\/\/univet.hu\/de\/wp-json\/wp\/v2\/categories?post=10318"},{"taxonomy":"post_tag","embeddable":true,"href":"https:\/\/univet.hu\/de\/wp-json\/wp\/v2\/tags?post=10318"}],"curies":[{"name":"wp","href":"https:\/\/api.w.org\/{rel}","templated":true}]}}