{"id":10319,"date":"1970-01-01T00:00:00","date_gmt":"1969-12-31T23:00:00","guid":{"rendered":"http:\/\/univet.hu\/studenten\/kurse\/histologie-i\/"},"modified":"2026-02-10T00:05:38","modified_gmt":"2026-02-09T23:05:38","slug":"histologie-i","status":"publish","type":"page","link":"https:\/\/univet.hu\/de\/studenten\/kurse\/histologie-i\/","title":{"rendered":"Histologie I."},"content":{"rendered":"<table width=\"635\"> <tbody> <tr> <td width=\"244\"><strong>Verantwortlicher (e-mail):<\/strong><\/td> <td width=\"391\"> <p><strong>Prof. Dr, P\u00e9ter S\u00f3tonyi, DVM, DSc.,<\/strong><\/p> <p><a class=\"decrypt\" rel=\"tpupozj\/qfufsAvojwfu\/iv\" href=\"javascript:void(0);\">[Click to see email]<\/a><\/p> <p><strong>Dr. Attila Magyar, DVM, PhD,<\/strong><\/p> <p><a class=\"decrypt\" rel=\"nbhzbs\/buujmbAnfe\/tfnnfmxfjt.vojw\/iv\" href=\"javascript:void(0);\">[Click to see email]<\/a><\/td> <\/tr> <tr> <td width=\"244\"><strong>Lehrende:<\/strong><\/td> <td width=\"391\"><strong>Dr. Attila Magyar, DVM, PhD, Dr. Habil. Bence R\u00e1cz, MSc, PhD, Dr. Habil Andrea Heinzlmann, MD, PhD, Dr Veronika Jancsik, MSc, PhD<\/strong><\/td> <\/tr> <tr> <td width=\"244\"><strong>Lehrziel des Faches:<\/strong><\/td> <td width=\"391\">Das Erlernen der Benutzung des Mikroskops und der histologischen Pr\u00e4parate; der Grundlagen der licht- und elektronenmikroskopischen histologischen Verfahren (Histotechniken); der Orientierung in 2D-Histopr\u00e4paraten. Die Erkennung der Grundgewebe und ihre Anteile (Zellen und Matrix) in den lichtmikroskopischen Histopr\u00e4paraten, sowie Erwerben der Kenntnisse \u00fcber ihren Aufbau und Funktion; Erkennung der verschiedenen F\u00e4rbemethoden und ihre Bedeutung.<\/td> <\/tr> <\/tbody> <\/table> <p><\/p>","protected":false},"excerpt":{"rendered":"<p>Verantwortlicher (e-mail): Prof. Dr, P\u00e9ter S\u00f3tonyi, DVM, DSc., [Click to see email] Dr. Attila Magyar, DVM, PhD, [Click to see email] Lehrende: Dr. Attila Magyar, DVM, PhD, Dr. Habil. Bence R\u00e1cz, MSc, PhD, Dr. Habil Andrea Heinzlmann, MD, PhD, Dr Veronika Jancsik, MSc, PhD Lehrziel des Faches: Das Erlernen der Benutzung des Mikroskops und der<\/p>\n","protected":false},"author":3837,"featured_media":0,"parent":678,"menu_order":157,"comment_status":"closed","ping_status":"closed","template":"","meta":{"_acf_changed":false,"footnotes":""},"categories":[65],"tags":[],"class_list":["post-10319","page","type-page","status-publish","hentry","category-kurse"],"acf":[],"_links":{"self":[{"href":"https:\/\/univet.hu\/de\/wp-json\/wp\/v2\/pages\/10319","targetHints":{"allow":["GET"]}}],"collection":[{"href":"https:\/\/univet.hu\/de\/wp-json\/wp\/v2\/pages"}],"about":[{"href":"https:\/\/univet.hu\/de\/wp-json\/wp\/v2\/types\/page"}],"author":[{"embeddable":true,"href":"https:\/\/univet.hu\/de\/wp-json\/wp\/v2\/users\/3837"}],"replies":[{"embeddable":true,"href":"https:\/\/univet.hu\/de\/wp-json\/wp\/v2\/comments?post=10319"}],"version-history":[{"count":2,"href":"https:\/\/univet.hu\/de\/wp-json\/wp\/v2\/pages\/10319\/revisions"}],"predecessor-version":[{"id":198819,"href":"https:\/\/univet.hu\/de\/wp-json\/wp\/v2\/pages\/10319\/revisions\/198819"}],"up":[{"embeddable":true,"href":"https:\/\/univet.hu\/de\/wp-json\/wp\/v2\/pages\/678"}],"wp:attachment":[{"href":"https:\/\/univet.hu\/de\/wp-json\/wp\/v2\/media?parent=10319"}],"wp:term":[{"taxonomy":"category","embeddable":true,"href":"https:\/\/univet.hu\/de\/wp-json\/wp\/v2\/categories?post=10319"},{"taxonomy":"post_tag","embeddable":true,"href":"https:\/\/univet.hu\/de\/wp-json\/wp\/v2\/tags?post=10319"}],"curies":[{"name":"wp","href":"https:\/\/api.w.org\/{rel}","templated":true}]}}