{"id":10320,"date":"1970-01-01T00:00:00","date_gmt":"1969-12-31T23:00:00","guid":{"rendered":"http:\/\/univet.hu\/studenten\/kurse\/histologie-ii\/"},"modified":"2026-02-10T00:05:39","modified_gmt":"2026-02-09T23:05:39","slug":"histologie-ii","status":"publish","type":"page","link":"https:\/\/univet.hu\/de\/studenten\/kurse\/histologie-ii\/","title":{"rendered":"Histologie II."},"content":{"rendered":"<p>Das Erlernen der normalen mikroskopischen Anatomie und Feinstruktur der Organe, zusammen mit ihrer Funktion. Erkennung der gesunden Organe und ihre Anteile an den Histopr\u00e4paraten, das die Grundlage f\u00fcr die sp\u00e4tere Histopathologie bildet.<\/p>","protected":false},"excerpt":{"rendered":"<p>Das Erlernen der normalen mikroskopischen Anatomie und Feinstruktur der Organe, zusammen mit ihrer Funktion. Erkennung der gesunden Organe und ihre Anteile an den Histopr\u00e4paraten, das die Grundlage f\u00fcr die sp\u00e4tere Histopathologie bildet.<\/p>\n","protected":false},"author":3837,"featured_media":0,"parent":678,"menu_order":157,"comment_status":"closed","ping_status":"closed","template":"","meta":{"_acf_changed":false,"footnotes":""},"categories":[65],"tags":[],"class_list":["post-10320","page","type-page","status-publish","hentry","category-kurse"],"acf":[],"_links":{"self":[{"href":"https:\/\/univet.hu\/de\/wp-json\/wp\/v2\/pages\/10320","targetHints":{"allow":["GET"]}}],"collection":[{"href":"https:\/\/univet.hu\/de\/wp-json\/wp\/v2\/pages"}],"about":[{"href":"https:\/\/univet.hu\/de\/wp-json\/wp\/v2\/types\/page"}],"author":[{"embeddable":true,"href":"https:\/\/univet.hu\/de\/wp-json\/wp\/v2\/users\/3837"}],"replies":[{"embeddable":true,"href":"https:\/\/univet.hu\/de\/wp-json\/wp\/v2\/comments?post=10320"}],"version-history":[{"count":2,"href":"https:\/\/univet.hu\/de\/wp-json\/wp\/v2\/pages\/10320\/revisions"}],"predecessor-version":[{"id":198820,"href":"https:\/\/univet.hu\/de\/wp-json\/wp\/v2\/pages\/10320\/revisions\/198820"}],"up":[{"embeddable":true,"href":"https:\/\/univet.hu\/de\/wp-json\/wp\/v2\/pages\/678"}],"wp:attachment":[{"href":"https:\/\/univet.hu\/de\/wp-json\/wp\/v2\/media?parent=10320"}],"wp:term":[{"taxonomy":"category","embeddable":true,"href":"https:\/\/univet.hu\/de\/wp-json\/wp\/v2\/categories?post=10320"},{"taxonomy":"post_tag","embeddable":true,"href":"https:\/\/univet.hu\/de\/wp-json\/wp\/v2\/tags?post=10320"}],"curies":[{"name":"wp","href":"https:\/\/api.w.org\/{rel}","templated":true}]}}