{"id":10322,"date":"1970-01-01T00:00:00","date_gmt":"1969-12-31T23:00:00","guid":{"rendered":"http:\/\/univet.hu\/studenten\/kurse\/informatik\/"},"modified":"2026-02-10T00:05:39","modified_gmt":"2026-02-09T23:05:39","slug":"informatik","status":"publish","type":"page","link":"https:\/\/univet.hu\/de\/studenten\/kurse\/informatik\/","title":{"rendered":"Informatik"},"content":{"rendered":"<p>Einf\u00fchrung in die Grundkenntnisse der Informatik und in die Benutzung der wichtigsten Anwendungs\u00adprogramme, die sp\u00e4ter im Studium benutzt werden sollen.<\/p> <p>Dozenten: Dr. Jen\u0151 REICZIGEL, Dr. Istv\u00e1n V\u00c1LYI, Dr. Mikolt BAKONY<\/p> <p>Detaillierte Kursbeschreibung siehe in <a href=\"http:\/\/biomat.univet.hu\/moodle\/\">Moodle<\/a><\/p> <p>Vorlesungen Di 12:15-13:00, H\u00f6rsaal Zlam\u00e1l ; \u00dcbungen siehe in <a href=\"http:\/\/biomat.univet.hu\/moodle\/\">Moodle<\/a><\/p>","protected":false},"excerpt":{"rendered":"<p>Einf\u00fchrung in die Grundkenntnisse der Informatik und in die Benutzung der wichtigsten Anwendungs\u00adprogramme, die sp\u00e4ter im Studium benutzt werden sollen. Dozenten: Dr. Jen\u0151 REICZIGEL, Dr. Istv\u00e1n V\u00c1LYI, Dr. Mikolt BAKONY Detaillierte Kursbeschreibung siehe in Moodle Vorlesungen Di 12:15-13:00, H\u00f6rsaal Zlam\u00e1l ; \u00dcbungen siehe in Moodle<\/p>\n","protected":false},"author":3837,"featured_media":0,"parent":678,"menu_order":157,"comment_status":"closed","ping_status":"closed","template":"","meta":{"_acf_changed":false,"footnotes":""},"categories":[65],"tags":[],"class_list":["post-10322","page","type-page","status-publish","hentry","category-kurse"],"acf":[],"_links":{"self":[{"href":"https:\/\/univet.hu\/de\/wp-json\/wp\/v2\/pages\/10322","targetHints":{"allow":["GET"]}}],"collection":[{"href":"https:\/\/univet.hu\/de\/wp-json\/wp\/v2\/pages"}],"about":[{"href":"https:\/\/univet.hu\/de\/wp-json\/wp\/v2\/types\/page"}],"author":[{"embeddable":true,"href":"https:\/\/univet.hu\/de\/wp-json\/wp\/v2\/users\/3837"}],"replies":[{"embeddable":true,"href":"https:\/\/univet.hu\/de\/wp-json\/wp\/v2\/comments?post=10322"}],"version-history":[{"count":2,"href":"https:\/\/univet.hu\/de\/wp-json\/wp\/v2\/pages\/10322\/revisions"}],"predecessor-version":[{"id":198821,"href":"https:\/\/univet.hu\/de\/wp-json\/wp\/v2\/pages\/10322\/revisions\/198821"}],"up":[{"embeddable":true,"href":"https:\/\/univet.hu\/de\/wp-json\/wp\/v2\/pages\/678"}],"wp:attachment":[{"href":"https:\/\/univet.hu\/de\/wp-json\/wp\/v2\/media?parent=10322"}],"wp:term":[{"taxonomy":"category","embeddable":true,"href":"https:\/\/univet.hu\/de\/wp-json\/wp\/v2\/categories?post=10322"},{"taxonomy":"post_tag","embeddable":true,"href":"https:\/\/univet.hu\/de\/wp-json\/wp\/v2\/tags?post=10322"}],"curies":[{"name":"wp","href":"https:\/\/api.w.org\/{rel}","templated":true}]}}