{"id":10324,"date":"1970-01-01T00:00:00","date_gmt":"1969-12-31T23:00:00","guid":{"rendered":"http:\/\/univet.hu\/studenten\/kurse\/klinische-propadeutik\/"},"modified":"2026-02-10T00:05:40","modified_gmt":"2026-02-09T23:05:40","slug":"klinische-propadeutik","status":"publish","type":"page","link":"https:\/\/univet.hu\/de\/studenten\/kurse\/klinische-propadeutik\/","title":{"rendered":"Klinische Prop\u00e4deutik"},"content":{"rendered":"<p>(D) I.2. Tant\u00e1rgyle\u00edr\u00e1s\/Beschreibung des Faches<br \/> (D) I.2.1. K\u00f6telez\u0151 tant\u00e1rgy\/obligatorisches Fach<br \/> <strong>Tant\u00e1rgyfelel\u0151s\/Verantwortlicher Lehrer:<\/strong> Dr. V\u00f6r\u00f6s K\u00e1roly, DSc, egyetemi tan\u00e1r<\/p> <h5>I.2.1.1. A tant\u00e1rgy neve\/Name des Faches:<\/h5> <p>Oktat\u00e1s\u00e1nak helye, \u00f3rasz\u00e1ma, az ismeretek ellen\u0151rz\u00e9s\u00e9nek form\u00e1ja:<\/p> <table> <thead> <tr> <th style=\"text-align: center;\"><strong>F\u00e9l\u00e9v\/Semester<\/strong><\/th> <th style=\"text-align: center;\"><strong>T\u00e9mak\u00f6r\/Fach<\/strong><\/th> <th style=\"text-align: center;\"><strong>\u00d3rasz\u00e1m\/Anzahl der Lehrstunden<\/strong><br \/> (el\u0151ad\u00e1s\/gyakorlat)<\/th> <th style=\"text-align: center;\"><strong>Az \u00e9rt\u00e9kel\u00e9s m\u00f3dja<\/strong><br \/> <strong>Evaluierung<\/strong><br \/> (gyakorlati jegy, vizsga, szigorlat)<\/th> <th style=\"text-align: center;\"><strong>Kredit<\/strong><\/th> <\/tr> <\/thead> <tbody> <tr> <td> <p style=\"text-align: center;\">4.<\/p> <\/td> <td> <p style=\"text-align: center;\">Klinische Prop\u00e4deutik<\/p> <\/td> <td style=\"text-align: center;\">15\/30<\/td> <td style=\"text-align: center;\">Kolloquium<\/td> <td> <p style=\"text-align: center;\">2<\/p> <\/td> <\/tr> <\/tbody> <\/table> <h5>El\u0151tanulm\u00e1nyi felt\u00e9telek:<\/h5> <h5>Kurze Beschreibung der Thematik des Faches:<\/h5> <p>Dieses Pflichtfach enth\u00e4lt sowohl theoretische Lektionen als auch praktische \u00dcbungen und Demonstrationen. Gelehrt werden klinische, chirurgische und gyn\u00e4kologische (manuelle und instrumentelle) Untersuchungsmethoden des Haustieres, klinische Grundwerte, sowie die wichtigsten Methoden der Notfallbehandlung und Arzneimittelapplikationen.<\/p> <h5>Vorgeschlagene Literatur:<\/h5> <ul> <li>Baumgartner, W.: Klinische Prop\u00e4deutik der inneren Krankheiten und Hautkrankheiten der Haus- und Heimtiere. 7. Auflage, Parey Buchverlag, Berlin, 2009.<\/li> <li>Vorlesungsunterlagen zug\u00e4nglich f\u00fcr Studierende auf die Internetseite des Lehrstuhls.<\/li> <\/ul>","protected":false},"excerpt":{"rendered":"<p>(D) I.2. Tant\u00e1rgyle\u00edr\u00e1s\/Beschreibung des Faches (D) I.2.1. K\u00f6telez\u0151 tant\u00e1rgy\/obligatorisches Fach Tant\u00e1rgyfelel\u0151s\/Verantwortlicher Lehrer: Dr. V\u00f6r\u00f6s K\u00e1roly, DSc, egyetemi tan\u00e1r I.2.1.1. A tant\u00e1rgy neve\/Name des Faches: Oktat\u00e1s\u00e1nak helye, \u00f3rasz\u00e1ma, az ismeretek ellen\u0151rz\u00e9s\u00e9nek form\u00e1ja: F\u00e9l\u00e9v\/Semester T\u00e9mak\u00f6r\/Fach \u00d3rasz\u00e1m\/Anzahl der Lehrstunden (el\u0151ad\u00e1s\/gyakorlat) Az \u00e9rt\u00e9kel\u00e9s m\u00f3dja Evaluierung (gyakorlati jegy, vizsga, szigorlat) Kredit 4. Klinische Prop\u00e4deutik 15\/30 Kolloquium 2 El\u0151tanulm\u00e1nyi felt\u00e9telek: Kurze<\/p>\n","protected":false},"author":3837,"featured_media":0,"parent":678,"menu_order":157,"comment_status":"closed","ping_status":"closed","template":"","meta":{"_acf_changed":false,"footnotes":""},"categories":[65],"tags":[],"class_list":["post-10324","page","type-page","status-publish","hentry","category-kurse"],"acf":[],"_links":{"self":[{"href":"https:\/\/univet.hu\/de\/wp-json\/wp\/v2\/pages\/10324","targetHints":{"allow":["GET"]}}],"collection":[{"href":"https:\/\/univet.hu\/de\/wp-json\/wp\/v2\/pages"}],"about":[{"href":"https:\/\/univet.hu\/de\/wp-json\/wp\/v2\/types\/page"}],"author":[{"embeddable":true,"href":"https:\/\/univet.hu\/de\/wp-json\/wp\/v2\/users\/3837"}],"replies":[{"embeddable":true,"href":"https:\/\/univet.hu\/de\/wp-json\/wp\/v2\/comments?post=10324"}],"version-history":[{"count":2,"href":"https:\/\/univet.hu\/de\/wp-json\/wp\/v2\/pages\/10324\/revisions"}],"predecessor-version":[{"id":198822,"href":"https:\/\/univet.hu\/de\/wp-json\/wp\/v2\/pages\/10324\/revisions\/198822"}],"up":[{"embeddable":true,"href":"https:\/\/univet.hu\/de\/wp-json\/wp\/v2\/pages\/678"}],"wp:attachment":[{"href":"https:\/\/univet.hu\/de\/wp-json\/wp\/v2\/media?parent=10324"}],"wp:term":[{"taxonomy":"category","embeddable":true,"href":"https:\/\/univet.hu\/de\/wp-json\/wp\/v2\/categories?post=10324"},{"taxonomy":"post_tag","embeddable":true,"href":"https:\/\/univet.hu\/de\/wp-json\/wp\/v2\/tags?post=10324"}],"curies":[{"name":"wp","href":"https:\/\/api.w.org\/{rel}","templated":true}]}}