{"id":10326,"date":"1970-01-01T00:00:00","date_gmt":"1969-12-31T23:00:00","guid":{"rendered":"http:\/\/univet.hu\/studenten\/kurse\/labor-und-ziertierkunde\/"},"modified":"2026-02-10T00:05:40","modified_gmt":"2026-02-09T23:05:40","slug":"labor-und-ziertierkunde","status":"publish","type":"page","link":"https:\/\/univet.hu\/de\/studenten\/kurse\/labor-und-ziertierkunde\/","title":{"rendered":"Labor- und Ziertierkunde"},"content":{"rendered":"<p>\u00dcbergeben theoretische und praktische Wissen \u00fcber Tiermodelle, tierische<br \/> Wohlbefinden, Grundlage von der Biologie, Haltung, Zucht-Genetik und F\u00fctterung von wichtigsten Versuchs- und Ziertieren. Ethische Aspekte, alternativ Methoden, tierische<br \/> Rechte.<\/p> <p>Lehrer: Dr. S\u00e1ndor Gy\u00f6rgy Fekete, Univ. Prof, DVM, PhD, DSc<\/p> <p>Zeit: III-IV. Semester<\/p> <p>STUDIENPLAN<\/p> <p>1. St.: Tierische Modell. Wissenschaftsphylosophische Fragen.<\/p> <p>2. St.: Biologie von wichtigsten Versuchs- und Ziertieren I: Pflanzenfresser und<br \/> Omnivoren (Invertebraten inkl.)<\/p> <p>3. St.: Biologie von wichtigsten Versuchs- und Ziertieren I: Fleischfresser und V\u00f6gel<br \/> (Invertebraten inkl.<\/p> <p>4. St.: Alternativen f\u00fcr Tierversuchen. Prinzip von 3 R?.<\/p> <p>5. St.: Genetische Standardisierung. Transgenische Tiere. Genetische Qualit\u00e4tskontroll.<\/p> <p>6. St.: Mikrobiologische Standardisierung. Wichtigste Zoonosen.<\/p> <p>7. St.: Umweltbedingungen: Haltung, Zucht und hygienische Kategorien.<\/p> <p>8. St.: Versuchsplan. Organisieren und verwirklichen ein Tierversuch.<br \/> Anaesthesia und Analgesia. Allergiegefahr.<\/p> <p>9. St.: Wichtigste Tiermodelle in Grundforschung (z.B. Caenorhabditis-apoptosis).<\/p> <p>10. St.: Wichtigste Tiermodelle in der angewandte Forschung (z.B. ob\/ob Maus).<\/p> <p>11. St.: Andere aktuelle Tiermodelle (Nutrigenomik, Krebsforschung, Psychologie).<\/p> <p>12. St.: Stress, Distress und Wohlbefinden. Erkennung von Schmerz und Leiden ihre Prevetion und Verminderung. Umweltanreicherung als dritte R.<\/p> <p>3. St.: Theorethische Basis von Bioethik. Utilitarismus, Neo-Kantismus und tierische Rechte. Deutsche Konstitution.<\/p> <p>14. St.: Tierversuche und Tierschutz. Ethische Aspekte von in vivo Versuchen.<br \/> Singer, Regan, Garner und Desmond Morris.<\/p> <p>15. St.: ?\u00dcbermenschlische? Begebungen von Tieren (Ultraschall, elektromagnetische Feld, Erdbeben, Pheromonen u.s.w.)<\/p> <p>Bemerkung: Dieses Thematik ist \u00fcbereinstimmt mit der FELASA ?A?-Erforderungen<\/p> <p>&nbsp;<\/p> <p>Literatur:<\/p> <p>? Van Zutphen, L.F.M., Bauman, V., Beynen, A.C. (1993): Principles of<br \/> Laboratory Animal Science. Elsevier. Amsterdam, Deutsche \u00dcbersetzung<br \/> ? Weiss, J. , Maess, J., Nebendahl, K. und Rossbach, W. (1996): Haus- und<br \/> Versuchstierpflege. Gustav Fischer. Stuttgart-Jena-New York<br \/> ? NRC (1986): Nutrient requirements of laboratory rodents. Washington, DC<br \/> ? Svedsen, P. &#8211; Hau, J. (Eds (2004): Handbook of Laboratory Animal Sciencs. CRC Press. Boca Raton, Fla.<br \/> ? Regan, T. (1983): The case of animal rights. Univ. California Press. Berkeley. Los Angeles<\/p> <p>PLACE: Animal Breeding Hall<br \/> REQUIREMENT: min 25 persons<\/p> <p>ENROLLMENT:<br \/> &#8211; email:<br \/> <a class=\"decrypt\" rel=\"Gflfuf\/TboepsAbpul\/t{jf\/iv\" href=\"javascript:void(0);\">[Click to see email]<\/a><\/p> <p>&nbsp;<\/p>","protected":false},"excerpt":{"rendered":"<p>\u00dcbergeben theoretische und praktische Wissen \u00fcber Tiermodelle, tierische Wohlbefinden, Grundlage von der Biologie, Haltung, Zucht-Genetik und F\u00fctterung von wichtigsten Versuchs- und Ziertieren. Ethische Aspekte, alternativ Methoden, tierische Rechte. Lehrer: Dr. S\u00e1ndor Gy\u00f6rgy Fekete, Univ. Prof, DVM, PhD, DSc Zeit: III-IV. Semester STUDIENPLAN 1. St.: Tierische Modell. Wissenschaftsphylosophische Fragen. 2. St.: Biologie von wichtigsten Versuchs- und<\/p>\n","protected":false},"author":3837,"featured_media":0,"parent":678,"menu_order":157,"comment_status":"closed","ping_status":"closed","template":"","meta":{"_acf_changed":false,"footnotes":""},"categories":[65],"tags":[],"class_list":["post-10326","page","type-page","status-publish","hentry","category-kurse"],"acf":[],"_links":{"self":[{"href":"https:\/\/univet.hu\/de\/wp-json\/wp\/v2\/pages\/10326","targetHints":{"allow":["GET"]}}],"collection":[{"href":"https:\/\/univet.hu\/de\/wp-json\/wp\/v2\/pages"}],"about":[{"href":"https:\/\/univet.hu\/de\/wp-json\/wp\/v2\/types\/page"}],"author":[{"embeddable":true,"href":"https:\/\/univet.hu\/de\/wp-json\/wp\/v2\/users\/3837"}],"replies":[{"embeddable":true,"href":"https:\/\/univet.hu\/de\/wp-json\/wp\/v2\/comments?post=10326"}],"version-history":[{"count":2,"href":"https:\/\/univet.hu\/de\/wp-json\/wp\/v2\/pages\/10326\/revisions"}],"predecessor-version":[{"id":198824,"href":"https:\/\/univet.hu\/de\/wp-json\/wp\/v2\/pages\/10326\/revisions\/198824"}],"up":[{"embeddable":true,"href":"https:\/\/univet.hu\/de\/wp-json\/wp\/v2\/pages\/678"}],"wp:attachment":[{"href":"https:\/\/univet.hu\/de\/wp-json\/wp\/v2\/media?parent=10326"}],"wp:term":[{"taxonomy":"category","embeddable":true,"href":"https:\/\/univet.hu\/de\/wp-json\/wp\/v2\/categories?post=10326"},{"taxonomy":"post_tag","embeddable":true,"href":"https:\/\/univet.hu\/de\/wp-json\/wp\/v2\/tags?post=10326"}],"curies":[{"name":"wp","href":"https:\/\/api.w.org\/{rel}","templated":true}]}}