{"id":10327,"date":"1970-01-01T00:00:00","date_gmt":"1969-12-31T23:00:00","guid":{"rendered":"http:\/\/univet.hu\/studenten\/kurse\/labormessmethoden\/"},"modified":"2026-02-10T00:05:41","modified_gmt":"2026-02-09T23:05:41","slug":"labormessmethoden","status":"publish","type":"page","link":"https:\/\/univet.hu\/de\/studenten\/kurse\/labormessmethoden\/","title":{"rendered":"Labormessmethoden"},"content":{"rendered":"<p>Ziel des Unterrichtes:<\/p> <p>Identifizierung and quantitative Bestimmung der Biomolek\u00fcle, Arznei, Verunreinigungen in der Umwelt und in den Organismen, usw.; Monitoring der Biovorg\u00e4nge.<\/p> <p>Vorkenntnisse: Fach Chemie (bestandene Pr\u00fcfung)<\/p>","protected":false},"excerpt":{"rendered":"<p>Ziel des Unterrichtes: Identifizierung and quantitative Bestimmung der Biomolek\u00fcle, Arznei, Verunreinigungen in der Umwelt und in den Organismen, usw.; Monitoring der Biovorg\u00e4nge. Vorkenntnisse: Fach Chemie (bestandene Pr\u00fcfung)<\/p>\n","protected":false},"author":3837,"featured_media":0,"parent":678,"menu_order":157,"comment_status":"closed","ping_status":"closed","template":"","meta":{"_acf_changed":false,"footnotes":""},"categories":[65],"tags":[],"class_list":["post-10327","page","type-page","status-publish","hentry","category-kurse"],"acf":[],"_links":{"self":[{"href":"https:\/\/univet.hu\/de\/wp-json\/wp\/v2\/pages\/10327","targetHints":{"allow":["GET"]}}],"collection":[{"href":"https:\/\/univet.hu\/de\/wp-json\/wp\/v2\/pages"}],"about":[{"href":"https:\/\/univet.hu\/de\/wp-json\/wp\/v2\/types\/page"}],"author":[{"embeddable":true,"href":"https:\/\/univet.hu\/de\/wp-json\/wp\/v2\/users\/3837"}],"replies":[{"embeddable":true,"href":"https:\/\/univet.hu\/de\/wp-json\/wp\/v2\/comments?post=10327"}],"version-history":[{"count":2,"href":"https:\/\/univet.hu\/de\/wp-json\/wp\/v2\/pages\/10327\/revisions"}],"predecessor-version":[{"id":198825,"href":"https:\/\/univet.hu\/de\/wp-json\/wp\/v2\/pages\/10327\/revisions\/198825"}],"up":[{"embeddable":true,"href":"https:\/\/univet.hu\/de\/wp-json\/wp\/v2\/pages\/678"}],"wp:attachment":[{"href":"https:\/\/univet.hu\/de\/wp-json\/wp\/v2\/media?parent=10327"}],"wp:term":[{"taxonomy":"category","embeddable":true,"href":"https:\/\/univet.hu\/de\/wp-json\/wp\/v2\/categories?post=10327"},{"taxonomy":"post_tag","embeddable":true,"href":"https:\/\/univet.hu\/de\/wp-json\/wp\/v2\/tags?post=10327"}],"curies":[{"name":"wp","href":"https:\/\/api.w.org\/{rel}","templated":true}]}}