{"id":10329,"date":"1970-01-01T00:00:00","date_gmt":"1969-12-31T23:00:00","guid":{"rendered":"http:\/\/univet.hu\/studenten\/kurse\/latein-fur-den-deutschen-studiengang-2\/"},"modified":"2026-02-10T00:05:41","modified_gmt":"2026-02-09T23:05:41","slug":"latein-fur-den-deutschen-studiengang-2","status":"publish","type":"page","link":"https:\/\/univet.hu\/de\/studenten\/kurse\/latein-fur-den-deutschen-studiengang-2\/","title":{"rendered":"Latein f\u00fcr den deutschen Studiengang 2"},"content":{"rendered":"<p>Das Ziel des Studienfachs besteht darin, durch Vermittlung der Grundlagen der lateinischen Sprache den Studenten das Verst\u00e4ndnis und die Anwendung der auf der lateinischen Terminologie aufbauenden veterin\u00e4rmedizinischen Fachsprache zu erm\u00f6glichen.<\/p>","protected":false},"excerpt":{"rendered":"<p>Das Ziel des Studienfachs besteht darin, durch Vermittlung der Grundlagen der lateinischen Sprache den Studenten das Verst\u00e4ndnis und die Anwendung der auf der lateinischen Terminologie aufbauenden veterin\u00e4rmedizinischen Fachsprache zu erm\u00f6glichen.<\/p>\n","protected":false},"author":3837,"featured_media":0,"parent":678,"menu_order":157,"comment_status":"closed","ping_status":"closed","template":"","meta":{"_acf_changed":false,"footnotes":""},"categories":[65],"tags":[],"class_list":["post-10329","page","type-page","status-publish","hentry","category-kurse"],"acf":[],"_links":{"self":[{"href":"https:\/\/univet.hu\/de\/wp-json\/wp\/v2\/pages\/10329","targetHints":{"allow":["GET"]}}],"collection":[{"href":"https:\/\/univet.hu\/de\/wp-json\/wp\/v2\/pages"}],"about":[{"href":"https:\/\/univet.hu\/de\/wp-json\/wp\/v2\/types\/page"}],"author":[{"embeddable":true,"href":"https:\/\/univet.hu\/de\/wp-json\/wp\/v2\/users\/3837"}],"replies":[{"embeddable":true,"href":"https:\/\/univet.hu\/de\/wp-json\/wp\/v2\/comments?post=10329"}],"version-history":[{"count":2,"href":"https:\/\/univet.hu\/de\/wp-json\/wp\/v2\/pages\/10329\/revisions"}],"predecessor-version":[{"id":198827,"href":"https:\/\/univet.hu\/de\/wp-json\/wp\/v2\/pages\/10329\/revisions\/198827"}],"up":[{"embeddable":true,"href":"https:\/\/univet.hu\/de\/wp-json\/wp\/v2\/pages\/678"}],"wp:attachment":[{"href":"https:\/\/univet.hu\/de\/wp-json\/wp\/v2\/media?parent=10329"}],"wp:term":[{"taxonomy":"category","embeddable":true,"href":"https:\/\/univet.hu\/de\/wp-json\/wp\/v2\/categories?post=10329"},{"taxonomy":"post_tag","embeddable":true,"href":"https:\/\/univet.hu\/de\/wp-json\/wp\/v2\/tags?post=10329"}],"curies":[{"name":"wp","href":"https:\/\/api.w.org\/{rel}","templated":true}]}}