{"id":10334,"date":"1970-01-01T00:00:00","date_gmt":"1969-12-31T23:00:00","guid":{"rendered":"http:\/\/univet.hu\/studenten\/kurse\/tierschutz-2\/"},"modified":"2026-02-10T00:05:42","modified_gmt":"2026-02-09T23:05:42","slug":"tierschutz","status":"publish","type":"page","link":"https:\/\/univet.hu\/de\/studenten\/kurse\/tierschutz\/","title":{"rendered":"Tierschutz"},"content":{"rendered":"<h4>Beantwortlich des PflichtFaches:<\/h4> <p>Univ. Doz. Kinga Fodor Ph.D<\/p> <p><a class=\"decrypt\" rel=\"gpeps\/ljohbAvojwfu\/iv\" href=\"javascript:void(0);\">[Click to see email]<\/a><\/p> <p>Beitragende Lehrer<\/p> <ul> <li>Dr. Gabriella Kors\u00f3s, Assistenz Forschung<\/li> <li>Dr. Annamaria Kiss, PhD. student<\/li> <li>G\u00e1bor Lor\u00e1szk\u00f3,\u00a0Sachverst\u00e4ndiger f\u00fcr Rechtsmedizin<\/li> <\/ul> <p>&nbsp;<\/p> <p>&nbsp;<\/p>","protected":false},"excerpt":{"rendered":"<p>Beantwortlich des PflichtFaches: Univ. Doz. Kinga Fodor Ph.D [Click to see email] Beitragende Lehrer Dr. Gabriella Kors\u00f3s, Assistenz Forschung Dr. Annamaria Kiss, PhD. student G\u00e1bor Lor\u00e1szk\u00f3,\u00a0Sachverst\u00e4ndiger f\u00fcr Rechtsmedizin &nbsp; &nbsp;<\/p>\n","protected":false},"author":3837,"featured_media":0,"parent":678,"menu_order":157,"comment_status":"closed","ping_status":"closed","template":"","meta":{"_acf_changed":false,"footnotes":""},"categories":[65],"tags":[],"class_list":["post-10334","page","type-page","status-publish","hentry","category-kurse"],"acf":[],"_links":{"self":[{"href":"https:\/\/univet.hu\/de\/wp-json\/wp\/v2\/pages\/10334","targetHints":{"allow":["GET"]}}],"collection":[{"href":"https:\/\/univet.hu\/de\/wp-json\/wp\/v2\/pages"}],"about":[{"href":"https:\/\/univet.hu\/de\/wp-json\/wp\/v2\/types\/page"}],"author":[{"embeddable":true,"href":"https:\/\/univet.hu\/de\/wp-json\/wp\/v2\/users\/3837"}],"replies":[{"embeddable":true,"href":"https:\/\/univet.hu\/de\/wp-json\/wp\/v2\/comments?post=10334"}],"version-history":[{"count":2,"href":"https:\/\/univet.hu\/de\/wp-json\/wp\/v2\/pages\/10334\/revisions"}],"predecessor-version":[{"id":198828,"href":"https:\/\/univet.hu\/de\/wp-json\/wp\/v2\/pages\/10334\/revisions\/198828"}],"up":[{"embeddable":true,"href":"https:\/\/univet.hu\/de\/wp-json\/wp\/v2\/pages\/678"}],"wp:attachment":[{"href":"https:\/\/univet.hu\/de\/wp-json\/wp\/v2\/media?parent=10334"}],"wp:term":[{"taxonomy":"category","embeddable":true,"href":"https:\/\/univet.hu\/de\/wp-json\/wp\/v2\/categories?post=10334"},{"taxonomy":"post_tag","embeddable":true,"href":"https:\/\/univet.hu\/de\/wp-json\/wp\/v2\/tags?post=10334"}],"curies":[{"name":"wp","href":"https:\/\/api.w.org\/{rel}","templated":true}]}}