{"id":10335,"date":"1970-01-01T00:00:00","date_gmt":"1969-12-31T23:00:00","guid":{"rendered":"http:\/\/univet.hu\/studenten\/kurse\/tierzucht\/"},"modified":"2026-02-10T00:05:42","modified_gmt":"2026-02-09T23:05:42","slug":"tierzucht","status":"publish","type":"page","link":"https:\/\/univet.hu\/de\/studenten\/kurse\/tierzucht\/","title":{"rendered":"Tierzucht"},"content":{"rendered":"<p><span style=\"color: #ff0000;\"><span class=\"VIiyi\" lang=\"de\"><span class=\"JLqJ4b ChMk0b\" data-language-for-alternatives=\"de\" data-language-to-translate-into=\"hu\" data-phrase-index=\"0\">Inaktive Pr\u00fcfung<\/span><\/span><strong><span class=\"VIiyi\" lang=\"de\"><span class=\"JLqJ4b ChMk0b\" data-language-for-alternatives=\"de\" data-language-to-translate-into=\"hu\" data-phrase-index=\"0\"> 06.09.2021.<\/span> <span class=\"JLqJ4b ChMk0b\" data-language-for-alternatives=\"de\" data-language-to-translate-into=\"hu\" data-phrase-index=\"1\">8:00!<\/span><\/span> <\/strong><\/span><\/p> <p>Voraussetzungen: Pr\u00fcfung in Tierzucht und Genetik I.<\/p> <p>Diese Lehrveranstaltungen befassen sich mit den speziellen Merkmalen, Zuchtwerten, Zuchtmethoden und Produktionstechnologien der wichtigsten Hauss\u00e4ugetieren, wie Pferd, Rind, Schaf, Ziege, Schwein, Hund und Katze, weiterhin der H\u00fchner-, Puten-, Wassergefl\u00fcgel und anderen Gefl\u00fcgelrassen.<\/p> <p>Verantwortlich: Doz. Dr. habil. Andr\u00e1s G\u00c1SP\u00c1RDY, PhD<\/p> <p>Vortragenden:Z.L.: Prof. L\u00e1szl\u00f3 Z\u00d6LD\u00c1G, PhD, DSc,<br \/> G.A.: Doz. Dr. habil. Andr\u00e1s G\u00c1SP\u00c1RDY, PhD<\/p> <p>M.\u00c1.: Doz. \u00c1kos MAR\u00d3TI-AG\u00d3TS PHD<\/p> <p>ZP: Frau Petra ZENKE PHD,\u00a0<em>Tutor des deutschen Kurses<\/em><\/p> <p>Vorlesungen: 2 x 2 Stunden\/Woche<br \/> \u00dcbungen: 2 Stunden\/Woche<\/p> <p><a href=\"https:\/\/univet.hu\/wp-content\/uploads\/2019\/06\/KURSBESCHREIBUNG-TIERZUCHT.pdf\" target=\"_blank\" rel=\"noopener\">KURSBESCHREIBUNG<\/a><\/p>","protected":false},"excerpt":{"rendered":"<p>Inaktive Pr\u00fcfung 06.09.2021. 8:00! Voraussetzungen: Pr\u00fcfung in Tierzucht und Genetik I. Diese Lehrveranstaltungen befassen sich mit den speziellen Merkmalen, Zuchtwerten, Zuchtmethoden und Produktionstechnologien der wichtigsten Hauss\u00e4ugetieren, wie Pferd, Rind, Schaf, Ziege, Schwein, Hund und Katze, weiterhin der H\u00fchner-, Puten-, Wassergefl\u00fcgel und anderen Gefl\u00fcgelrassen. Verantwortlich: Doz. Dr. habil. Andr\u00e1s G\u00c1SP\u00c1RDY, PhD Vortragenden:Z.L.: Prof. L\u00e1szl\u00f3 Z\u00d6LD\u00c1G, PhD,<\/p>\n","protected":false},"author":3837,"featured_media":0,"parent":678,"menu_order":157,"comment_status":"closed","ping_status":"closed","template":"","meta":{"_acf_changed":false,"footnotes":""},"categories":[65],"tags":[],"class_list":["post-10335","page","type-page","status-publish","hentry","category-kurse"],"acf":[],"_links":{"self":[{"href":"https:\/\/univet.hu\/de\/wp-json\/wp\/v2\/pages\/10335","targetHints":{"allow":["GET"]}}],"collection":[{"href":"https:\/\/univet.hu\/de\/wp-json\/wp\/v2\/pages"}],"about":[{"href":"https:\/\/univet.hu\/de\/wp-json\/wp\/v2\/types\/page"}],"author":[{"embeddable":true,"href":"https:\/\/univet.hu\/de\/wp-json\/wp\/v2\/users\/3837"}],"replies":[{"embeddable":true,"href":"https:\/\/univet.hu\/de\/wp-json\/wp\/v2\/comments?post=10335"}],"version-history":[{"count":2,"href":"https:\/\/univet.hu\/de\/wp-json\/wp\/v2\/pages\/10335\/revisions"}],"predecessor-version":[{"id":198829,"href":"https:\/\/univet.hu\/de\/wp-json\/wp\/v2\/pages\/10335\/revisions\/198829"}],"up":[{"embeddable":true,"href":"https:\/\/univet.hu\/de\/wp-json\/wp\/v2\/pages\/678"}],"wp:attachment":[{"href":"https:\/\/univet.hu\/de\/wp-json\/wp\/v2\/media?parent=10335"}],"wp:term":[{"taxonomy":"category","embeddable":true,"href":"https:\/\/univet.hu\/de\/wp-json\/wp\/v2\/categories?post=10335"},{"taxonomy":"post_tag","embeddable":true,"href":"https:\/\/univet.hu\/de\/wp-json\/wp\/v2\/tags?post=10335"}],"curies":[{"name":"wp","href":"https:\/\/api.w.org\/{rel}","templated":true}]}}