{"id":10340,"date":"1970-01-01T00:00:00","date_gmt":"1969-12-31T23:00:00","guid":{"rendered":"http:\/\/univet.hu\/studenten\/kurse\/veterinarbiochemie-ii\/"},"modified":"2026-02-10T00:05:43","modified_gmt":"2026-02-09T23:05:43","slug":"veterinarbiochemie-ii","status":"publish","type":"page","link":"https:\/\/univet.hu\/de\/studenten\/kurse\/veterinarbiochemie-ii\/","title":{"rendered":"Veterin\u00e4rbiochemie II"},"content":{"rendered":"<p>Intermedi\u00e4rstoffwechsel: Kohlenhydrat-, Aminos\u00e4ure- und Lipidstoffwechsel. Biochemische Charakterisierung der Organe. Biochemie des Wiederk\u00e4uers. Biochemie der Vitamine. Molekulare Grundlagen der metabolischen Krankheiten.<\/p>","protected":false},"excerpt":{"rendered":"<p>Intermedi\u00e4rstoffwechsel: Kohlenhydrat-, Aminos\u00e4ure- und Lipidstoffwechsel. Biochemische Charakterisierung der Organe. Biochemie des Wiederk\u00e4uers. Biochemie der Vitamine. Molekulare Grundlagen der metabolischen Krankheiten.<\/p>\n","protected":false},"author":3837,"featured_media":0,"parent":678,"menu_order":157,"comment_status":"closed","ping_status":"closed","template":"","meta":{"_acf_changed":false,"footnotes":""},"categories":[65],"tags":[],"class_list":["post-10340","page","type-page","status-publish","hentry","category-kurse"],"acf":[],"_links":{"self":[{"href":"https:\/\/univet.hu\/de\/wp-json\/wp\/v2\/pages\/10340","targetHints":{"allow":["GET"]}}],"collection":[{"href":"https:\/\/univet.hu\/de\/wp-json\/wp\/v2\/pages"}],"about":[{"href":"https:\/\/univet.hu\/de\/wp-json\/wp\/v2\/types\/page"}],"author":[{"embeddable":true,"href":"https:\/\/univet.hu\/de\/wp-json\/wp\/v2\/users\/3837"}],"replies":[{"embeddable":true,"href":"https:\/\/univet.hu\/de\/wp-json\/wp\/v2\/comments?post=10340"}],"version-history":[{"count":2,"href":"https:\/\/univet.hu\/de\/wp-json\/wp\/v2\/pages\/10340\/revisions"}],"predecessor-version":[{"id":198831,"href":"https:\/\/univet.hu\/de\/wp-json\/wp\/v2\/pages\/10340\/revisions\/198831"}],"up":[{"embeddable":true,"href":"https:\/\/univet.hu\/de\/wp-json\/wp\/v2\/pages\/678"}],"wp:attachment":[{"href":"https:\/\/univet.hu\/de\/wp-json\/wp\/v2\/media?parent=10340"}],"wp:term":[{"taxonomy":"category","embeddable":true,"href":"https:\/\/univet.hu\/de\/wp-json\/wp\/v2\/categories?post=10340"},{"taxonomy":"post_tag","embeddable":true,"href":"https:\/\/univet.hu\/de\/wp-json\/wp\/v2\/tags?post=10340"}],"curies":[{"name":"wp","href":"https:\/\/api.w.org\/{rel}","templated":true}]}}