{"id":10341,"date":"1970-01-01T00:00:00","date_gmt":"1969-12-31T23:00:00","guid":{"rendered":"http:\/\/univet.hu\/studenten\/kurse\/veterinarmedizinische-genetik\/"},"modified":"2026-02-10T00:05:44","modified_gmt":"2026-02-09T23:05:44","slug":"veterinarmedizinische-genetik","status":"publish","type":"page","link":"https:\/\/univet.hu\/de\/studenten\/kurse\/veterinarmedizinische-genetik\/","title":{"rendered":"Veterin\u00e4rmedizinische Genetik"},"content":{"rendered":"<p>Dieses Lehrfach liegt einen besonderen Wert auf den Unterricht der mendelschen, Immuno-, klinischen (Erbkrankheiten), Populations- und Molekulargenetik, sowie auf Tierzucht-Biotechnologie und Konservierung der genetischen Ressourcen. Methoden der Zuchtwertsch\u00e4tzung, Selektion, Veredelung, und Tierhaltungstechnologien werden auch synthetisiert, mit Hilfe der neuesten Kenntnisse der klassischen mendelschen, Populations- und Molekulargenetik.<\/p> <p>Verantwortlich:<br \/> Doz. Dr. habil. Andr\u00e1s G\u00c1SP\u00c1RDY, PhD<\/p> <p>Vortragenden:<br \/> Z.L.: Prof. L\u00e1szl\u00f3 Z\u00d6LD\u00c1G, PhD, DSc<br \/> G.A.: Doz. Dr. habil. Andr\u00e1s G\u00c1SP\u00c1RDY, PhD<br \/> M.A.: Dr. \u00c1kos MAR\u00d3TI-AG\u00d3TS, DVM, PhD<\/p> <p>Z.P:Frau Petra Zenke, Wiss. Mitarbeiter, Tutor des deutschen Kurses<\/p> <p>Vorlesungen: 2h\/Woche<br \/> \u00dcbungen: 2h\/Gruppe\/Woche<\/p> <p>&nbsp;<\/p>","protected":false},"excerpt":{"rendered":"<p>Dieses Lehrfach liegt einen besonderen Wert auf den Unterricht der mendelschen, Immuno-, klinischen (Erbkrankheiten), Populations- und Molekulargenetik, sowie auf Tierzucht-Biotechnologie und Konservierung der genetischen Ressourcen. Methoden der Zuchtwertsch\u00e4tzung, Selektion, Veredelung, und Tierhaltungstechnologien werden auch synthetisiert, mit Hilfe der neuesten Kenntnisse der klassischen mendelschen, Populations- und Molekulargenetik. Verantwortlich: Doz. Dr. habil. Andr\u00e1s G\u00c1SP\u00c1RDY, PhD Vortragenden: Z.L.:<\/p>\n","protected":false},"author":3837,"featured_media":0,"parent":678,"menu_order":157,"comment_status":"closed","ping_status":"closed","template":"","meta":{"_acf_changed":false,"footnotes":""},"categories":[65],"tags":[],"class_list":["post-10341","page","type-page","status-publish","hentry","category-kurse"],"acf":[],"_links":{"self":[{"href":"https:\/\/univet.hu\/de\/wp-json\/wp\/v2\/pages\/10341","targetHints":{"allow":["GET"]}}],"collection":[{"href":"https:\/\/univet.hu\/de\/wp-json\/wp\/v2\/pages"}],"about":[{"href":"https:\/\/univet.hu\/de\/wp-json\/wp\/v2\/types\/page"}],"author":[{"embeddable":true,"href":"https:\/\/univet.hu\/de\/wp-json\/wp\/v2\/users\/3837"}],"replies":[{"embeddable":true,"href":"https:\/\/univet.hu\/de\/wp-json\/wp\/v2\/comments?post=10341"}],"version-history":[{"count":2,"href":"https:\/\/univet.hu\/de\/wp-json\/wp\/v2\/pages\/10341\/revisions"}],"predecessor-version":[{"id":198832,"href":"https:\/\/univet.hu\/de\/wp-json\/wp\/v2\/pages\/10341\/revisions\/198832"}],"up":[{"embeddable":true,"href":"https:\/\/univet.hu\/de\/wp-json\/wp\/v2\/pages\/678"}],"wp:attachment":[{"href":"https:\/\/univet.hu\/de\/wp-json\/wp\/v2\/media?parent=10341"}],"wp:term":[{"taxonomy":"category","embeddable":true,"href":"https:\/\/univet.hu\/de\/wp-json\/wp\/v2\/categories?post=10341"},{"taxonomy":"post_tag","embeddable":true,"href":"https:\/\/univet.hu\/de\/wp-json\/wp\/v2\/tags?post=10341"}],"curies":[{"name":"wp","href":"https:\/\/api.w.org\/{rel}","templated":true}]}}