{"id":10342,"date":"1970-01-01T00:00:00","date_gmt":"1969-12-31T23:00:00","guid":{"rendered":"http:\/\/univet.hu\/studenten\/kurse\/veterinarmedizinische-klinische-genetik-wahlfach\/"},"modified":"2026-02-10T00:05:44","modified_gmt":"2026-02-09T23:05:44","slug":"veterinarmedizinische-klinische-genetik-wahlfach","status":"publish","type":"page","link":"https:\/\/univet.hu\/de\/studenten\/kurse\/veterinarmedizinische-klinische-genetik-wahlfach\/","title":{"rendered":"Veterin\u00e4rmedizinische klinische Genetik (Wahlfach)"},"content":{"rendered":"<p style=\"text-align: left;\"><span style=\"font-family: tahoma, arial, helvetica, sans-serif;\">Veterin\u00e4rmedizinische klinische Genetik (Wahlfach)<\/span><br \/> <span style=\"font-family: tahoma, arial, helvetica, sans-serif;\"> (F\u00fcr Studierenden im zweiten Studienjahr, 20 St. Vorlesungen \/ Kredit 2)<\/span><\/p> <p style=\"text-align: left;\"><span style=\"font-family: tahoma, arial, helvetica, sans-serif;\">Ziel des Wahlkurses:<\/span><\/p> <p style=\"text-align: left;\"><span style=\"font-family: tahoma, arial, helvetica, sans-serif;\">Vorstellung der neuesten Kenntnisse \u00fcber die Bedeutung der Erbkrankheiten der Haustiere, sowie \u00fcber die M\u00f6glichkeiten der Diagnostik und Vorbeuge, mit besonderer R\u00fccksicht auf die neusten Kenntnisse der Genomik (DNS Teste) und auf die Anwendungsm\u00f6glichkeiten in der Tierzucht und Veterin\u00e4rmedizin.<\/span><\/p> <p style=\"text-align: left;\"><span style=\"font-family: tahoma, arial, helvetica, sans-serif;\">Haltung in 5 Modulen ( 5 \u00d7 4 Stunden, freitags von 14 bis 18 Uhr).<\/span><\/p> <p style=\"text-align: left;\"><span style=\"font-family: tahoma, arial, helvetica, sans-serif;\">Vortragender: Prof. Z\u00f6ld\u00e1g L\u00e1szl\u00f3 PhD, DSc<\/span><\/p> <p style=\"text-align: left;\">","protected":false},"excerpt":{"rendered":"<p>Veterin\u00e4rmedizinische klinische Genetik (Wahlfach) (F\u00fcr Studierenden im zweiten Studienjahr, 20 St. Vorlesungen \/ Kredit 2) Ziel des Wahlkurses: Vorstellung der neuesten Kenntnisse \u00fcber die Bedeutung der Erbkrankheiten der Haustiere, sowie \u00fcber die M\u00f6glichkeiten der Diagnostik und Vorbeuge, mit besonderer R\u00fccksicht auf die neusten Kenntnisse der Genomik (DNS Teste) und auf die Anwendungsm\u00f6glichkeiten in der Tierzucht<\/p>\n","protected":false},"author":3837,"featured_media":0,"parent":678,"menu_order":157,"comment_status":"closed","ping_status":"closed","template":"","meta":{"_acf_changed":false,"footnotes":""},"categories":[65],"tags":[],"class_list":["post-10342","page","type-page","status-publish","hentry","category-kurse"],"acf":[],"_links":{"self":[{"href":"https:\/\/univet.hu\/de\/wp-json\/wp\/v2\/pages\/10342","targetHints":{"allow":["GET"]}}],"collection":[{"href":"https:\/\/univet.hu\/de\/wp-json\/wp\/v2\/pages"}],"about":[{"href":"https:\/\/univet.hu\/de\/wp-json\/wp\/v2\/types\/page"}],"author":[{"embeddable":true,"href":"https:\/\/univet.hu\/de\/wp-json\/wp\/v2\/users\/3837"}],"replies":[{"embeddable":true,"href":"https:\/\/univet.hu\/de\/wp-json\/wp\/v2\/comments?post=10342"}],"version-history":[{"count":2,"href":"https:\/\/univet.hu\/de\/wp-json\/wp\/v2\/pages\/10342\/revisions"}],"predecessor-version":[{"id":198833,"href":"https:\/\/univet.hu\/de\/wp-json\/wp\/v2\/pages\/10342\/revisions\/198833"}],"up":[{"embeddable":true,"href":"https:\/\/univet.hu\/de\/wp-json\/wp\/v2\/pages\/678"}],"wp:attachment":[{"href":"https:\/\/univet.hu\/de\/wp-json\/wp\/v2\/media?parent=10342"}],"wp:term":[{"taxonomy":"category","embeddable":true,"href":"https:\/\/univet.hu\/de\/wp-json\/wp\/v2\/categories?post=10342"},{"taxonomy":"post_tag","embeddable":true,"href":"https:\/\/univet.hu\/de\/wp-json\/wp\/v2\/tags?post=10342"}],"curies":[{"name":"wp","href":"https:\/\/api.w.org\/{rel}","templated":true}]}}