{"id":10343,"date":"1970-01-01T00:00:00","date_gmt":"1969-12-31T23:00:00","guid":{"rendered":"http:\/\/univet.hu\/studenten\/kurse\/veterinary-english-for-german-speaking-students\/"},"modified":"2026-02-10T00:05:36","modified_gmt":"2026-02-09T23:05:36","slug":"veterinary-english-for-german-speaking-students","status":"publish","type":"page","link":"https:\/\/univet.hu\/de\/studenten\/kurse\/veterinary-english-for-german-speaking-students\/","title":{"rendered":"Englische Fachsprache Veterin\u00e4rmedizin f\u00fcr deutschsprachige Studierende"},"content":{"rendered":"<p>Der Kurs bietet den Studierenden des Studienprogramms die M\u00f6glichkeit, alle vier Sprachfertigkeiten (Sprechen, Lesen, H\u00f6ren und Schreiben) zu \u00fcben, wissenschaftliches Vokabular f\u00fcr das Verst\u00e4ndnis wissenschaftlicher (Audio-)Texte zu erwerben und einen Einblick in das Fachvokabular auf dem Bereich der Veterin\u00e4rmedizin zu erhalten. Die kommunikativen Aufgaben konzentrieren sich auf die Interaktionen zwischen Besitzer und Tierarzt mit besonderem Schwerpunkt auf dem Stellen von Fragen (Anamnese), Erkl\u00e4ren (Diagnose, Behandlung und Ergebnis) und Beraten (Behandlungsm\u00f6glichkeiten und Nachsorge).<\/p>","protected":false},"excerpt":{"rendered":"<p>Der Kurs bietet den Studierenden des Studienprogramms die M\u00f6glichkeit, alle vier Sprachfertigkeiten (Sprechen, Lesen, H\u00f6ren und Schreiben) zu \u00fcben, wissenschaftliches Vokabular f\u00fcr das Verst\u00e4ndnis wissenschaftlicher (Audio-)Texte zu erwerben und einen Einblick in das Fachvokabular auf dem Bereich der Veterin\u00e4rmedizin zu erhalten. Die kommunikativen Aufgaben konzentrieren sich auf die Interaktionen zwischen Besitzer und Tierarzt mit besonderem<\/p>\n","protected":false},"author":3837,"featured_media":0,"parent":678,"menu_order":157,"comment_status":"closed","ping_status":"closed","template":"","meta":{"_acf_changed":false,"footnotes":""},"categories":[65],"tags":[],"class_list":["post-10343","page","type-page","status-publish","hentry","category-kurse"],"acf":[],"_links":{"self":[{"href":"https:\/\/univet.hu\/de\/wp-json\/wp\/v2\/pages\/10343","targetHints":{"allow":["GET"]}}],"collection":[{"href":"https:\/\/univet.hu\/de\/wp-json\/wp\/v2\/pages"}],"about":[{"href":"https:\/\/univet.hu\/de\/wp-json\/wp\/v2\/types\/page"}],"author":[{"embeddable":true,"href":"https:\/\/univet.hu\/de\/wp-json\/wp\/v2\/users\/3837"}],"replies":[{"embeddable":true,"href":"https:\/\/univet.hu\/de\/wp-json\/wp\/v2\/comments?post=10343"}],"version-history":[{"count":2,"href":"https:\/\/univet.hu\/de\/wp-json\/wp\/v2\/pages\/10343\/revisions"}],"predecessor-version":[{"id":198814,"href":"https:\/\/univet.hu\/de\/wp-json\/wp\/v2\/pages\/10343\/revisions\/198814"}],"up":[{"embeddable":true,"href":"https:\/\/univet.hu\/de\/wp-json\/wp\/v2\/pages\/678"}],"wp:attachment":[{"href":"https:\/\/univet.hu\/de\/wp-json\/wp\/v2\/media?parent=10343"}],"wp:term":[{"taxonomy":"category","embeddable":true,"href":"https:\/\/univet.hu\/de\/wp-json\/wp\/v2\/categories?post=10343"},{"taxonomy":"post_tag","embeddable":true,"href":"https:\/\/univet.hu\/de\/wp-json\/wp\/v2\/tags?post=10343"}],"curies":[{"name":"wp","href":"https:\/\/api.w.org\/{rel}","templated":true}]}}