{"id":10344,"date":"1970-01-01T00:00:00","date_gmt":"1969-12-31T23:00:00","guid":{"rendered":"http:\/\/univet.hu\/studenten\/kurse\/zoologie\/"},"modified":"2026-02-10T00:05:44","modified_gmt":"2026-02-09T23:05:44","slug":"zoologie","status":"publish","type":"page","link":"https:\/\/univet.hu\/de\/studenten\/kurse\/zoologie\/","title":{"rendered":"Zoologie"},"content":{"rendered":"<p>Dieses Subjekt f\u00fcr die Tierarzt Studenten ist an Zootaxonomie gegr\u00fcndet. Das Ziel ist die umfassende Informationen von das Tier Reich zu geben, konzentrieren auf die Klassen und vergleichende Merkmalen, die f\u00fcr die weitere Studien wichtig sind. Nach die kurze Einf\u00fchrung die generale Zootaxonomie sind diskutiert, fokussierende auf die wichtigste Phyla zum Beispiel Protozoa, Schw\u00e4mme, Nesseltiere, Plattenw\u00fcrme, Fadenw\u00fcrme, Ringelw\u00fcrme, Weichtiere, Arthropoden, Stachelh\u00e4utern und die Subphyla Chordatiere (Fische, Lurche, Kriechtiere, V\u00f6gel, S\u00e4ugetiere). Nach dieser Teil kommen die Evolutionsbiologie, die \u00d6kologie und die Verhaltensbiologie. Zoologie ist eine wichtige Vorsetzung f\u00fcr Parasitologie und anderen Gegenst\u00e4nde.<\/p>","protected":false},"excerpt":{"rendered":"<p>Dieses Subjekt f\u00fcr die Tierarzt Studenten ist an Zootaxonomie gegr\u00fcndet. Das Ziel ist die umfassende Informationen von das Tier Reich zu geben, konzentrieren auf die Klassen und vergleichende Merkmalen, die f\u00fcr die weitere Studien wichtig sind. Nach die kurze Einf\u00fchrung die generale Zootaxonomie sind diskutiert, fokussierende auf die wichtigste Phyla zum Beispiel Protozoa, Schw\u00e4mme, Nesseltiere,<\/p>\n","protected":false},"author":3837,"featured_media":0,"parent":678,"menu_order":157,"comment_status":"closed","ping_status":"closed","template":"","meta":{"_acf_changed":false,"footnotes":""},"categories":[65],"tags":[],"class_list":["post-10344","page","type-page","status-publish","hentry","category-kurse"],"acf":[],"_links":{"self":[{"href":"https:\/\/univet.hu\/de\/wp-json\/wp\/v2\/pages\/10344","targetHints":{"allow":["GET"]}}],"collection":[{"href":"https:\/\/univet.hu\/de\/wp-json\/wp\/v2\/pages"}],"about":[{"href":"https:\/\/univet.hu\/de\/wp-json\/wp\/v2\/types\/page"}],"author":[{"embeddable":true,"href":"https:\/\/univet.hu\/de\/wp-json\/wp\/v2\/users\/3837"}],"replies":[{"embeddable":true,"href":"https:\/\/univet.hu\/de\/wp-json\/wp\/v2\/comments?post=10344"}],"version-history":[{"count":2,"href":"https:\/\/univet.hu\/de\/wp-json\/wp\/v2\/pages\/10344\/revisions"}],"predecessor-version":[{"id":198834,"href":"https:\/\/univet.hu\/de\/wp-json\/wp\/v2\/pages\/10344\/revisions\/198834"}],"up":[{"embeddable":true,"href":"https:\/\/univet.hu\/de\/wp-json\/wp\/v2\/pages\/678"}],"wp:attachment":[{"href":"https:\/\/univet.hu\/de\/wp-json\/wp\/v2\/media?parent=10344"}],"wp:term":[{"taxonomy":"category","embeddable":true,"href":"https:\/\/univet.hu\/de\/wp-json\/wp\/v2\/categories?post=10344"},{"taxonomy":"post_tag","embeddable":true,"href":"https:\/\/univet.hu\/de\/wp-json\/wp\/v2\/tags?post=10344"}],"curies":[{"name":"wp","href":"https:\/\/api.w.org\/{rel}","templated":true}]}}