{"id":103820,"date":"2024-09-26T19:15:38","date_gmt":"2024-09-26T17:15:38","guid":{"rendered":"https:\/\/univet.hu\/?page_id=103820"},"modified":"2024-09-27T10:06:49","modified_gmt":"2024-09-27T08:06:49","slug":"beschwerdemanagement","status":"publish","type":"page","link":"https:\/\/univet.hu\/de\/beschwerdemanagement\/","title":{"rendered":"Beschwerdemanagement"},"content":{"rendered":"<p><span style=\"text-decoration: underline;\">Personal f\u00fcr die Beschwerden:<\/span><\/p> <p><strong>Angelegenheiten, die Studenten betreffen: Dr. G\u00e1bor Ament<\/strong><\/p> <p>Kontakt: 1078 Budapest, Istv\u00e1n\u00a0stra\u00dfe 2, Geb\u00e4ude H, 2. Stock, B\u00fcro 202, E-Mail: <a class=\"decrypt\" rel=\"dpnqmbjouAvojwfu\/iv\" href=\"javascript:void(0);\">[Click to see email]<\/a>, Telefon:+36 30 655 2978<\/p> <p><strong>Angelegenheiten, die Studenten und Mitarbeiter betreffen:<\/strong> <strong>Dr. Krist\u00f3f Attila Varga<\/strong><\/p> <p>Kontakt: 1078 Budapest, Istv\u00e1n stra\u00dfe 2, Geb\u00e4ude H, 2. Stock, B\u00fcro 202, E-Mail: <a class=\"decrypt\" rel=\"qbobt{Avojwfu\/iv\" href=\"javascript:void(0);\">[Click to see email]<\/a>, Telefon:+36 30 202 8021<\/p> <p>&nbsp;<\/p> <p>Ernennung:<\/p> <p><a href=\"https:\/\/univet.hu\/wp-content\/uploads\/2024\/09\/img-912123322-0001.pdf\">Dokumente zur Ernennung<\/a><\/p>","protected":false},"excerpt":{"rendered":"<p>Personal f\u00fcr die Beschwerden: Angelegenheiten, die Studenten betreffen: Dr. G\u00e1bor Ament Kontakt: 1078 Budapest, Istv\u00e1n\u00a0stra\u00dfe 2, Geb\u00e4ude H, 2. Stock, B\u00fcro 202, E-Mail: [Click to see email], Telefon:+36 30 655 2978 Angelegenheiten, die Studenten und Mitarbeiter betreffen: Dr. Krist\u00f3f Attila Varga Kontakt: 1078 Budapest, Istv\u00e1n stra\u00dfe 2, Geb\u00e4ude H, 2. Stock, B\u00fcro 202, E-Mail: [Click<\/p>\n","protected":false},"author":4844,"featured_media":0,"parent":0,"menu_order":0,"comment_status":"closed","ping_status":"closed","template":"","meta":{"_acf_changed":false,"footnotes":""},"categories":[],"tags":[],"class_list":["post-103820","page","type-page","status-publish","hentry"],"acf":[],"_links":{"self":[{"href":"https:\/\/univet.hu\/de\/wp-json\/wp\/v2\/pages\/103820","targetHints":{"allow":["GET"]}}],"collection":[{"href":"https:\/\/univet.hu\/de\/wp-json\/wp\/v2\/pages"}],"about":[{"href":"https:\/\/univet.hu\/de\/wp-json\/wp\/v2\/types\/page"}],"author":[{"embeddable":true,"href":"https:\/\/univet.hu\/de\/wp-json\/wp\/v2\/users\/4844"}],"replies":[{"embeddable":true,"href":"https:\/\/univet.hu\/de\/wp-json\/wp\/v2\/comments?post=103820"}],"version-history":[{"count":0,"href":"https:\/\/univet.hu\/de\/wp-json\/wp\/v2\/pages\/103820\/revisions"}],"wp:attachment":[{"href":"https:\/\/univet.hu\/de\/wp-json\/wp\/v2\/media?parent=103820"}],"wp:term":[{"taxonomy":"category","embeddable":true,"href":"https:\/\/univet.hu\/de\/wp-json\/wp\/v2\/categories?post=103820"},{"taxonomy":"post_tag","embeddable":true,"href":"https:\/\/univet.hu\/de\/wp-json\/wp\/v2\/tags?post=103820"}],"curies":[{"name":"wp","href":"https:\/\/api.w.org\/{rel}","templated":true}]}}