{"id":1106,"date":"2018-02-16T14:39:00","date_gmt":"2018-02-16T13:39:00","guid":{"rendered":"http:\/\/univet.hu\/die-universitaet\/video\/"},"modified":"2019-07-29T14:18:25","modified_gmt":"2019-07-29T12:18:25","slug":"video","status":"publish","type":"page","link":"https:\/\/univet.hu\/de\/universitaet\/video\/","title":{"rendered":"Video"},"content":{"rendered":"<p><iframe loading=\"lazy\" width=\"560\" height=\"315\" src=\"https:\/\/www.youtube.com\/embed\/IMmDPdLdp8Y\" frameborder=\"0\" allow=\"accelerometer; autoplay; encrypted-media; gyroscope; picture-in-picture\" allowfullscreen><\/iframe><\/p> <p><u><strong>2018.<\/strong><\/u><\/p> <ul> <li><a href=\"https:\/\/www.youtube.com\/watch?v=IMmDPdLdp8Y&amp;t=24s\" target=\"_blank\" rel=\"noopener\">Veterin\u00e4rmedizinische Universit\u00e4t\u00a0&#8211; Testiomonial Film<\/a><\/li> <\/ul> <p><u><strong>2017<\/strong><\/u><\/p> <ul> <li><a href=\"https:\/\/www.youtube.com\/watch?v=xxUqDRGr0DA&amp;feature=youtu.be\" target=\"_blank\" rel=\"noopener\">Veterin\u00e4rmedizinische Universit\u00e4t &#8211; Imagefilm<\/a><\/li> <li><a href=\"https:\/\/www.youtube.com\/watch?v=wtrsTPpDAhQ&amp;list=PLNTrw2ikYh1yfZgIg5XU_yKEqKOmXrQqs\" target=\"_blank\" rel=\"noopener\">Veterin\u00e4rmedizinische Universit\u00e4t\u00a0&#8211; Interaktiv video<\/a><\/li> <\/ul> <p><u><strong>2016<\/strong><\/u><\/p> <ul> <li><a href=\"https:\/\/www.youtube.com\/watch?v=yv-XnCd0LAs\">Diplomverleih (26.02.2016.)<\/a><\/li> <\/ul> <p><u><strong>2015<\/strong><\/u><\/p> <ul> <li><a href=\"https:\/\/www.youtube.com\/watch?v=fBD8ynWJ0Fg\" target=\"_blank\" rel=\"noopener\">Diplomverleih (13.03.2015.)<\/a><\/li> <li><a href=\"https:\/\/www.youtube.com\/watch?t=2&amp;v=DrHJKGI-ypo\" target=\"_blank\" rel=\"noopener\">Feierlichen Er\u00f6ffnung (04.09.2015.)<\/a><\/li> <\/ul> <p><u><strong>2014<\/strong><\/u><\/p> <ul> <li><a href=\"https:\/\/www.youtube.com\/watch?v=N6stgvRcJdM\" target=\"_blank\" rel=\"noopener\">Feierlichen Er\u00f6ffnung (29.08.2014.)<\/a><\/li> <li><a href=\"http:\/\/www.youtube.com\/watch?v=v-fxHKh0EeQ&amp;feature=youtu.be\" target=\"_blank\" rel=\"noopener\">Diplomverleih (01.03.2014.)<\/a><\/li> <\/ul>","protected":false},"excerpt":{"rendered":"<p>2018. Veterin\u00e4rmedizinische Universit\u00e4t\u00a0&#8211; Testiomonial Film 2017 Veterin\u00e4rmedizinische Universit\u00e4t &#8211; Imagefilm Veterin\u00e4rmedizinische Universit\u00e4t\u00a0&#8211; Interaktiv video 2016 Diplomverleih (26.02.2016.) 2015 Diplomverleih (13.03.2015.) Feierlichen Er\u00f6ffnung (04.09.2015.) 2014 Feierlichen Er\u00f6ffnung (29.08.2014.) Diplomverleih (01.03.2014.)<\/p>\n","protected":false},"author":1,"featured_media":0,"parent":335,"menu_order":326,"comment_status":"closed","ping_status":"closed","template":"","meta":{"_acf_changed":false,"footnotes":""},"categories":[],"tags":[],"class_list":["post-1106","page","type-page","status-publish","hentry"],"acf":[],"_links":{"self":[{"href":"https:\/\/univet.hu\/de\/wp-json\/wp\/v2\/pages\/1106","targetHints":{"allow":["GET"]}}],"collection":[{"href":"https:\/\/univet.hu\/de\/wp-json\/wp\/v2\/pages"}],"about":[{"href":"https:\/\/univet.hu\/de\/wp-json\/wp\/v2\/types\/page"}],"author":[{"embeddable":true,"href":"https:\/\/univet.hu\/de\/wp-json\/wp\/v2\/users\/1"}],"replies":[{"embeddable":true,"href":"https:\/\/univet.hu\/de\/wp-json\/wp\/v2\/comments?post=1106"}],"version-history":[{"count":0,"href":"https:\/\/univet.hu\/de\/wp-json\/wp\/v2\/pages\/1106\/revisions"}],"up":[{"embeddable":true,"href":"https:\/\/univet.hu\/de\/wp-json\/wp\/v2\/pages\/335"}],"wp:attachment":[{"href":"https:\/\/univet.hu\/de\/wp-json\/wp\/v2\/media?parent=1106"}],"wp:term":[{"taxonomy":"category","embeddable":true,"href":"https:\/\/univet.hu\/de\/wp-json\/wp\/v2\/categories?post=1106"},{"taxonomy":"post_tag","embeddable":true,"href":"https:\/\/univet.hu\/de\/wp-json\/wp\/v2\/tags?post=1106"}],"curies":[{"name":"wp","href":"https:\/\/api.w.org\/{rel}","templated":true}]}}