{"id":1117,"date":"2018-03-23T12:25:00","date_gmt":"2017-11-14T11:44:00","guid":{"rendered":"http:\/\/univet.hu\/die-universitaet\/internationale-beziehungen\/"},"modified":"2019-03-17T17:55:21","modified_gmt":"2019-03-17T16:55:21","slug":"internationale-beziehungen","status":"publish","type":"page","link":"https:\/\/univet.hu\/de\/universitaet\/internationale-beziehungen\/","title":{"rendered":"Internationale Beziehungen"},"content":{"rendered":"<p>Die Fakult\u00e4t verf\u00fcgt \u00fcber weitverzweigte internationale Beziehungen zu Ausbildungseinrichtungen f\u00fcr Veterin\u00e4rmedizin in Europa und auf der ganzen Welt. Sie ist die einzige Fakult\u00e4t f\u00fcr Veterin\u00e4rmedizin in Ungarn, alle anderen \u00e4hnlichen Einrichtungen sind also im Ausland, schon allein deswegen waren internationale Beziehungen immer besonders wichtig f\u00fcr unsere Fakult\u00e4t. Die Schule wurde 1787 von Prof. S\u00e1ndor Tolnay gegr\u00fcndet, der seine Ausbildung an der Veterin\u00e4rschule Wien erworben hatte, und seine pers\u00f6nlichen Beziehungen dienten als Grundlage f\u00fcr die fr\u00fche Internationalisierung der Budapester Schule f\u00fcr Tier\u00e4rzte. Eine intensive Zusammenarbeit mit der Veterin\u00e4rschule in Wien war kontinuierlich von gro\u00dfer Bedeutung f\u00fcr unsere Fakult\u00e4t.<\/p> <p>Die internationalen Beziehungen der Fakult\u00e4t zeigen sich in den bilateralen Vereinbarungen mit anderen Veterin\u00e4rschulen, der Mitgliedschaft in internationalen Veterin\u00e4rorganisationen und der Teilnahme an internationalen Projekten, aber es gibt auch einige andere Indikatoren f\u00fcr internationale Beziehungen wie etwa die Mobilit\u00e4t von Studenten und Mitarbeitern, gemeinsame Promotionskolloquien, Teilnahme an internationalen Forschungsprojekten, gemeinsame Bewerbung f\u00fcr Forschungsprojekte, gemeinsame Publikationen usw. Die Internationalisierung der Schule wird von der Fakult\u00e4t gef\u00f6rdert, indem sie einen Rahmen f\u00fcr internationale Aktivit\u00e4ten bietet.<\/p> <p>Organisation der internationalen Kooperationen in der Fakult\u00e4t<\/p> <p>Der Rektor der Szent Istv\u00e1n Universit\u00e4t ernennt den f\u00fcr die internationalen Beziehungen zust\u00e4ndigen Vizerektor, der von dem Internationalen Sekretariat und einem Beratungsgremium, dem Komitee f\u00fcr Internationale Beziehungen der Szent Istv\u00e1n Universit\u00e4t, unterst\u00fctzt wird. Die f\u00fcr internationale Beziehungen verantwortliche Person der Fakult\u00e4t ist der Vizedekan f\u00fcr internationale Zusammenarbeit, der vom Dekan ernannt wird. Er wird von einer Assistentin unterst\u00fctzt und in strategischen Fragen vom Komitee f\u00fcr Internationale Beziehungen beraten. Die meisten internationalen Beziehungen werden auf Fakult\u00e4tsebene organisiert.<\/p> <p>Mitgliedschaft in internationalen Organisationen<\/p> <p>Die Fakult\u00e4t ist Mitglied von zwei internationalen Organisationen, des Europ\u00e4ischen Verbands f\u00fcr Einrichtungen der Veterin\u00e4rausbildung (E.A.E.V.E.), und unsere Schule ist auch Gr\u00fcndungsmitglied des Veterin\u00e4rnetzwerks f\u00fcr Studenten- und Mitarbeiter-Mobilit\u00e4t (VetNEST) und des Netzwerks der Veterin\u00e4rschulen in Mitteleuropa, das von den Fakult\u00e4ten f\u00fcr Veterin\u00e4rmedizin in Brno, Budapest, Kosice, Ljublana, Wien, Wroclaw und Zagreb gebildet wird. Unsere Fakult\u00e4t ist an Projekten beteiligt, die von beiden internationalen Organisationen veranstaltet werden, sie ist ein aktives Mitglied des ERASMUS Thematischen Netzwerk-Projekts VET2020 (Entwicklung von europ\u00e4ischen Bildungsstrategien: Der Entwurf von Veterin\u00e4rprofilen, die sich nach den Erfordernissen des Markts f\u00fcr das Jahr 2020 richten). Es fasst 22 Veterin\u00e4rschulen aus 22 L\u00e4ndern zusammen, und unsere Fakult\u00e4t war eine der vier Veterin\u00e4rschulen, die an der von der Europ\u00e4ischen Kommission organisierten Pilotstudie TEEP2002 (Transnationales Europ\u00e4isches Evaluierungs-Projekt) teilgenommen haben, welche sich die Evaluierung und die Entwicklung von Qualit\u00e4tssicherung an Universit\u00e4ten und Hochschulen zum Ziel gesetzt hat. Die Mitgliedschaft in der EAEVE wird von unserer Schule als von enormer Bedeutung eingesch\u00e4tzt, da sie ein hoch angesehenes Forum von Veterin\u00e4rschulen in Europa ist und die Entwicklung und die Internationalisierung unserer Einrichtung f\u00f6rdern kann. Die Mitgliedschaft in VetNEST gibt uns ein solides Fundament f\u00fcr Entwicklung von regionalen Curricula, Mobilit\u00e4t von Studenten und Mitarbeitern, gemeinsame Kurse und Workshops und f\u00fcr die Weiterentwicklung des Universit\u00e4tsmanagements.<\/p> <p>Internationale Forschungsbeziehungen<\/p> <p>Forschungsbeziehungen von Wissenschaftlern beruhen auf eigenen pers\u00f6nlichen Forschungsprojekten, die Fakult\u00e4t nimmt bei deren Management keine zentrale Rolle ein. Diese Beziehungen basieren auf mehr als 30 internationalen Forschungsvereinbarungen, und die internationalen Aktivit\u00e4ten der Wissenschaftler zeigen sich auch in ihrer Mitgliedschaft in mehr als 70 internationalen Organisationen.<\/p> <p>Socrates Intensive Programme (IP)<\/p> <p>In den letzten Jahren hat unsere Schule an zwei SOCRATES Intensiven Programme (IP) teilgenommen. Beide Programme \u201eGesunde Tiere f\u00fcr die Lebensmittelproduktion: eine europ\u00e4ische Perspektive\u201c koordiniert von der Fakult\u00e4t f\u00fcr Veterin\u00e4rmedizin in Gent und \u201eVeterin\u00e4rmedizin im \u00d6ffentlichen Gesundheitswesen und Tierproduktion\u201c koordiniert von der Fakult\u00e4t f\u00fcr Veterin\u00e4rmedizin in Utrecht sorgen f\u00fcr die interdisziplin\u00e4re Ausbildung von 2-3 Doktoranden oder Studenten im letzten Studienjahr unserer Schule auch unter Beteiligung unserer Lehrer.<\/p>","protected":false},"excerpt":{"rendered":"<p>Die internationalen Kontakte der Universit\u00e4t zeigen sich durch bilaterale Abkommen mit anderen veterin\u00e4rmedizinischen Hochschulen, die Mitgliedschaft in internationalen Veterin\u00e4rorganisationen und durch die Mitwirkung an internationalen Projekten<\/p>\n","protected":false},"author":1,"featured_media":0,"parent":335,"menu_order":341,"comment_status":"closed","ping_status":"closed","template":"","meta":{"_acf_changed":false,"footnotes":""},"categories":[],"tags":[],"class_list":["post-1117","page","type-page","status-publish","hentry"],"acf":[],"_links":{"self":[{"href":"https:\/\/univet.hu\/de\/wp-json\/wp\/v2\/pages\/1117","targetHints":{"allow":["GET"]}}],"collection":[{"href":"https:\/\/univet.hu\/de\/wp-json\/wp\/v2\/pages"}],"about":[{"href":"https:\/\/univet.hu\/de\/wp-json\/wp\/v2\/types\/page"}],"author":[{"embeddable":true,"href":"https:\/\/univet.hu\/de\/wp-json\/wp\/v2\/users\/1"}],"replies":[{"embeddable":true,"href":"https:\/\/univet.hu\/de\/wp-json\/wp\/v2\/comments?post=1117"}],"version-history":[{"count":0,"href":"https:\/\/univet.hu\/de\/wp-json\/wp\/v2\/pages\/1117\/revisions"}],"up":[{"embeddable":true,"href":"https:\/\/univet.hu\/de\/wp-json\/wp\/v2\/pages\/335"}],"wp:attachment":[{"href":"https:\/\/univet.hu\/de\/wp-json\/wp\/v2\/media?parent=1117"}],"wp:term":[{"taxonomy":"category","embeddable":true,"href":"https:\/\/univet.hu\/de\/wp-json\/wp\/v2\/categories?post=1117"},{"taxonomy":"post_tag","embeddable":true,"href":"https:\/\/univet.hu\/de\/wp-json\/wp\/v2\/tags?post=1117"}],"curies":[{"name":"wp","href":"https:\/\/api.w.org\/{rel}","templated":true}]}}