{"id":1123,"date":"2018-03-28T09:48:00","date_gmt":"2017-11-07T08:58:00","guid":{"rendered":"http:\/\/univet.hu\/die-universitaet\/internationale-beziehungen\/erasmus\/"},"modified":"2025-08-06T12:48:08","modified_gmt":"2025-08-06T10:48:08","slug":"erasmus","status":"publish","type":"page","link":"https:\/\/univet.hu\/de\/universitaet\/internationale-beziehungen\/erasmus\/","title":{"rendered":"Erasmus"},"content":{"rendered":"<p><strong>Zurzeit haben wir keine offenen Ausschreibungen f\u00fcr Erasmus-Stipendien.<\/strong><\/p> <p>&nbsp;<\/p> <p>Erasmus, das Flaggschiff der EU im Bereich Bildung und Ausbildungsprogramme, hat sich vorwiegend die Mobilit\u00e4t von Studenten und Mitarbeitern und die europ\u00e4ische Zusammenarbeit zwischen Universit\u00e4ten und Hochschulen und anderen Schl\u00fcsseleinrichtungen einer wissensgest\u00fctzten Wirtschaft zum Ziel gesetzt. Es f\u00f6rdert auch die Schaffung eines\u00a0Europ\u00e4ischen Raums f\u00fcr akademische Ausbildung\u00a0(EHEA)\u00a0durch erh\u00f6hte Mobilit\u00e4t. Dies erm\u00f6glicht mehr Innovation, Wachstum und Arbeit in der EU. \u00dcber anderthalb Millionen Studenten haben bis jetzt an diesen Programmen teilgenommen, und bis 2013 soll die Marke von 3 Millionen Studenten \u00fcberschritten werden. Zus\u00e4tzlich zu einer bereicherten Studienerfahrung sorgt Erasmus auch f\u00fcr die Auseinandersetzung mit verschiedenen Kulturen.<\/p> <p>&nbsp;<\/p> <p>Au\u00dfer den Studentenprogrammen existieren auch welche f\u00fcr Lehrer und andere Mitarbeiter im Bereich der akademischen Ausbildung. Dies schlie\u00dft auch bedeutende Verb\u00e4nde, Forschungszentren und Beratungseinrichtungen usw. mit ein. Das Programm ist auch offen f\u00fcr Unternehmen, soziale Partner und sonstige Akteure ebenso wie f\u00fcr \u00f6ffentliche und private Einrichtungen im Bereich Bildung und Ausbildung auf lokaler, regionaler und nationaler Ebene.<\/p> <p>Erasmus unterst\u00fctzt T\u00e4tigkeiten im Bereich Mobilit\u00e4t (Studienaufenthalte oder Praktika im Ausland), europ\u00e4ische Projekte und Netzwerke.<\/p> <p><a title=\"Erasmus Incoming\" href=\"https:\/\/univet.hu\/en\/university\/office-for-international-relations\/erasmus\/erasmus-incoming-mobility\" data-replaced=\"true\">Informationen zur ins Land hineinkommenden Mobilit\u00e4t f\u00fcr aufgenommene Studenten\/Lehrpersonal<\/a><\/p> <p><a title=\"Erasmus Outgoing\" href=\"https:\/\/univet.hu\/en\/university\/office-for-international-relations\/erasmus\/erasmus-outgoing-mobility\" data-replaced=\"true\">Information zur vom Land ausgehenden Mobilit\u00e4t f\u00fcr ausgesandte Studenten<\/a><\/p>","protected":false},"excerpt":{"rendered":"<p>Zurzeit haben wir keine offenen Ausschreibungen f\u00fcr Erasmus-Stipendien. &nbsp; Erasmus, das Flaggschiff der EU im Bereich Bildung und Ausbildungsprogramme, hat sich vorwiegend die Mobilit\u00e4t von Studenten und Mitarbeitern und die europ\u00e4ische Zusammenarbeit zwischen Universit\u00e4ten und Hochschulen und anderen Schl\u00fcsseleinrichtungen einer wissensgest\u00fctzten Wirtschaft zum Ziel gesetzt. Es f\u00f6rdert auch die Schaffung eines\u00a0Europ\u00e4ischen Raums f\u00fcr akademische Ausbildung\u00a0(EHEA)\u00a0durch<\/p>\n","protected":false},"author":1,"featured_media":0,"parent":1117,"menu_order":228,"comment_status":"closed","ping_status":"closed","template":"","meta":{"_acf_changed":false,"footnotes":""},"categories":[],"tags":[],"class_list":["post-1123","page","type-page","status-publish","hentry"],"acf":[],"_links":{"self":[{"href":"https:\/\/univet.hu\/de\/wp-json\/wp\/v2\/pages\/1123","targetHints":{"allow":["GET"]}}],"collection":[{"href":"https:\/\/univet.hu\/de\/wp-json\/wp\/v2\/pages"}],"about":[{"href":"https:\/\/univet.hu\/de\/wp-json\/wp\/v2\/types\/page"}],"author":[{"embeddable":true,"href":"https:\/\/univet.hu\/de\/wp-json\/wp\/v2\/users\/1"}],"replies":[{"embeddable":true,"href":"https:\/\/univet.hu\/de\/wp-json\/wp\/v2\/comments?post=1123"}],"version-history":[{"count":1,"href":"https:\/\/univet.hu\/de\/wp-json\/wp\/v2\/pages\/1123\/revisions"}],"predecessor-version":[{"id":188597,"href":"https:\/\/univet.hu\/de\/wp-json\/wp\/v2\/pages\/1123\/revisions\/188597"}],"up":[{"embeddable":true,"href":"https:\/\/univet.hu\/de\/wp-json\/wp\/v2\/pages\/1117"}],"wp:attachment":[{"href":"https:\/\/univet.hu\/de\/wp-json\/wp\/v2\/media?parent=1123"}],"wp:term":[{"taxonomy":"category","embeddable":true,"href":"https:\/\/univet.hu\/de\/wp-json\/wp\/v2\/categories?post=1123"},{"taxonomy":"post_tag","embeddable":true,"href":"https:\/\/univet.hu\/de\/wp-json\/wp\/v2\/tags?post=1123"}],"curies":[{"name":"wp","href":"https:\/\/api.w.org\/{rel}","templated":true}]}}