{"id":1139,"date":"2017-04-06T12:46:00","date_gmt":"2017-04-06T10:46:00","guid":{"rendered":"http:\/\/univet.hu\/die-universitaet\/internationale-beziehungen\/kontakt\/"},"modified":"2025-01-07T19:55:55","modified_gmt":"2025-01-07T18:55:55","slug":"internationale-kontakt","status":"publish","type":"page","link":"https:\/\/univet.hu\/de\/universitaet\/internationale-beziehungen\/internationale-kontakt\/","title":{"rendered":"Kontakt"},"content":{"rendered":"<p><strong>Zentrum f\u00fcr Fortbildung und Forschungsorganisation<\/strong><\/p> <p>Adresse:<br \/> Veterin\u00e4rmedizinische Universit\u00e4t, B\u00fcro f\u00fcr Internationale Beziehungen<br \/> 1078 Budapest Istv\u00e1n u. 2., Ungarn<\/p> <p>Telefon: (+36 1) 478 4267<br \/> E-Mail: nko&#8220;at&#8220;univet.hu<\/p> <p>&nbsp;<\/p> <p><strong>Prorektor f\u00fcr Internationale Beziehungen<\/strong><\/p> <p><a href=\"https:\/\/univet.hu\/hu\/egyetem\/munkatarsak\/bartha-tibor\/?DEBUG2&amp;sql=SELECT post_id FROM uv_postmeta WHERE meta_key = 'source_url' AND (meta_value LIKE 'http:\/\/old.univet.hu\/de\/universitat\/mitarbeiter\/bartha-tibor%' OR meta_value LIKE '%\/hu%\/bartha-tibor%' OR meta_value LIKE '%\/http:\/\/old.univet.hu\/de\/universitat\/mitarbeiter\/bartha-tibor' ) ORDER BY post_id LIMIT 1;\" target=\"_blank\" rel=\"noopener\" data-replaced=\"true\">Herr Tibor BARTHA<\/a>, DVM, Ph.D., D.Sc., Professor<\/p> <p>B\u00fcro: Geb. &#8218;H&#8216;, 1. Stock, Raum 104<br \/> Sprechzeiten: nach Vereinbarung<br \/> Telefon: (+36 1) 478 4267<br \/> E-Mail: nko&#8220;at&#8220;univet.hu<\/p> <p><strong>Referentin f\u00fcr Internationale Beziehungen<\/strong><\/p> <p><a href=\"https:\/\/univet.hu\/de\/universitat\/mitarbeiter\/patkos-zita\" target=\"_blank\" rel=\"noopener\" data-replaced=\"true\">Frau Emese FODOR<\/a><\/p> <p><strong>Sprechstunden:<\/strong><br \/> Montag: 9 &#8211; 13 Uhr<br \/> Mittwoch: 9 -13 Uhr<br \/> Donnerstag: 9 &#8211; 11 und 13 &#8211; 15 Uhr<br \/> Am Dienstag und Freitag nur nach Verabredung.<\/p> <p>B\u00fcro: Geb. &#8218;H&#8216;, 1. Stock, Raum 104<br \/> Telefon: (+36 1) 478 4267<br \/> E-Mail: nko&#8220;at&#8220;univet.hu<\/p>","protected":false},"excerpt":{"rendered":"<p>Zentrum f\u00fcr Fortbildung und Forschungsorganisation Adresse: Veterin\u00e4rmedizinische Universit\u00e4t, B\u00fcro f\u00fcr Internationale Beziehungen 1078 Budapest Istv\u00e1n u. 2., Ungarn Telefon: (+36 1) 478 4267 E-Mail: nko&#8220;at&#8220;univet.hu &nbsp; Prorektor f\u00fcr Internationale Beziehungen Herr Tibor BARTHA, DVM, Ph.D., D.Sc., Professor B\u00fcro: Geb. &#8218;H&#8216;, 1. Stock, Raum 104 Sprechzeiten: nach Vereinbarung Telefon: (+36 1) 478 4267 E-Mail: nko&#8220;at&#8220;univet.hu Referentin<\/p>\n","protected":false},"author":1,"featured_media":0,"parent":1117,"menu_order":228,"comment_status":"closed","ping_status":"closed","template":"","meta":{"_acf_changed":false,"footnotes":""},"categories":[],"tags":[],"class_list":["post-1139","page","type-page","status-publish","hentry"],"acf":[],"_links":{"self":[{"href":"https:\/\/univet.hu\/de\/wp-json\/wp\/v2\/pages\/1139","targetHints":{"allow":["GET"]}}],"collection":[{"href":"https:\/\/univet.hu\/de\/wp-json\/wp\/v2\/pages"}],"about":[{"href":"https:\/\/univet.hu\/de\/wp-json\/wp\/v2\/types\/page"}],"author":[{"embeddable":true,"href":"https:\/\/univet.hu\/de\/wp-json\/wp\/v2\/users\/1"}],"replies":[{"embeddable":true,"href":"https:\/\/univet.hu\/de\/wp-json\/wp\/v2\/comments?post=1139"}],"version-history":[{"count":1,"href":"https:\/\/univet.hu\/de\/wp-json\/wp\/v2\/pages\/1139\/revisions"}],"predecessor-version":[{"id":172640,"href":"https:\/\/univet.hu\/de\/wp-json\/wp\/v2\/pages\/1139\/revisions\/172640"}],"up":[{"embeddable":true,"href":"https:\/\/univet.hu\/de\/wp-json\/wp\/v2\/pages\/1117"}],"wp:attachment":[{"href":"https:\/\/univet.hu\/de\/wp-json\/wp\/v2\/media?parent=1139"}],"wp:term":[{"taxonomy":"category","embeddable":true,"href":"https:\/\/univet.hu\/de\/wp-json\/wp\/v2\/categories?post=1139"},{"taxonomy":"post_tag","embeddable":true,"href":"https:\/\/univet.hu\/de\/wp-json\/wp\/v2\/tags?post=1139"}],"curies":[{"name":"wp","href":"https:\/\/api.w.org\/{rel}","templated":true}]}}