{"id":1187,"date":"2016-11-10T11:47:00","date_gmt":"2016-11-10T10:47:00","guid":{"rendered":"http:\/\/univet.hu\/die-universitaet\/veterinary-journal\/informationen-zu-abonnements\/"},"modified":"2025-02-18T10:48:32","modified_gmt":"2025-02-18T09:48:32","slug":"informationen-zu-abonnements","status":"publish","type":"page","link":"https:\/\/univet.hu\/de\/universitaet\/veterinary-journal\/informationen-zu-abonnements\/","title":{"rendered":"Informationen zu Abonnements"},"content":{"rendered":"<p>Kosten f\u00fcr ein Abonnement: 21 600 HUF\/Jahr.<\/p> <p>Der Preis f\u00fcr eine Zeitung betr\u00e4gt 1800 HUF.<\/p> <p>Sie k\u00f6nnen den Betrag Geld auf das Konto\u00a010032000-01743276\u00a0\u00fcberweisen.<\/p>","protected":false},"excerpt":{"rendered":"<p>Kosten f\u00fcr ein Abonnement: 21 600 HUF\/Jahr. Der Preis f\u00fcr eine Zeitung betr\u00e4gt 1800 HUF. Sie k\u00f6nnen den Betrag Geld auf das Konto\u00a010032000-01743276\u00a0\u00fcberweisen.<\/p>\n","protected":false},"author":1,"featured_media":0,"parent":1181,"menu_order":228,"comment_status":"closed","ping_status":"closed","template":"","meta":{"_acf_changed":false,"footnotes":""},"categories":[],"tags":[],"class_list":["post-1187","page","type-page","status-publish","hentry"],"acf":[],"_links":{"self":[{"href":"https:\/\/univet.hu\/de\/wp-json\/wp\/v2\/pages\/1187","targetHints":{"allow":["GET"]}}],"collection":[{"href":"https:\/\/univet.hu\/de\/wp-json\/wp\/v2\/pages"}],"about":[{"href":"https:\/\/univet.hu\/de\/wp-json\/wp\/v2\/types\/page"}],"author":[{"embeddable":true,"href":"https:\/\/univet.hu\/de\/wp-json\/wp\/v2\/users\/1"}],"replies":[{"embeddable":true,"href":"https:\/\/univet.hu\/de\/wp-json\/wp\/v2\/comments?post=1187"}],"version-history":[{"count":1,"href":"https:\/\/univet.hu\/de\/wp-json\/wp\/v2\/pages\/1187\/revisions"}],"predecessor-version":[{"id":175974,"href":"https:\/\/univet.hu\/de\/wp-json\/wp\/v2\/pages\/1187\/revisions\/175974"}],"up":[{"embeddable":true,"href":"https:\/\/univet.hu\/de\/wp-json\/wp\/v2\/pages\/1181"}],"wp:attachment":[{"href":"https:\/\/univet.hu\/de\/wp-json\/wp\/v2\/media?parent=1187"}],"wp:term":[{"taxonomy":"category","embeddable":true,"href":"https:\/\/univet.hu\/de\/wp-json\/wp\/v2\/categories?post=1187"},{"taxonomy":"post_tag","embeddable":true,"href":"https:\/\/univet.hu\/de\/wp-json\/wp\/v2\/tags?post=1187"}],"curies":[{"name":"wp","href":"https:\/\/api.w.org\/{rel}","templated":true}]}}