{"id":1223,"date":"2016-01-26T09:46:00","date_gmt":"2016-01-26T08:46:00","guid":{"rendered":"http:\/\/univet.hu\/fuer-studenten\/fur-interessenten\/"},"modified":"2026-02-26T14:17:58","modified_gmt":"2026-02-26T13:17:58","slug":"fur-interessenten","status":"publish","type":"page","link":"https:\/\/univet.hu\/de\/fur-interessenten\/","title":{"rendered":"F\u00fcr Interessenten"},"content":{"rendered":"<h4><\/h4> <p><span style=\"color: #ff0000\">Die Bewerbung f\u00fcr das akademisches Jahr 2026\/2027 hat am 15. Januar 2026 angefangen.<\/span><\/p> <p>&nbsp;<\/p> <h3>Zulassung<\/h3> <p>&nbsp;<\/p> <p>Das <strong>Online-Bewerbungssystem f\u00fcr Aufnahmeverfahren<\/strong> f\u00fcr das akademische Jahr 2025 ist auf der folgenden Webseite m\u00f6glich: <a href=\"https:\/\/bewerbung.univet.hu\/\">https:\/\/bewerbung.univet.hu\/<\/a><\/p> <p>VMUB versucht, mit den neuen Bedingungen umzugehen, die durch die Pandemie verursacht wurden. Das Bewerbungsverfahren ist (noch) flexibler geworden, um sicherzustellen, dass es f\u00fcr alle internationalen Studierenden reibungslos wie m\u00f6glich abl\u00e4uft.<\/p> <p>Die Dokumente, die in diesen wenigen Monaten schwer zu erhalten sind, haben eine Alternative, die die Anwendung erleichtert:<\/p> <ul> <li>\u00c4rztliches Gutachten: F\u00fcr diejenigen, die kein offizielles medizinisches Gutachten von ihrem Arzt erhalten k\u00f6nnen, ist es m\u00f6glich, bis zum Tag der Immatrikulation nachzuholen:\u00a0 \u00a0 \u00a0 das \u00e4rztliche Attest ist nur Voraussetzung f\u00fcr die Immatrikulation, nicht f\u00fcr die Bewerbung.<\/li> <li>Abiturzeugnis: F\u00fcr diejenigen, die keinen offizielles Abiturzeugnis erhalten k\u00f6nnen, ist es m\u00f6glich, ein Zertifikat hochzuladen, das besagt, dass der Student das Abitur abgeschlossen hat und f\u00fcr die Universit\u00e4t berechtigt ist. Ein solches Dokument kann von dem Gymnasium des Sch\u00fclers bezogen werden. Das endg\u00fcltige Zertifikat kann gesendet\/hochgeladen werden, wenn der Bewerber es erh\u00e4lt.<\/li> <\/ul> <p>Alle spezifischen F\u00e4lle werden individuell mit gr\u00f6\u00dftm\u00f6glicher Flexibilit\u00e4t behandelt. Wenn Sie Fragen haben, kontaktieren Sie uns bitte unter <a class=\"decrypt\" rel=\"tuvefouAvojwfu\/iv\" href=\"javascript:void(0);\">[Click to see email]<\/a>.<\/p> <p><strong>Wir m\u00f6chten alle Interessenten dar\u00fcber informieren, dass wir in Deutschland keine sogenannten &#8222;Repr\u00e4sentanten&#8220; haben. Die Bewerber k\u00f6nnen sich nur <\/strong><strong>online unter <a href=\"https:\/\/bewerbung.univet.hu\">https:\/\/bewerbung.univet.hu<\/a> bewerben, und es ist keine zus\u00e4tzliche Hilfe erforderlich. Die Bewerbungsgeb\u00fchr betr\u00e4gt 200,- EUR.<\/strong><strong>Wir stellen allen Interessenten und Bewerbern alle Informationen zur Verf\u00fcgung, die sie f\u00fcr die Bewerbung und das Studium an unserer Universit\u00e4t ben\u00f6tigen.<\/strong><strong>Wenn Sie Fragen haben, wenden Sie sich bitte an <a class=\"decrypt\" rel=\"jogpAwfuvohbso\/ef\" href=\"javascript:void(0);\">[Click to see email]<\/a> oder an das Studentensekretariat unter <a class=\"decrypt\" rel=\"tuvefouAvojwfu\/iv\" href=\"javascript:void(0);\">[Click to see email]<\/a>.<\/strong><\/p> <p>&nbsp;<\/p> <h4><span class=\"emphasis\">COVID-19 Info f\u00fcr Interessenten<\/span><\/h4> <p>&nbsp;<\/p>","protected":false},"excerpt":{"rendered":"<p>Die Bewerbung f\u00fcr das akademisches Jahr 2026\/2027 hat am 15. Januar 2026 angefangen. &nbsp; Zulassung &nbsp; Das Online-Bewerbungssystem f\u00fcr Aufnahmeverfahren f\u00fcr das akademische Jahr 2025 ist auf der folgenden Webseite m\u00f6glich: https:\/\/bewerbung.univet.hu\/ VMUB versucht, mit den neuen Bedingungen umzugehen, die durch die Pandemie verursacht wurden. Das Bewerbungsverfahren ist (noch) flexibler geworden, um sicherzustellen, dass es<\/p>\n","protected":false},"author":1,"featured_media":0,"parent":0,"menu_order":225,"comment_status":"closed","ping_status":"closed","template":"","meta":{"_acf_changed":false,"footnotes":""},"categories":[],"tags":[],"class_list":["post-1223","page","type-page","status-publish","hentry"],"acf":[],"_links":{"self":[{"href":"https:\/\/univet.hu\/de\/wp-json\/wp\/v2\/pages\/1223","targetHints":{"allow":["GET"]}}],"collection":[{"href":"https:\/\/univet.hu\/de\/wp-json\/wp\/v2\/pages"}],"about":[{"href":"https:\/\/univet.hu\/de\/wp-json\/wp\/v2\/types\/page"}],"author":[{"embeddable":true,"href":"https:\/\/univet.hu\/de\/wp-json\/wp\/v2\/users\/1"}],"replies":[{"embeddable":true,"href":"https:\/\/univet.hu\/de\/wp-json\/wp\/v2\/comments?post=1223"}],"version-history":[{"count":3,"href":"https:\/\/univet.hu\/de\/wp-json\/wp\/v2\/pages\/1223\/revisions"}],"predecessor-version":[{"id":201770,"href":"https:\/\/univet.hu\/de\/wp-json\/wp\/v2\/pages\/1223\/revisions\/201770"}],"wp:attachment":[{"href":"https:\/\/univet.hu\/de\/wp-json\/wp\/v2\/media?parent=1223"}],"wp:term":[{"taxonomy":"category","embeddable":true,"href":"https:\/\/univet.hu\/de\/wp-json\/wp\/v2\/categories?post=1223"},{"taxonomy":"post_tag","embeddable":true,"href":"https:\/\/univet.hu\/de\/wp-json\/wp\/v2\/tags?post=1223"}],"curies":[{"name":"wp","href":"https:\/\/api.w.org\/{rel}","templated":true}]}}