{"id":1226,"date":"2018-02-08T16:09:00","date_gmt":"2018-02-08T15:09:00","guid":{"rendered":"http:\/\/univet.hu\/fuer-studenten\/deutschsprachiger-studiengang\/"},"modified":"2019-08-06T14:23:43","modified_gmt":"2019-08-06T12:23:43","slug":"deutschsprachiger-studiengang","status":"publish","type":"page","link":"https:\/\/univet.hu\/de\/studenten\/deutschsprachiger-studiengang\/","title":{"rendered":"Deutschsprachiger Studiengang"},"content":{"rendered":"<p>An der Veterin\u00e4rmedizinischen Universilt\u00e4t in Budapest besteht seit September 1989 ein Studiengang in deutscher Sprache, der auf die ersten vier Semester, d. h. auf den vorklinischen Studienabschnitt (Vorphysikum und Physikum) beschr\u00e4nkt ist. Dieser Studienabschnitt ist gr\u00f6sstenteils der j\u00fcngsten deutschen Verordnung zur Approbation von Tier\u00e4rztinen und Tier\u00e4rzten (TAppV) angepast. Nach Abschlu\u00df der einzelnen F\u00e4cher werden den Studenten Best\u00e4tigungen \u00fcber die Pr\u00fcfungen ausgestellt. Das klinische Studium, das gem\u00e4\u00df der gegenw\u00e4rtigen Studienordnung weitere 3,5 Jahre dauert, kann durch Absolventen der vorklinischen Studien in englischer oder ungarischer Sprache in Budapest fortgesetzt werden. (Die Fortsetzung des Studiums an einer Hochschule in Deutschland ist jederzeit m\u00f6glich, wenn der Student dort einen Studienplatz erh\u00e4lt.) Nach bestandener tiermedizinischer Abschlu\u00dfpr\u00fcfung wird das Diplom und der Titel &#8222;dr. vet. med.&#8220; verliehen. Damit sind alle fachlichen Voraussetzungen erf\u00fcllt, um die Approbation zum Tierarzt zu erlangen.<\/p> <p>F\u00fcr den deutschsprachigen Studiengang stehen pro Studienjahr rund 120 Studienpl\u00e4tze zur Verf\u00fcgung. Im ungarischen Studiengang studieren durchschnittlich 100 Studenten pro Studienjahr. 1992 wurde der englischsprachige Studiengang eingef\u00fchrt (derzeit studieren ca. 120 Studenten pro Studienjahr).<\/p> <p><a href=\"https:\/\/univet.hu\/wp-content\/uploads\/2019\/07\/Bewerbungsformular-2019.pdf\" target=\"_blank\" rel=\"noopener\" data-replaced=\"true\">Bewerbungsformular<\/a><\/p>","protected":false},"excerpt":{"rendered":"<p>An der Veterin\u00e4rmedizinischen Universilt\u00e4t in Budapest besteht seit September 1989 ein Studiengang in deutscher Sprache, der auf die ersten vier Semester, d. h. auf den vorklinischen Studienabschnitt (Vorphysikum und Physikum) beschr\u00e4nkt ist. Dieser Studienabschnitt ist gr\u00f6sstenteils der j\u00fcngsten deutschen Verordnung zur Approbation von Tier\u00e4rztinen und Tier\u00e4rzten (TAppV) angepast. Nach Abschlu\u00df der einzelnen F\u00e4cher werden den<\/p>\n","protected":false},"author":1,"featured_media":0,"parent":349,"menu_order":57,"comment_status":"closed","ping_status":"closed","template":"","meta":{"_acf_changed":false,"footnotes":""},"categories":[],"tags":[],"class_list":["post-1226","page","type-page","status-publish","hentry"],"acf":[],"_links":{"self":[{"href":"https:\/\/univet.hu\/de\/wp-json\/wp\/v2\/pages\/1226","targetHints":{"allow":["GET"]}}],"collection":[{"href":"https:\/\/univet.hu\/de\/wp-json\/wp\/v2\/pages"}],"about":[{"href":"https:\/\/univet.hu\/de\/wp-json\/wp\/v2\/types\/page"}],"author":[{"embeddable":true,"href":"https:\/\/univet.hu\/de\/wp-json\/wp\/v2\/users\/1"}],"replies":[{"embeddable":true,"href":"https:\/\/univet.hu\/de\/wp-json\/wp\/v2\/comments?post=1226"}],"version-history":[{"count":0,"href":"https:\/\/univet.hu\/de\/wp-json\/wp\/v2\/pages\/1226\/revisions"}],"up":[{"embeddable":true,"href":"https:\/\/univet.hu\/de\/wp-json\/wp\/v2\/pages\/349"}],"wp:attachment":[{"href":"https:\/\/univet.hu\/de\/wp-json\/wp\/v2\/media?parent=1226"}],"wp:term":[{"taxonomy":"category","embeddable":true,"href":"https:\/\/univet.hu\/de\/wp-json\/wp\/v2\/categories?post=1226"},{"taxonomy":"post_tag","embeddable":true,"href":"https:\/\/univet.hu\/de\/wp-json\/wp\/v2\/tags?post=1226"}],"curies":[{"name":"wp","href":"https:\/\/api.w.org\/{rel}","templated":true}]}}