{"id":14897,"date":"2018-07-30T15:07:00","date_gmt":"2018-07-30T13:07:00","guid":{"rendered":"http:\/\/univet.hu\/studenten\/studentensekretariat\/neues-vom-studentensekretariat\/"},"modified":"2025-11-21T12:06:53","modified_gmt":"2025-11-21T11:06:53","slug":"neues-vom-studentensekretariat","status":"publish","type":"page","link":"https:\/\/univet.hu\/de\/studenten\/studierendensekretariat\/neues-vom-studentensekretariat\/","title":{"rendered":"Neues vom Studentensekretariat"},"content":{"rendered":"<p>19. 11. 2025.: <span data-olk-copy-source=\"MessageBody\">Aufgrund einer notwendigen Aktualisierung vom Neptun wird das System am 19.11.2025 ab 08:00 Uhr nicht verf\u00fcgbar sein.\u00a0<\/span><span lang=\"DE\">Die Dauer des Serviceausfalls wird voraussichtlich 4 Stunden betragen.\u00a0<\/span>Weitere Informationen finden Sie unter\u00a0<a href=\"https:\/\/univet.hu\/en\/education\/students-secretariat\/news-from-the-students-secretariat\/\" target=\"_blank\" rel=\"noopener\">https:\/\/univet.hu\/en\/education\/students-secretariat\/news-from-the-students-secretariat\/<\/a>.\u00a0<strong>Update: Neptun ist wieder nutzbar.<\/strong><\/p> <p><strong>Studienanfang\u00a0 akademisches Jahr 2024\/25<\/strong><\/p> <p><a href=\"https:\/\/univet.hu\/wp-content\/uploads\/2024\/09\/Students-Guide_2024-2025-1.pdf\">Studentenf\u00fchrer 2024\/2025<\/a><\/p> <p>&nbsp;<\/p> <p><strong>Studienanfang\u00a0 akademisches Jahr 2023\/24<\/strong><\/p> <p><a href=\"https:\/\/univet.hu\/wp-content\/uploads\/2023\/09\/Studenten_Feedback_DE.pdf\">Studenten_Feedback_DE<\/a><\/p> <p><a href=\"https:\/\/univet.hu\/wp-content\/uploads\/2023\/10\/Feedback-2022-DE.pdf\">Feedback 2022 DE<\/a><\/p> <p><a href=\"https:\/\/univet.hu\/wp-content\/uploads\/2023\/10\/Feedback-2023-DE.pdf\">Feedback 2023 DE<\/a><\/p> <p>&nbsp;<\/p> <p><strong>Studienanfang\u00a0 akademisches Jahr 2022\/23<\/strong><\/p> <p><a href=\"https:\/\/univet.hu\/wp-content\/uploads\/2023\/02\/Zeiteinteilung_22_23_FS.pdf\">Zeiteinteilung_22_23_FS<\/a><\/p> <p><a href=\"https:\/\/univet.hu\/wp-content\/uploads\/2023\/02\/Wahlpflichtf\u00e4cher_22_23_2.xlsx\">Wahlpflichtf\u00e4cher_22_23_2<\/a><\/p> <p><a href=\"https:\/\/univet.hu\/wp-content\/uploads\/2023\/06\/Wahlpflichtf\u00e4cher_Info.xlsx\">Wahlpflichtf\u00e4cher_Info (<\/a><a href=\"https:\/\/univet.hu\/wp-content\/uploads\/2023\/06\/Wahlpflichtf\u00e4cher_Info.xlsx\">aktuell)<\/a><\/p> <p><a href=\"https:\/\/univet.hu\/wp-content\/uploads\/2022\/09\/Wahlpflichtfacher_22_23_1.xlsx\">Wahlpflichtfacher_22_23_1<\/a><\/p> <p>&nbsp;<\/p> <p><strong>Studienanfang\u00a0 akademisches Jahr 2021\/22<\/strong><\/p> <p><a href=\"https:\/\/univet.hu\/wp-content\/uploads\/2021\/09\/Registrations-Pr\u00e4sentation-2021.pdf\">Registrations Pr\u00e4sentation 2021<\/a><\/p> <p>&nbsp;<\/p> <p><strong>Studienanfang\u00a0 akademisches Jahr 2020\/21<\/strong><\/p> <p><a href=\"https:\/\/univet.hu\/wp-content\/uploads\/2020\/09\/Registrations-Pr\u00e4sentation-2020.pptx\">Registrationspr\u00e4sentation 2020\/21<\/a><\/p> <p><a href=\"https:\/\/univet.hu\/wp-content\/uploads\/2020\/09\/Students-Guide-2020-0729.pdf\">Studentenf\u00fchrer 2020\/21<\/a><\/p> <p>&nbsp;<\/p> <p><strong>Studienanfang\u00a0 akademisches Jahr 2019\/20<\/strong><\/p> <ul style=\"list-style-type: circle\"> <li><a href=\"https:\/\/univet.hu\/wp-content\/uploads\/2019\/09\/Registrations-Pr\u00e4sentation-1.pptx\">Registrations Pr\u00e4sentation<\/a><\/li> <li><a href=\"https:\/\/univet.hu\/wp-content\/uploads\/2019\/07\/info-f\u00fcr-Frischlinge-18dt.pdf\" target=\"_blank\" rel=\"noopener\">Info an Studienanf\u00e4nger<\/a><\/li> <\/ul> <p>&nbsp;<\/p> <p><strong>Der Link um Neptun zu starten:\u00a0<\/strong><a href=\"https:\/\/neptun.univet.hu\/ate_hw\/login.aspx\">https:\/\/neptun.univet.hu\/ate_hw\/login.aspx<\/a>\u00a0(ab Januar 2019)<\/p> <p>&nbsp;<\/p> <p><strong>Ausbildungsst\u00e4tte wurde von der Szent Istv\u00e1n Universit\u00e4t\u00a0<a href=\"https:\/\/univet.hu\/files\/subpages\/136\/files\/SzIE-ATE-dt.pdf\" data-replaced=\"true\">unabh\u00e4ngig<\/a><\/strong><\/p> <p>&nbsp;<\/p>","protected":false},"excerpt":{"rendered":"<p>19. 11. 2025.: Aufgrund einer notwendigen Aktualisierung vom Neptun wird das System am 19.11.2025 ab 08:00 Uhr nicht verf\u00fcgbar sein.\u00a0Die Dauer des Serviceausfalls wird voraussichtlich 4 Stunden betragen.\u00a0Weitere Informationen finden Sie unter\u00a0https:\/\/univet.hu\/en\/education\/students-secretariat\/news-from-the-students-secretariat\/.\u00a0Update: Neptun ist wieder nutzbar. Studienanfang\u00a0 akademisches Jahr 2024\/25 Studentenf\u00fchrer 2024\/2025 &nbsp; Studienanfang\u00a0 akademisches Jahr 2023\/24 Studenten_Feedback_DE Feedback 2022 DE Feedback 2023 DE &nbsp;<\/p>\n","protected":false},"author":1,"featured_media":0,"parent":616,"menu_order":211,"comment_status":"closed","ping_status":"closed","template":"","meta":{"_acf_changed":false,"footnotes":""},"categories":[],"tags":[],"class_list":["post-14897","page","type-page","status-publish","hentry"],"acf":[],"_links":{"self":[{"href":"https:\/\/univet.hu\/de\/wp-json\/wp\/v2\/pages\/14897","targetHints":{"allow":["GET"]}}],"collection":[{"href":"https:\/\/univet.hu\/de\/wp-json\/wp\/v2\/pages"}],"about":[{"href":"https:\/\/univet.hu\/de\/wp-json\/wp\/v2\/types\/page"}],"author":[{"embeddable":true,"href":"https:\/\/univet.hu\/de\/wp-json\/wp\/v2\/users\/1"}],"replies":[{"embeddable":true,"href":"https:\/\/univet.hu\/de\/wp-json\/wp\/v2\/comments?post=14897"}],"version-history":[{"count":2,"href":"https:\/\/univet.hu\/de\/wp-json\/wp\/v2\/pages\/14897\/revisions"}],"predecessor-version":[{"id":196304,"href":"https:\/\/univet.hu\/de\/wp-json\/wp\/v2\/pages\/14897\/revisions\/196304"}],"up":[{"embeddable":true,"href":"https:\/\/univet.hu\/de\/wp-json\/wp\/v2\/pages\/616"}],"wp:attachment":[{"href":"https:\/\/univet.hu\/de\/wp-json\/wp\/v2\/media?parent=14897"}],"wp:term":[{"taxonomy":"category","embeddable":true,"href":"https:\/\/univet.hu\/de\/wp-json\/wp\/v2\/categories?post=14897"},{"taxonomy":"post_tag","embeddable":true,"href":"https:\/\/univet.hu\/de\/wp-json\/wp\/v2\/tags?post=14897"}],"curies":[{"name":"wp","href":"https:\/\/api.w.org\/{rel}","templated":true}]}}