{"id":15547,"date":"2018-09-07T04:03:55","date_gmt":"2018-09-07T02:03:55","guid":{"rendered":"http:\/\/univet.hu\/?page_id=15547"},"modified":"2026-02-10T03:47:38","modified_gmt":"2026-02-10T02:47:38","slug":"lehrstuhl-fur-geburtshilfe-und-reproduktion","status":"publish","type":"page","link":"https:\/\/univet.hu\/de\/universitaet\/organisationseinheiten\/lehrstuhl-fur-geburtshilfe-und-reproduktion\/","title":{"rendered":"Lehrstuhl f\u00fcr Reproduktionsmedizin und Nutztierklinik"},"content":{"rendered":"<h2>Mehr Informationen auf Englisch- <a href=\"https:\/\/univet.hu\/en\/about\/units\/department-and-clinic-of-reproduction\/\">Introduction<\/a><\/h2> <h2><\/h2> <h2>Geschichte<\/h2> <div> <p style=\"text-align: justify;\">Der Unterricht der Geburtshilfe als selbst\u00e4ndiges Fach wurde verh\u00e4ltnism\u00e4\u00dfig sp\u00e4t in die Ausbildung der \u00c4rzte aufgenommen. Vor mehr als 200 Jahren hatten die Medizin- und Chirurgie-Studenten w\u00e4hrend ihres Studiums schon Unterricht in Instrumenten- und Operationslehre, aber ein selbst\u00e4ndiger Lehrstuhl f\u00fcr Geburtshilfe wurde selbst an der medizinischen Fakult\u00e4t erst 1817 gegr\u00fcndet.<\/p> <p>Die Lage in der Veterin\u00e4rmedizin \u00e4nderte sich grunds\u00e4tzlich erst etwas sp\u00e4ter, als die Rinderzucht intensiviert wurde. Die Entwicklung der veterin\u00e4rmedizinischen Geburtshilfe in der zweiten H\u00e4lfte des 19. Jh. h\u00e4ngt mit der Einfuhr und der Einb\u00fcrgerung der Kulturrassen, dem \u00dcbergang von der Viehhaltung, bei der das Vieh das ganze Jahr im Freien ist, zur Stallung, mit der Entwicklung der Tierhaltung zu Tierzucht zusammen. Als Ergebnis der Verbreitung der Darwin&#8217;schen Lehre, unmittelbar aber als Ergebnis der T\u00e4tigkeit des einst sehr ber\u00fchmten Professoren unseren Instituts, Vilmos Zlam\u00e1l (1803-1886), verwandelte sich das Wort \u201eZ\u00fcchtung\u201c, das bis dann ausschlie\u00dflich im Sinne von \u201eVermehrung\u201c benutzt wurde, zu \u201eTierzucht\u201c. Die Tierzucht wurde zu einer komplexen Disziplin, die die Kenntnisse in folgenden Lehren umfasste: Naturkunde, Kost und Di\u00e4t, Aussehen, Gest\u00fctskunde und Rassenkunde. Diese Kenntnisse wurden in den Dienst der Vermehrung gestellt. Auf diese Weise k\u00f6nnen wir verstehen, warum sich die von M\u00e1rton Galambos (1820-1872) unterrichtete sog. \u201eZ\u00fcchtungslehre\u201c fast ausschlie\u00dflich mit der Deckung und Abfohlen, Kalben, Lammen und Abferkeln besch\u00e4ftigte. 1873 wurde f\u00fcr den Unterricht der Tierzucht unter der Leitung von B\u00e9la Tormay ein selbst\u00e4ndiger Lehrstuhl gegr\u00fcndet. Er unterrichtete in seinen Vortr\u00e4gen auch die Kenntnisse bzw. Aufgabenbereiche der Geburtshilfe, aber nat\u00fcrlich nur theoretisch, da er weder eine Klinik zur Verf\u00fcgung noch praktische Kenntnisse in Geburtshilfe hatte. Die Lage \u00e4nderte sich etwas, als Professor N\u00e1daskay, der Dozent f\u00fcr Anatomie, mit den Vorlesungen in Zoologie und Geburtshilfe beauftragt wurde.<\/p> <p>Professor B\u00e9la N\u00e1daskay (1848-1933) war kein praktizierender Geburtshelfer, hatte auch kein Patientenmaterial zur Verf\u00fcgung, trotzdem zeugen seine vor ca. 120 Jahren geschriebenen Zeilen \u00fcber die zuk\u00fcnftige Notwendigkeit des Studiums von \u00fcberraschendem fachlichen Scharfblick: \u201eJe mehr die freien Wiesen den Gest\u00fcten und Herden entzogen werden, je mehr die Stallung an Platz gewinnen wird, umso mehr wird es notwendig, der Anweisungen der Geburtshilfe f\u00fcr Tiere Geltung zu verschaffen.\u201c Dieser Leitfaden zieht sich auch durch sein 1887 und 1889 erschienenes Buch \u00fcber Geburtshilfe.<\/p> <p>Am vierj\u00e4hrigen Kurs der Akademie wurde die Geburtshilfe im vierten Studienjahr ein Semester lang in w\u00f6chentlich drei Theoriestunden unterrichtet und der Lehrplan schrieb auch schon Operationslehre-\u00dcbungen in Geburtshilfe vor. Zu dieser Zeit war die Geburtshilfe Gegenstand des Rigorosums im dritten. Studienjahr und ab 1891 hielt die Vorlesungen K\u00e1roly Monostori (1852-1917), Dozent f\u00fcr Tierzucht. Monostori behandelte im Rahmen der Tierzucht auch die Themen Milchviehhaltung, Milcherzeugung und Milchhygiene. Er schrieb in Ungarn als Erster \u00fcber die k\u00fcnstliche Befruchtung der Pferde. Sein Buch \u00fcber Operationslehre (1898) galt als das niveauvollste Lehrbuch der damaligen Zeit. Im Prolog schreibt er: \u201eLange Zeit wurde es in der Fachausbildung der Tier\u00e4rzte f\u00fcr unn\u00f6tig gehalten, dass die Geburtshilfe und insbesondere die geburtshilfliche Operationslehre getrennt und gr\u00fcndlich vorgetragen werden. Jetzt, wo unser Tierbestand veredelt wird und die Stallung immer mehr an Boden gewinnt, hielt es einer unserer ausgezeichneten Spezialisten &#8211; B\u00e9la Tormay &#8211; f\u00fcr unbedingt notwendig, dass der Unterricht der Geburtshilfe immer mehr in den Mittelpunkt gestellt wird. Das Werk von N\u00e1daskay \u2013 so, wie er es schrieb &#8211; ist vergriffen, es ist also verst\u00e4ndlich, dass der Verband Ungarischer Tier\u00e4rzte es ersetzen bzw. um ein solches Werk erg\u00e4nzen m\u00f6chte, das insbesondere der Pathologie der Tr\u00e4chtigkeit und Geburt und der geburtshilflichen Operationslehre mehr Gewicht beimisst.\u201c<\/p> <p>Nachdem die Akademie f\u00fcr Veterin\u00e4rmedizin in den Rang einer Hochschule erhoben wurde, \u00fcbernahm B\u00e9la Pl\u00f3sz, Ordinarius f\u00fcr Chirurgie den Unterricht der Geburtshilfe (1899). Die Vorlesungen zur Theorie fanden \u00fcber ein Semester lang in w\u00f6chentlich 3 Stunden, die \u00dcbungen in Geburtshilfe \u00fcber zwei Semester lang ebenfalls in w\u00f6chentlich 3 Stunden statt. Pl\u00f3sz erkannte die praktische Bedeutung der Geburtshilfe: die erste Hilfe bei Abferkeln, Kalben, Lammen unterrichtete er an Phantomen und lie\u00df es die Studenten an vom Schlachthof gelieferten Kalbsembryonen regelm\u00e4\u00dfig \u00fcben.<\/p> <\/div> <p>Telefon+361 478 4206<\/p> <p>Fax+361 478 4207<\/p> <p>Durchwahl+361 478 4100 \/ 8330<\/p>","protected":false},"excerpt":{"rendered":"<p>Mehr Informationen auf Englisch- Introduction Geschichte Der Unterricht der Geburtshilfe als selbst\u00e4ndiges Fach wurde verh\u00e4ltnism\u00e4\u00dfig sp\u00e4t in die Ausbildung der \u00c4rzte aufgenommen. Vor mehr als 200 Jahren hatten die Medizin- und Chirurgie-Studenten w\u00e4hrend ihres Studiums schon Unterricht in Instrumenten- und Operationslehre, aber ein selbst\u00e4ndiger Lehrstuhl f\u00fcr Geburtshilfe wurde selbst an der medizinischen Fakult\u00e4t erst 1817<\/p>\n","protected":false},"author":3837,"featured_media":0,"parent":862,"menu_order":172,"comment_status":"closed","ping_status":"closed","template":"","meta":{"_acf_changed":false,"footnotes":""},"categories":[59],"tags":[],"class_list":["post-15547","page","type-page","status-publish","hentry","category-abteilungen"],"acf":[],"_links":{"self":[{"href":"https:\/\/univet.hu\/de\/wp-json\/wp\/v2\/pages\/15547","targetHints":{"allow":["GET"]}}],"collection":[{"href":"https:\/\/univet.hu\/de\/wp-json\/wp\/v2\/pages"}],"about":[{"href":"https:\/\/univet.hu\/de\/wp-json\/wp\/v2\/types\/page"}],"author":[{"embeddable":true,"href":"https:\/\/univet.hu\/de\/wp-json\/wp\/v2\/users\/3837"}],"replies":[{"embeddable":true,"href":"https:\/\/univet.hu\/de\/wp-json\/wp\/v2\/comments?post=15547"}],"version-history":[{"count":2,"href":"https:\/\/univet.hu\/de\/wp-json\/wp\/v2\/pages\/15547\/revisions"}],"predecessor-version":[{"id":199213,"href":"https:\/\/univet.hu\/de\/wp-json\/wp\/v2\/pages\/15547\/revisions\/199213"}],"up":[{"embeddable":true,"href":"https:\/\/univet.hu\/de\/wp-json\/wp\/v2\/pages\/862"}],"wp:attachment":[{"href":"https:\/\/univet.hu\/de\/wp-json\/wp\/v2\/media?parent=15547"}],"wp:term":[{"taxonomy":"category","embeddable":true,"href":"https:\/\/univet.hu\/de\/wp-json\/wp\/v2\/categories?post=15547"},{"taxonomy":"post_tag","embeddable":true,"href":"https:\/\/univet.hu\/de\/wp-json\/wp\/v2\/tags?post=15547"}],"curies":[{"name":"wp","href":"https:\/\/api.w.org\/{rel}","templated":true}]}}