{"id":174490,"date":"2025-01-28T09:15:30","date_gmt":"2025-01-28T08:15:30","guid":{"rendered":"https:\/\/univet.hu\/?page_id=174490"},"modified":"2026-02-10T00:05:51","modified_gmt":"2026-02-09T23:05:51","slug":"haeufig-gestellte-fragen-zur-veterinaermedizinische-botanik","status":"publish","type":"page","link":"https:\/\/univet.hu\/de\/studenten\/kurse\/veterinaermedizinische-botanik\/haeufig-gestellte-fragen-zur-veterinaermedizinische-botanik\/","title":{"rendered":"H\u00e4ufig gestellte Fragen zur Veterin\u00e4rmedizinische Botanik"},"content":{"rendered":"<ol> <li><span style=\"font-family: 'times new roman', times, serif;font-size: 12pt\"><strong>Muss ich an den Praktiken und Vorlesungen teilnehmen?<\/strong><\/span><\/li> <\/ol> <p><span style=\"font-family: 'times new roman', times, serif;font-size: 12pt\">Ja, es gibt sowohl bei den Praktiken als auch bei den Vorlesungen eine Anwesenheitspflicht.<\/span><\/p> <ol start=\"2\"> <li><span style=\"font-family: 'times new roman', times, serif;font-size: 12pt\"><strong>Kann ich auf ein beliebiges Praktikum teilnehmen?<\/strong><\/span><\/li> <\/ol> <p><span style=\"font-family: 'times new roman', times, serif;font-size: 12pt\">Nein, Sie k\u00f6nnen nur auf dem Praktikum deiner eigenen Gruppe teilnehmen, die auch in Neptun aufgezeichnet werden, weil die Anzahl der Pl\u00e4tze im Praktikumsaal begrenzt ist. In besonderen, problematischen F\u00e4llen sprechen sie mit den Dozentinnen.<\/span><\/p> <ol start=\"3\"> <li><span style=\"font-family: 'times new roman', times, serif;font-size: 12pt\"><strong>Wird es auf den Testaten immer die ganzen vorigen Lernstoffe nachgefragt?<\/strong><\/span><\/li> <\/ol> <p><span style=\"font-family: 'times new roman', times, serif;font-size: 12pt\">Nein, jeder Test deckt nur einen bestimmten Teil des Stoffes ab. (Siehe auch: Themenbereiche auf der Website und die Infos zum ersten Praktikum.)<\/span><\/p> <ol start=\"4\"> <li><span style=\"font-family: 'times new roman', times, serif;font-size: 12pt\"><strong>Wie hoch ist die Mindestpunktzahl f\u00fcr jeden Test?<\/strong><\/span><\/li> <\/ol> <p><span style=\"font-family: 'times new roman', times, serif;font-size: 12pt\">50% (50,5 Punkte)<\/span><\/p> <ol start=\"5\"> <li><span style=\"font-family: 'times new roman', times, serif;font-size: 12pt\"><strong>Was passiert, wenn ich einen Test nicht bestehe?<\/strong><\/span><\/li> <\/ol> <p><span style=\"font-family: 'times new roman', times, serif;font-size: 12pt\">Es besteht die M\u00f6glichkeit, eine Nachholklausur in der darauffolgenden Woche ODER in der Verbesserungswoche, welche in der Regel nach der 3. Test liegt, zu schreiben. (Siehe auch: die erste Praktikumsfolie.)<\/span><\/p> <ol start=\"6\"> <li><span style=\"font-family: 'times new roman', times, serif;font-size: 12pt\"><strong>Mein Nachholklausur war leider erfolglos, wie geht es jetzt weiter? <\/strong><\/span><\/li> <\/ol> <p><span style=\"font-family: 'times new roman', times, serif;font-size: 12pt\">Es gibt eine letzte Chance zur Verbesserung, um die Signatur zu erhalten. <strong>Die letzte<\/strong> <strong>Nachholklausur<\/strong> wird jedoch anhand der <strong>vollst\u00e4ndigen Artenliste<\/strong> durchgef\u00fchrt. (Siehe auch: die erste Praktikumsfolie.)<\/span><\/p> <ol start=\"7\"> <li><span style=\"font-family: 'times new roman', times, serif;font-size: 12pt\"><strong>Kann ich auf der m\u00fcndlichen Pr\u00fcfung teilnehmen, ohne den Testaten abzuschlie\u00dfen?<\/strong><\/span><\/li> <\/ol> <p><span style=\"font-family: 'times new roman', times, serif;font-size: 12pt\">Nein, zu Erhalten die Unterschrift m\u00fcssen alle drei Testaten ausgef\u00fcllt werden und wenigstens 51 Punkte erreichen.<\/span><\/p> <ol start=\"8\"> <li><span style=\"font-family: 'times new roman', times, serif;font-size: 12pt\"><strong>Wie hoch ist die Mindestpunktzahl zum Bestehen der Pr\u00fcfung in Veterin\u00e4rbotanik, 50 % oder 51 %?<\/strong><\/span><\/li> <\/ol> <p><span style=\"font-family: 'times new roman', times, serif;font-size: 12pt\">51%. Wenn Sie in jedem Thema mindestens einen Punkt mehr als die Mindestpunktzahl erreichen, ergibt das eine Gesamtpunktzahl von 51%.<\/span><\/p> <p><span style=\"font-family: 'times new roman', times, serif;font-size: 12pt\">\u00a0 \u00a0 9<strong>. Was ist die Voraussetzung zum Bestehen der Pr\u00fcfung?<\/strong><\/span><\/p> <p><span style=\"font-family: 'times new roman', times, serif;font-size: 12pt\">\u00a0In der m\u00fcndlichen Pr\u00fcfung m\u00fcssen Sie in beiden Teilen A und B mindestens 50% bzw. 150 von maximal 300 m\u00f6glichen Punkten erreichen.<\/span><\/p> <p><span style=\"font-family: 'times new roman', times, serif;font-size: 12pt\">10. <strong>Wie viele M\u00f6glichkeiten habe ich, auf die m\u00fcndliche Pr\u00fcfung teilzunehmen?<\/strong><\/span><\/p> <p><span style=\"font-family: 'times new roman', times, serif;font-size: 12pt\">F\u00fcr ein Fach stehen innerhalb des Semesters drei Pr\u00fcfungsm\u00f6glichkeiten zur Verf\u00fcgung.<\/span><\/p> <p><span style=\"font-family: 'times new roman', times, serif;font-size: 12pt\">11. <strong>Ich habe mich zur Pr\u00fcfung beim Neptun angemeldet, bin dann aber doch nicht hingegangen. Z\u00e4hlt dies zu den drei Pr\u00fcfungsm\u00f6glichkeiten?<\/strong><\/span><\/p> <p><span style=\"font-family: 'times new roman', times, serif;font-size: 12pt\">Ja, nat\u00fcrlich.<\/span><\/p> <p><span style=\"font-family: 'times new roman', times, serif;font-size: 12pt\">12.<strong> Wo findet die m\u00fcndliche Pr\u00fcfung im Fach Veterin\u00e4rmedizinische Botanik statt?<\/strong><\/span><\/p> <p><span style=\"font-family: 'times new roman', times, serif;font-size: 12pt\">An der Abteilung f\u00fcr Botanik.<\/span><\/p> <p><span style=\"color: #0000ff\"><em><strong>Updated: 2026.01.30.<\/strong><\/em><\/span><\/p>","protected":false},"excerpt":{"rendered":"<p>Muss ich an den Praktiken und Vorlesungen teilnehmen? Ja, es gibt sowohl bei den Praktiken als auch bei den Vorlesungen eine Anwesenheitspflicht. Kann ich auf ein beliebiges Praktikum teilnehmen? Nein, Sie k\u00f6nnen nur auf dem Praktikum deiner eigenen Gruppe teilnehmen, die auch in Neptun aufgezeichnet werden, weil die Anzahl der Pl\u00e4tze im Praktikumsaal begrenzt ist.<\/p>\n","protected":false},"author":3837,"featured_media":0,"parent":36241,"menu_order":26,"comment_status":"closed","ping_status":"closed","template":"","meta":{"_acf_changed":false,"footnotes":""},"categories":[65],"tags":[],"class_list":["post-174490","page","type-page","status-publish","hentry","category-kurse"],"acf":[],"_links":{"self":[{"href":"https:\/\/univet.hu\/de\/wp-json\/wp\/v2\/pages\/174490","targetHints":{"allow":["GET"]}}],"collection":[{"href":"https:\/\/univet.hu\/de\/wp-json\/wp\/v2\/pages"}],"about":[{"href":"https:\/\/univet.hu\/de\/wp-json\/wp\/v2\/types\/page"}],"author":[{"embeddable":true,"href":"https:\/\/univet.hu\/de\/wp-json\/wp\/v2\/users\/3837"}],"replies":[{"embeddable":true,"href":"https:\/\/univet.hu\/de\/wp-json\/wp\/v2\/comments?post=174490"}],"version-history":[{"count":5,"href":"https:\/\/univet.hu\/de\/wp-json\/wp\/v2\/pages\/174490\/revisions"}],"predecessor-version":[{"id":198849,"href":"https:\/\/univet.hu\/de\/wp-json\/wp\/v2\/pages\/174490\/revisions\/198849"}],"up":[{"embeddable":true,"href":"https:\/\/univet.hu\/de\/wp-json\/wp\/v2\/pages\/36241"}],"wp:attachment":[{"href":"https:\/\/univet.hu\/de\/wp-json\/wp\/v2\/media?parent=174490"}],"wp:term":[{"taxonomy":"category","embeddable":true,"href":"https:\/\/univet.hu\/de\/wp-json\/wp\/v2\/categories?post=174490"},{"taxonomy":"post_tag","embeddable":true,"href":"https:\/\/univet.hu\/de\/wp-json\/wp\/v2\/tags?post=174490"}],"curies":[{"name":"wp","href":"https:\/\/api.w.org\/{rel}","templated":true}]}}