{"id":17906,"date":"2018-09-13T23:03:15","date_gmt":"2018-09-13T21:03:15","guid":{"rendered":"http:\/\/univet.hu\/?page_id=17906"},"modified":"2018-10-04T15:15:16","modified_gmt":"2018-10-04T13:15:16","slug":"surgery-and-ophthalmology","status":"publish","type":"page","link":"https:\/\/univet.hu\/de\/clinics\/equine\/services\/surgery-and-ophthalmology\/","title":{"rendered":"Surgery and Ophthalmology"},"content":{"rendered":"<p><a href=\"https:\/\/univet.hu\/wp-content\/uploads\/2018\/09\/ultrahang-en.jpg\" data-replaced=\"true\"><img loading=\"lazy\" decoding=\"async\" class=\"alignright size-full wp-image-17439\" src=\"https:\/\/univet.hu\/wp-content\/uploads\/2018\/09\/ultrahang-en.jpg\" data-replaced=\"true\" alt=\"\" width=\"150\" height=\"130\" \/><\/a><\/p> <h2>Orthopaedic ultrasonography<\/h2> <p>Our ultrasonographic unit, with a 8-12 MHz and a rectal 5 MHz head serves as an essential supplementary diagnostic aid leading to a more exact diagnosis in the field of lameness diagnostic in different areas, as tendons, ligaments, joints and the vertebral column.<br \/> <a href=\"https:\/\/univet.hu\/wp-content\/uploads\/2018\/09\/sebeszet-futopad-en.jpg\" data-replaced=\"true\"><img loading=\"lazy\" decoding=\"async\" class=\"alignright size-full wp-image-17437\" src=\"https:\/\/univet.hu\/wp-content\/uploads\/2018\/09\/sebeszet-futopad-en.jpg\" data-replaced=\"true\" alt=\"\" width=\"150\" height=\"125\" \/><\/a><\/p> <h2>Endoscopic examinations on the treadmill<\/h2> <p>This special diagnostic possibility is essential in diagnosing different dynamic upper airway diseases. The &#8222;Mustang 2200 High Speed&#8220; treadmill can provide us the possibility to observe horses in motion, analyse the gait and lameness, measure &#8222;fitness&#8220; and guarantee a smooth beginning of the reconvalescence period.<\/p> <p><iframe loading=\"lazy\" title=\"\u00dcll\u0151i Nagy\u00e1llat Klinika: fut\u00f3pad\" width=\"1280\" height=\"960\" src=\"https:\/\/www.youtube.com\/embed\/fobMfcEXBLo?feature=oembed\" frameborder=\"0\" allow=\"accelerometer; autoplay; clipboard-write; encrypted-media; gyroscope; picture-in-picture; web-share\" referrerpolicy=\"strict-origin-when-cross-origin\" allowfullscreen><\/iframe><\/p> <p><a href=\"https:\/\/univet.hu\/wp-content\/uploads\/2018\/09\/radiologia-en.jpg\" data-replaced=\"true\"><img loading=\"lazy\" decoding=\"async\" class=\"alignright size-full wp-image-17436\" src=\"https:\/\/univet.hu\/wp-content\/uploads\/2018\/09\/radiologia-en.jpg\" data-replaced=\"true\" alt=\"\" width=\"150\" height=\"178\" \/><\/a><\/p> <h2>Radiological examinations<\/h2> <p>X-rays are performed using the Philips Easy Vision Computed Radiology System. Advantages of the system compared to conventional radiology are the better image quality, and possibilities of post procession storage in digital and printed form.<\/p> <p>Digital luminescence radiography is easy to handle for educational purposes.<br \/> <a href=\"https:\/\/univet.hu\/wp-content\/uploads\/2018\/09\/ct2-en.jpg\" data-replaced=\"true\"><img loading=\"lazy\" decoding=\"async\" class=\"alignright size-full wp-image-17432\" src=\"https:\/\/univet.hu\/wp-content\/uploads\/2018\/09\/ct2-en.jpg\" data-replaced=\"true\" alt=\"\" width=\"150\" height=\"200\" \/><\/a><\/p> <h2>Computed tomography examinations<\/h2> <p>Images of the soft and bony structures of the equine head and extremities up to the hock and carpus can be provided by the Tomoscan AVPF CT apparatus in several different layers.<\/p> <p>The 3D imaging is essential for planning difficult orthopedic operations and to visualise special structures.<\/p> <h2>Ophthalmology<\/h2> <p><a href=\"https:\/\/univet.hu\/wp-content\/uploads\/2018\/09\/szemeszet-en.jpg\" data-replaced=\"true\"><img loading=\"lazy\" decoding=\"async\" class=\"alignright size-full wp-image-17438\" src=\"https:\/\/univet.hu\/wp-content\/uploads\/2018\/09\/szemeszet-en.jpg\" data-replaced=\"true\" alt=\"\" width=\"150\" height=\"106\" \/><\/a>Personal conditions and equipment are both present for adequate provision of ophthalmic patients and for educational purposes as well.<\/p> <p>The development of large animal ophthalmology is a promising perspective from educational and research point of view as well at our large animal clinic.<br \/> <a href=\"https:\/\/univet.hu\/wp-content\/uploads\/2018\/09\/altatogep-en.jpg\" data-replaced=\"true\"><img loading=\"lazy\" decoding=\"async\" class=\"alignright size-full wp-image-17430\" src=\"https:\/\/univet.hu\/wp-content\/uploads\/2018\/09\/altatogep-en.jpg\" data-replaced=\"true\" alt=\"\" width=\"150\" height=\"129\" \/><\/a><\/p> <h2>Operations<\/h2> <p>Around the clock available emergency team (3 vets on duty) during the whole year serves to ensure an undisturbed ER medical attendance. A broad spectrum of planned operations consisting of arthroscopic, laparoscopic, fracture treatment, upper airway, soft tissue, gynaecologic and dental operations with a year by year growing number of patient material plays an important role in gradual education.<\/p>  \t\t<ul id='gallery-1' class='gallery galleryid-17906 block-grid-xs-2 block-grid-sm-3 block-grid-md-4 block-grid-lg-5'><li class='gallery-item'>         <span class='gallery-icon'>             <a href='https:\/\/univet.hu\/wp-content\/uploads\/2018\/09\/artroszkopia-en.jpg'><img loading=\"lazy\" decoding=\"async\" width=\"134\" height=\"115\" src=\"https:\/\/univet.hu\/wp-content\/uploads\/2018\/09\/artroszkopia-en.jpg\" class=\"attachment-thumbnail size-thumbnail\" alt=\"\" \/><\/a>         <\/span><\/li><li class='gallery-item'>         <span class='gallery-icon'>             <a href='https:\/\/univet.hu\/wp-content\/uploads\/2018\/09\/fogaszat-en.jpg'><img loading=\"lazy\" decoding=\"async\" width=\"139\" height=\"115\" src=\"https:\/\/univet.hu\/wp-content\/uploads\/2018\/09\/fogaszat-en.jpg\" class=\"attachment-thumbnail size-thumbnail\" alt=\"\" \/><\/a>         <\/span><\/li><li class='gallery-item'>         <span class='gallery-icon'>             <a href='https:\/\/univet.hu\/wp-content\/uploads\/2018\/09\/kolika-en.jpg'><img loading=\"lazy\" decoding=\"async\" width=\"134\" height=\"114\" src=\"https:\/\/univet.hu\/wp-content\/uploads\/2018\/09\/kolika-en.jpg\" class=\"attachment-thumbnail size-thumbnail\" alt=\"\" \/><\/a>         <\/span><\/li><li class='gallery-item'>         <span class='gallery-icon'>             <a href='https:\/\/univet.hu\/wp-content\/uploads\/2018\/09\/laparoszkopia-en.jpg'><img loading=\"lazy\" decoding=\"async\" width=\"150\" height=\"114\" src=\"https:\/\/univet.hu\/wp-content\/uploads\/2018\/09\/laparoszkopia-en.jpg\" class=\"attachment-thumbnail size-thumbnail\" alt=\"\" \/><\/a>         <\/span><\/li><\/ul>","protected":false},"excerpt":{"rendered":"<p>Orthopaedic ultrasonography Our ultrasonographic unit, with a 8-12 MHz and a rectal 5 MHz head serves as an essential supplementary diagnostic aid leading to a more exact diagnosis in the field of lameness diagnostic in different areas, as tendons, ligaments, joints and the vertebral column. Endoscopic examinations on the treadmill This special diagnostic possibility is<\/p>\n","protected":false},"author":1,"featured_media":0,"parent":17898,"menu_order":127,"comment_status":"closed","ping_status":"closed","template":"","meta":{"_acf_changed":false,"footnotes":""},"categories":[],"tags":[],"class_list":["post-17906","page","type-page","status-publish","hentry"],"acf":[],"_links":{"self":[{"href":"https:\/\/univet.hu\/de\/wp-json\/wp\/v2\/pages\/17906","targetHints":{"allow":["GET"]}}],"collection":[{"href":"https:\/\/univet.hu\/de\/wp-json\/wp\/v2\/pages"}],"about":[{"href":"https:\/\/univet.hu\/de\/wp-json\/wp\/v2\/types\/page"}],"author":[{"embeddable":true,"href":"https:\/\/univet.hu\/de\/wp-json\/wp\/v2\/users\/1"}],"replies":[{"embeddable":true,"href":"https:\/\/univet.hu\/de\/wp-json\/wp\/v2\/comments?post=17906"}],"version-history":[{"count":0,"href":"https:\/\/univet.hu\/de\/wp-json\/wp\/v2\/pages\/17906\/revisions"}],"up":[{"embeddable":true,"href":"https:\/\/univet.hu\/de\/wp-json\/wp\/v2\/pages\/17898"}],"wp:attachment":[{"href":"https:\/\/univet.hu\/de\/wp-json\/wp\/v2\/media?parent=17906"}],"wp:term":[{"taxonomy":"category","embeddable":true,"href":"https:\/\/univet.hu\/de\/wp-json\/wp\/v2\/categories?post=17906"},{"taxonomy":"post_tag","embeddable":true,"href":"https:\/\/univet.hu\/de\/wp-json\/wp\/v2\/tags?post=17906"}],"curies":[{"name":"wp","href":"https:\/\/api.w.org\/{rel}","templated":true}]}}