{"id":185723,"date":"2025-06-12T10:08:24","date_gmt":"2025-06-12T08:08:24","guid":{"rendered":"https:\/\/univet.hu\/studenten\/kurse\/viselkedeselettan\/"},"modified":"2026-02-10T00:05:28","modified_gmt":"2026-02-09T23:05:28","slug":"verhaltensphysiologie","status":"publish","type":"page","link":"https:\/\/univet.hu\/de\/studenten\/kurse\/verhaltensphysiologie\/","title":{"rendered":"Verhaltensphysiologie"},"content":{"rendered":"<p data-start=\"65\" data-end=\"364\">Ziel der Vorlesungsreihe ist es, den Studenten einen allgemeinen \u00dcberblick \u00fcber die physiologischen Grundlagen tierischen und menschlichen Verhaltens sowie \u00fcber die Wissenschaft der Verhaltensphysiologie zu geben. Der Kurs besteht aus einer Reihe von seminarartigen Vortr\u00e4gen in Kleingruppen.<\/p> <p data-start=\"366\" data-end=\"1227\">Die erste Vorlesung f\u00fchrt in die grundlegenden Konzepte des Fachgebiets ein und behandelt die Zusammenh\u00e4nge zwischen Verhalten, Physiologie und der Umwelt des Tieres. Darauf folgt ein \u00dcberblick \u00fcber die neurophysiologischen und anschlie\u00dfend die hormonellen Grundlagen des Verhaltens. Ein Verst\u00e4ndnis der Belohnungssysteme des Gehirns und der neuronalen Grundlagen der sogenannten \u201eMotivation\u201c ist entscheidend, um Verhaltensprozesse zu erfassen; anschlie\u00dfend werden wir die Auswirkungen von externem Stress auf das Tier diskutieren. Verhalten findet nicht nur auf individueller Ebene, sondern auch im sozialen Kontext statt \u2013 die sechste Vorlesung widmet sich der Rolle von Bindung, Isolation und Kommunikation in der Tierwelt. Die letzte Vorlesung befasst sich mit dem Zusammenhang zwischen zirkadianen Rhythmen (t\u00e4gliche Rhythmen, Saisonalit\u00e4t) und Verhalten.<\/p> <p data-start=\"1229\" data-end=\"1349\"><strong>Der Kurs wird in englischer Sprache abgehalten.<\/strong> Aufgrund des Aufbaus des Kurses wird eine aktive Teilnahme an den Sitzungen f\u00fcr einen erfolgreichen Abschluss empfohlen. Am Ende des Kurses demonstrieren die Studierenden ihr Wissen in Form eines schriftlichen Berichts.<\/p> <p data-start=\"1229\" data-end=\"1349\"><strong data-start=\"1469\" data-end=\"1487\">Voraussetzung:<\/strong> Veterin\u00e4rphysiologie 2<\/p> <hr data-start=\"1451\" data-end=\"1454\" \/> <p data-start=\"1456\" data-end=\"1506\">Kurs\u00fcbersicht: (w\u00f6chentliche Themenaufteilung)<\/p> <table style=\"width: 64.4771%\"> <tbody> <tr> <td style=\"width: 32.5824%\" width=\"103\"><strong>Semesterwoche<\/strong><\/td> <td style=\"width: 121.471%\" width=\"511\"><strong>Thema<\/strong><\/td> <\/tr> <tr> <td style=\"width: 32.5824%\" width=\"103\">1. (2 Std)<\/td> <td style=\"width: 121.471%\" width=\"511\">Einf\u00fchrung in die Verhaltensphysiologie: Konzepte und Grundlagen<\/td> <\/tr> <tr> <td style=\"width: 32.5824%\" width=\"103\">2. (2 Std)<\/td> <td style=\"width: 121.471%\" width=\"511\">Neurophysiologie des Verhaltens<\/td> <\/tr> <tr> <td style=\"width: 32.5824%\" width=\"103\">3. (2 Std)<\/td> <td style=\"width: 121.471%\" width=\"511\">Hormonelle Steuerung des Verhaltens<\/td> <\/tr> <tr> <td style=\"width: 32.5824%\" width=\"103\">4. (2 Std)<\/td> <td style=\"width: 121.471%\" width=\"511\">Physiologie von Motivation und Belohnung<\/td> <\/tr> <tr> <td style=\"width: 32.5824%\" width=\"103\">5. (2 Std)<\/td> <td style=\"width: 121.471%\" width=\"511\">Stress und Anpassung: Verhaltens- und physiologische Reaktionen<\/td> <\/tr> <tr> <td style=\"width: 32.5824%\" width=\"103\">6. (2 Std)<\/td> <td style=\"width: 121.471%\" width=\"511\">Soziales Verhalten und Physiologie<\/td> <\/tr> <tr> <td style=\"width: 32.5824%\" width=\"103\">7. (2 Std)<\/td> <td style=\"width: 121.471%\" width=\"511\">Zirkadiane Rhythmen und Verhaltensphysiologie<\/td> <\/tr> <tr> <td style=\"width: 32.5824%\" width=\"103\">8. (1 Std)<\/td> <td style=\"width: 121.471%\" width=\"511\">Schriftliche Pr\u00fcfung<\/td> <\/tr> <\/tbody> <\/table> <p>&nbsp;<\/p>","protected":false},"excerpt":{"rendered":"<p>Ziel der Vorlesungsreihe ist es, den Studenten einen allgemeinen \u00dcberblick \u00fcber die physiologischen Grundlagen tierischen und menschlichen Verhaltens sowie \u00fcber die Wissenschaft der Verhaltensphysiologie zu geben. Der Kurs besteht aus einer Reihe von seminarartigen Vortr\u00e4gen in Kleingruppen. Die erste Vorlesung f\u00fchrt in die grundlegenden Konzepte des Fachgebiets ein und behandelt die Zusammenh\u00e4nge zwischen Verhalten, Physiologie<\/p>\n","protected":false},"author":3837,"featured_media":0,"parent":678,"menu_order":0,"comment_status":"open","ping_status":"open","template":"","meta":{"_acf_changed":false,"footnotes":""},"categories":[65],"tags":[],"class_list":["post-185723","page","type-page","status-publish","hentry","category-kurse"],"acf":[],"_links":{"self":[{"href":"https:\/\/univet.hu\/de\/wp-json\/wp\/v2\/pages\/185723","targetHints":{"allow":["GET"]}}],"collection":[{"href":"https:\/\/univet.hu\/de\/wp-json\/wp\/v2\/pages"}],"about":[{"href":"https:\/\/univet.hu\/de\/wp-json\/wp\/v2\/types\/page"}],"author":[{"embeddable":true,"href":"https:\/\/univet.hu\/de\/wp-json\/wp\/v2\/users\/3837"}],"replies":[{"embeddable":true,"href":"https:\/\/univet.hu\/de\/wp-json\/wp\/v2\/comments?post=185723"}],"version-history":[{"count":6,"href":"https:\/\/univet.hu\/de\/wp-json\/wp\/v2\/pages\/185723\/revisions"}],"predecessor-version":[{"id":198798,"href":"https:\/\/univet.hu\/de\/wp-json\/wp\/v2\/pages\/185723\/revisions\/198798"}],"up":[{"embeddable":true,"href":"https:\/\/univet.hu\/de\/wp-json\/wp\/v2\/pages\/678"}],"wp:attachment":[{"href":"https:\/\/univet.hu\/de\/wp-json\/wp\/v2\/media?parent=185723"}],"wp:term":[{"taxonomy":"category","embeddable":true,"href":"https:\/\/univet.hu\/de\/wp-json\/wp\/v2\/categories?post=185723"},{"taxonomy":"post_tag","embeddable":true,"href":"https:\/\/univet.hu\/de\/wp-json\/wp\/v2\/tags?post=185723"}],"curies":[{"name":"wp","href":"https:\/\/api.w.org\/{rel}","templated":true}]}}