{"id":185762,"date":"2021-09-16T08:41:16","date_gmt":"2021-09-16T06:41:16","guid":{"rendered":"https:\/\/univet.hu\/studenten\/kurse\/neurophysiology\/"},"modified":"2026-02-10T00:05:31","modified_gmt":"2026-02-09T23:05:31","slug":"neurophysiologie","status":"publish","type":"page","link":"https:\/\/univet.hu\/de\/studenten\/kurse\/neurophysiologie\/","title":{"rendered":"Physiologie des Nervensystems"},"content":{"rendered":"<p data-start=\"74\" data-end=\"189\">Dies ist ein Online-Kurs, der im offiziellen E-Learning-System der Universit\u00e4t (elearning.univet.hu) zu finden ist. Der Kurs wird in <strong>englischer<\/strong> Sprache abgehalten.<\/p> <p style=\"text-align: justify\" data-start=\"191\" data-end=\"563\">Der Wahlkurs ist eine direkte Fortsetzung der Vorlesungen zur Neurophysiologie. Das Verst\u00e4ndnis des Nervensystems ist eine grundlegende Voraussetzung f\u00fcr zuk\u00fcnftige Wissenschaftler*innen in allen Bereichen der Medizin, Veterin\u00e4rmedizin oder Biowissenschaften. Kenntnisse \u00fcber Erkrankungen des Nervensystems k\u00f6nnen auch in der veterin\u00e4rmedizinischen Praxis von Nutzen sein.<\/p> <p style=\"text-align: justify\" data-start=\"565\" data-end=\"1086\">Unsere Vorlesungen beginnen mit einer Zusammenfassung der Physiologievorlesungen, gefolgt von einer Einf\u00fchrung in die in der Neurowissenschaft verwendeten Forschungsmethoden. Nach den einleitenden Vortr\u00e4gen werden der zellul\u00e4re Aufbau, die tiefen Strukturen des Gehirns sowie kortikale Funktionen behandelt. Der Kurs endet mit einer Auseinandersetzung mit h\u00f6heren Hirnfunktionen und Erkrankungen des Gehirns. Die verschiedenen Themen werden in Seminarvortr\u00e4g von 2\u00d745 Minuten\u00a0pr\u00e4sentiert.<\/p> <p style=\"text-align: justify\" data-start=\"1088\" data-end=\"1481\">Studenten, die sich f\u00fcr die Neurophysiologie und Pathophysiologie des Nervensystems interessieren, wird empfohlen, sich f\u00fcr den Kurs anzumelden. Bitte beachten Sie, dass wir erwarten, dass Sie bereits ein fundiertes Verst\u00e4ndnis der Physiologie des Nervensystems aus den regul\u00e4ren Physiologievorlesungen mitbringen, da dieser Wahlkurs genau dort ansetzt, wo die regul\u00e4re Physiologie aufh\u00f6rt.<\/p> <p style=\"text-align: justify\" data-start=\"1483\" data-end=\"1596\">Der Kurs endet mit einer schriftlichen Pr\u00fcfung, die auch Fragen aus der Vorlesung \u201ePhysiologie 2\u201c enthalten kann.<\/p> <p data-start=\"1598\" data-end=\"1639\"><strong data-start=\"1598\" data-end=\"1616\">Voraussetzung:<\/strong> Veterin\u00e4rphysiologie 2<\/p> <hr data-start=\"1451\" data-end=\"1454\" \/> <h3><\/h3> <h3><strong data-start=\"1646\" data-end=\"1672\">Detaillierter Zeitplan<\/strong><\/h3> <table style=\"width: 82.3411%;height: 352px\"> <tbody> <tr style=\"height: 24px\"> <td style=\"height: 24px;width: 17.415%\"><strong>Semesterwoche<\/strong><\/td> <td style=\"height: 24px;width: 146.88%\"><strong>Themen<\/strong><\/td> <\/tr> <tr style=\"height: 24px\"> <td style=\"height: 24px;width: 17.415%\">1.<\/td> <td style=\"height: 24px;width: 146.88%\">Einf\u00fchrung in die Neurophysiologie, Zusammenfassung der Physiologievorlesungen<\/td> <\/tr> <tr style=\"height: 24px\"> <td style=\"height: 24px;width: 17.415%\">2.<\/td> <td style=\"height: 24px;width: 146.88%\">Forschungsmethoden in der Neurophysiologie<\/td> <\/tr> <tr style=\"height: 24px\"> <td style=\"height: 24px;width: 17.415%\">3.<\/td> <td style=\"height: 24px;width: 146.88%\">Nervensystem auf zellul\u00e4rer Ebene, Physiologie der Gliazellen<\/td> <\/tr> <tr style=\"height: 24px\"> <td style=\"height: 24px;width: 17.415%\">4.<\/td> <td style=\"height: 24px;width: 146.88%\">Tiefe, subkortikale Funktionen des Gehirns<\/td> <\/tr> <tr style=\"height: 24px\"> <td style=\"height: 24px;width: 17.415%\">5.<\/td> <td style=\"height: 24px;width: 146.88%\">H\u00f6here, kortikale Funktionen des Gehirns<\/td> <\/tr> <tr style=\"height: 24px\"> <td style=\"height: 24px;width: 17.415%\">6.<\/td> <td style=\"height: 24px;width: 146.88%\">Lernen und Ged\u00e4chtnis<\/td> <\/tr> <tr style=\"height: 24px\"> <td style=\"height: 24px;width: 17.415%\">7.<\/td> <td style=\"height: 24px;width: 146.88%\">Erkrankungen des Nervensystems<\/td> <\/tr> <\/tbody> <\/table> <p>Weitere Informationen finden Sie auf der E-Learning-Seite des Kurses (elearning.univet.hu).<\/p> <p>&nbsp;<\/p>","protected":false},"excerpt":{"rendered":"<p>Dies ist ein Online-Kurs, der im offiziellen E-Learning-System der Universit\u00e4t (elearning.univet.hu) zu finden ist. Der Kurs wird in englischer Sprache abgehalten. Der Wahlkurs ist eine direkte Fortsetzung der Vorlesungen zur Neurophysiologie. Das Verst\u00e4ndnis des Nervensystems ist eine grundlegende Voraussetzung f\u00fcr zuk\u00fcnftige Wissenschaftler*innen in allen Bereichen der Medizin, Veterin\u00e4rmedizin oder Biowissenschaften. Kenntnisse \u00fcber Erkrankungen des Nervensystems<\/p>\n","protected":false},"author":3837,"featured_media":0,"parent":678,"menu_order":112,"comment_status":"closed","ping_status":"closed","template":"","meta":{"_acf_changed":false,"footnotes":""},"categories":[65],"tags":[],"class_list":["post-185762","page","type-page","status-publish","hentry","category-kurse"],"acf":[],"_links":{"self":[{"href":"https:\/\/univet.hu\/de\/wp-json\/wp\/v2\/pages\/185762","targetHints":{"allow":["GET"]}}],"collection":[{"href":"https:\/\/univet.hu\/de\/wp-json\/wp\/v2\/pages"}],"about":[{"href":"https:\/\/univet.hu\/de\/wp-json\/wp\/v2\/types\/page"}],"author":[{"embeddable":true,"href":"https:\/\/univet.hu\/de\/wp-json\/wp\/v2\/users\/3837"}],"replies":[{"embeddable":true,"href":"https:\/\/univet.hu\/de\/wp-json\/wp\/v2\/comments?post=185762"}],"version-history":[{"count":6,"href":"https:\/\/univet.hu\/de\/wp-json\/wp\/v2\/pages\/185762\/revisions"}],"predecessor-version":[{"id":198802,"href":"https:\/\/univet.hu\/de\/wp-json\/wp\/v2\/pages\/185762\/revisions\/198802"}],"up":[{"embeddable":true,"href":"https:\/\/univet.hu\/de\/wp-json\/wp\/v2\/pages\/678"}],"wp:attachment":[{"href":"https:\/\/univet.hu\/de\/wp-json\/wp\/v2\/media?parent=185762"}],"wp:term":[{"taxonomy":"category","embeddable":true,"href":"https:\/\/univet.hu\/de\/wp-json\/wp\/v2\/categories?post=185762"},{"taxonomy":"post_tag","embeddable":true,"href":"https:\/\/univet.hu\/de\/wp-json\/wp\/v2\/tags?post=185762"}],"curies":[{"name":"wp","href":"https:\/\/api.w.org\/{rel}","templated":true}]}}