{"id":187672,"date":"2025-07-02T10:04:52","date_gmt":"2025-07-02T08:04:52","guid":{"rendered":"https:\/\/univet.hu\/?page_id=187672"},"modified":"2025-09-05T08:30:45","modified_gmt":"2025-09-05T06:30:45","slug":"eroeffnungsfeier-des-schuljahres-2025-2026","status":"publish","type":"page","link":"https:\/\/univet.hu\/de\/eroeffnungsfeier-des-schuljahres-2025-2026\/","title":{"rendered":"Er\u00f6ffnungsfeier des Schuljahres 2025\/2026"},"content":{"rendered":"<p> <iframe loading=\"lazy\" width=\"829\" height=\"466\" src=\"https:\/\/www.youtube.com\/embed\/X0PpKBZB-xw\" title=\"Veterin\u00e4rmedizinischen Universit\u00e4t feierlichen Er\u00f6ffnung des akademischen Jahres 2025\/2026\" frameborder=\"0\" allow=\"accelerometer; autoplay; clipboard-write; encrypted-media; gyroscope; picture-in-picture; web-share\" referrerpolicy=\"strict-origin-when-cross-origin\" allowfullscreen><\/iframe><br \/> &nbsp;<\/p> <p><a href=\"https:\/\/univet.hu\/wp-content\/uploads\/2025\/08\/ATE_52_meghivo_tanevnyito_unnepseg_web.jpg\"><img loading=\"lazy\" decoding=\"async\" class=\"aligncenter size-full wp-image-188523\" src=\"https:\/\/univet.hu\/wp-content\/uploads\/2025\/08\/ATE_52_meghivo_tanevnyito_unnepseg_web.jpg\" alt=\"\" width=\"2365\" height=\"1649\" srcset=\"https:\/\/univet.hu\/wp-content\/uploads\/2025\/08\/ATE_52_meghivo_tanevnyito_unnepseg_web.jpg 2365w, https:\/\/univet.hu\/wp-content\/uploads\/2025\/08\/ATE_52_meghivo_tanevnyito_unnepseg_web-320x223.jpg 320w, https:\/\/univet.hu\/wp-content\/uploads\/2025\/08\/ATE_52_meghivo_tanevnyito_unnepseg_web-960x669.jpg 960w, https:\/\/univet.hu\/wp-content\/uploads\/2025\/08\/ATE_52_meghivo_tanevnyito_unnepseg_web-768x535.jpg 768w, https:\/\/univet.hu\/wp-content\/uploads\/2025\/08\/ATE_52_meghivo_tanevnyito_unnepseg_web-1536x1071.jpg 1536w, https:\/\/univet.hu\/wp-content\/uploads\/2025\/08\/ATE_52_meghivo_tanevnyito_unnepseg_web-2048x1428.jpg 2048w\" sizes=\"auto, (max-width: 2365px) 100vw, 2365px\" \/><\/a><\/p> <p><a href=\"https:\/\/univet.hu\/wp-content\/uploads\/2025\/08\/ATE_tanevnyito_-cimlap-web.jpg\"><img loading=\"lazy\" decoding=\"async\" class=\"aligncenter size-full wp-image-188526\" src=\"https:\/\/univet.hu\/wp-content\/uploads\/2025\/08\/ATE_tanevnyito_-cimlap-web.jpg\" alt=\"\" width=\"2379\" height=\"1646\" srcset=\"https:\/\/univet.hu\/wp-content\/uploads\/2025\/08\/ATE_tanevnyito_-cimlap-web.jpg 2379w, https:\/\/univet.hu\/wp-content\/uploads\/2025\/08\/ATE_tanevnyito_-cimlap-web-320x221.jpg 320w, https:\/\/univet.hu\/wp-content\/uploads\/2025\/08\/ATE_tanevnyito_-cimlap-web-960x664.jpg 960w, https:\/\/univet.hu\/wp-content\/uploads\/2025\/08\/ATE_tanevnyito_-cimlap-web-768x531.jpg 768w, https:\/\/univet.hu\/wp-content\/uploads\/2025\/08\/ATE_tanevnyito_-cimlap-web-1536x1063.jpg 1536w, https:\/\/univet.hu\/wp-content\/uploads\/2025\/08\/ATE_tanevnyito_-cimlap-web-2048x1417.jpg 2048w\" sizes=\"auto, (max-width: 2379px) 100vw, 2379px\" \/><\/a><\/p> <p>&nbsp;<\/p> <p><a href=\"https:\/\/univet.hu\/wp-content\/uploads\/2025\/08\/ATE_tanevnyito_-cimlap-pdf.pdf\">im pdf-Format herunterladen. &#8211; 1<\/a><\/p> <p><a href=\"https:\/\/univet.hu\/wp-content\/uploads\/2025\/08\/ATE_52_meghivo_tanevnyito_unnepseg_pdf.pdf\">im pdf-Format herunterladen. &#8211; 2<\/a><\/p> <p>&nbsp;<\/p>","protected":false},"excerpt":{"rendered":"<p>&nbsp; &nbsp; im pdf-Format herunterladen. &#8211; 1 im pdf-Format herunterladen. &#8211; 2 &nbsp;<\/p>\n","protected":false},"author":2518,"featured_media":188528,"parent":0,"menu_order":0,"comment_status":"closed","ping_status":"closed","template":"","meta":{"_acf_changed":false,"footnotes":""},"categories":[],"tags":[],"class_list":["post-187672","page","type-page","status-publish","has-post-thumbnail","hentry"],"acf":[],"_links":{"self":[{"href":"https:\/\/univet.hu\/de\/wp-json\/wp\/v2\/pages\/187672","targetHints":{"allow":["GET"]}}],"collection":[{"href":"https:\/\/univet.hu\/de\/wp-json\/wp\/v2\/pages"}],"about":[{"href":"https:\/\/univet.hu\/de\/wp-json\/wp\/v2\/types\/page"}],"author":[{"embeddable":true,"href":"https:\/\/univet.hu\/de\/wp-json\/wp\/v2\/users\/2518"}],"replies":[{"embeddable":true,"href":"https:\/\/univet.hu\/de\/wp-json\/wp\/v2\/comments?post=187672"}],"version-history":[{"count":4,"href":"https:\/\/univet.hu\/de\/wp-json\/wp\/v2\/pages\/187672\/revisions"}],"predecessor-version":[{"id":190036,"href":"https:\/\/univet.hu\/de\/wp-json\/wp\/v2\/pages\/187672\/revisions\/190036"}],"wp:featuredmedia":[{"embeddable":true,"href":"https:\/\/univet.hu\/de\/wp-json\/wp\/v2\/media\/188528"}],"wp:attachment":[{"href":"https:\/\/univet.hu\/de\/wp-json\/wp\/v2\/media?parent=187672"}],"wp:term":[{"taxonomy":"category","embeddable":true,"href":"https:\/\/univet.hu\/de\/wp-json\/wp\/v2\/categories?post=187672"},{"taxonomy":"post_tag","embeddable":true,"href":"https:\/\/univet.hu\/de\/wp-json\/wp\/v2\/tags?post=187672"}],"curies":[{"name":"wp","href":"https:\/\/api.w.org\/{rel}","templated":true}]}}