{"id":189221,"date":"2025-08-19T15:55:32","date_gmt":"2025-08-19T13:55:32","guid":{"rendered":"https:\/\/univet.hu\/?page_id=189221"},"modified":"2025-08-19T15:55:32","modified_gmt":"2025-08-19T13:55:32","slug":"einladung-zur-schifffart","status":"publish","type":"page","link":"https:\/\/univet.hu\/de\/studenten\/studierendensekretariat\/erster-jahrgang\/einladung-zur-schifffart\/","title":{"rendered":"Einladung zur Schifffart"},"content":{"rendered":"<p><img loading=\"lazy\" decoding=\"async\" class=\"alignnone size-large wp-image-189223\" src=\"https:\/\/univet.hu\/wp-content\/uploads\/2025\/08\/Einladung-e1755611555927-960x472.jpg\" alt=\"\" width=\"960\" height=\"472\" srcset=\"https:\/\/univet.hu\/wp-content\/uploads\/2025\/08\/Einladung-e1755611555927-960x472.jpg 960w, https:\/\/univet.hu\/wp-content\/uploads\/2025\/08\/Einladung-e1755611555927-320x157.jpg 320w, https:\/\/univet.hu\/wp-content\/uploads\/2025\/08\/Einladung-e1755611555927-768x378.jpg 768w, https:\/\/univet.hu\/wp-content\/uploads\/2025\/08\/Einladung-e1755611555927-1536x755.jpg 1536w, https:\/\/univet.hu\/wp-content\/uploads\/2025\/08\/Einladung-e1755611555927.jpg 1920w\" sizes=\"auto, (max-width: 960px) 100vw, 960px\" \/><\/p> <p style=\"text-align: center\"><strong>Sightseeing-Bootsfahrt<\/strong><\/p> <p>Gemeinsam mit dem McDaniel College laden wir Sie anl\u00e4sslich Ihres Studienbeginns in Budapest zu einer Sightseeing-Bootsfahrt auf der Donau ein.<\/p> <p><strong>TREFFPUNKT: 4. September, Donnerstag, 17:30 Uhr <span style=\"color: #ff0000\">am Vigad\u00f3 t\u00e9r, Anlegestelle Nr. 5<\/span><\/strong><br \/> Die Fahrt ist kostenlos, aber eine Anmeldung \u00fcber diesen <a href=\"https:\/\/forms.cloud.microsoft\/Pages\/ResponsePage.aspx?id=cI-IPWq9kUSJE9qdG6_HR2XBQXQ_MnVDnslzCH0NK-1UMFpZSlpUOUNQSDZOM0FCRDUwN0dQWEg0Qy4u\"><span style=\"color: #ff0000\">Link<\/span> <\/a>ist erforderlich!<\/p> <p>Die Kapazit\u00e4t des Schiffes betr\u00e4gt 250 Personen, die ersten 250 Anmeldungen werden ber\u00fccksichtigt!<\/p> <p>Anmeldeschluss: 28. August, 15:00 Uhr.<\/p>","protected":false},"excerpt":{"rendered":"<p>Sightseeing-Bootsfahrt Gemeinsam mit dem McDaniel College laden wir Sie anl\u00e4sslich Ihres Studienbeginns in Budapest zu einer Sightseeing-Bootsfahrt auf der Donau ein. TREFFPUNKT: 4. September, Donnerstag, 17:30 Uhr am Vigad\u00f3 t\u00e9r, Anlegestelle Nr. 5 Die Fahrt ist kostenlos, aber eine Anmeldung \u00fcber diesen Link ist erforderlich! Die Kapazit\u00e4t des Schiffes betr\u00e4gt 250 Personen, die ersten 250<\/p>\n","protected":false},"author":5744,"featured_media":0,"parent":47084,"menu_order":7,"comment_status":"closed","ping_status":"closed","template":"","meta":{"_acf_changed":false,"footnotes":""},"categories":[],"tags":[],"class_list":["post-189221","page","type-page","status-publish","hentry"],"acf":[],"_links":{"self":[{"href":"https:\/\/univet.hu\/de\/wp-json\/wp\/v2\/pages\/189221","targetHints":{"allow":["GET"]}}],"collection":[{"href":"https:\/\/univet.hu\/de\/wp-json\/wp\/v2\/pages"}],"about":[{"href":"https:\/\/univet.hu\/de\/wp-json\/wp\/v2\/types\/page"}],"author":[{"embeddable":true,"href":"https:\/\/univet.hu\/de\/wp-json\/wp\/v2\/users\/5744"}],"replies":[{"embeddable":true,"href":"https:\/\/univet.hu\/de\/wp-json\/wp\/v2\/comments?post=189221"}],"version-history":[{"count":1,"href":"https:\/\/univet.hu\/de\/wp-json\/wp\/v2\/pages\/189221\/revisions"}],"predecessor-version":[{"id":189226,"href":"https:\/\/univet.hu\/de\/wp-json\/wp\/v2\/pages\/189221\/revisions\/189226"}],"up":[{"embeddable":true,"href":"https:\/\/univet.hu\/de\/wp-json\/wp\/v2\/pages\/47084"}],"wp:attachment":[{"href":"https:\/\/univet.hu\/de\/wp-json\/wp\/v2\/media?parent=189221"}],"wp:term":[{"taxonomy":"category","embeddable":true,"href":"https:\/\/univet.hu\/de\/wp-json\/wp\/v2\/categories?post=189221"},{"taxonomy":"post_tag","embeddable":true,"href":"https:\/\/univet.hu\/de\/wp-json\/wp\/v2\/tags?post=189221"}],"curies":[{"name":"wp","href":"https:\/\/api.w.org\/{rel}","templated":true}]}}