{"id":189246,"date":"2025-08-21T09:02:19","date_gmt":"2025-08-21T07:02:19","guid":{"rendered":"https:\/\/univet.hu\/?page_id=189246"},"modified":"2025-08-21T09:06:50","modified_gmt":"2025-08-21T07:06:50","slug":"zusaetzliche-informationen","status":"publish","type":"page","link":"https:\/\/univet.hu\/de\/studenten\/studierendensekretariat\/erster-jahrgang\/zusaetzliche-informationen\/","title":{"rendered":"Zus\u00e4tzliche Informationen"},"content":{"rendered":"<ul style=\"list-style-type: circle\"> <li>Bitte merken Sie sich Ihre <strong>Registrierungsnummer<\/strong>, die Sie oben auf dem Zulassungsbescheid finden (Reg.-Nr.: XXXX \/ D), und Ihren <strong>NEPTUN-Code<\/strong>! Bei der Einreichung einer Arbeit werden Sie m\u00f6glicherweise nach einem oder beiden Codes gefragt, um sich auszuweisen. Wenn Sie nicht mit Ihrem Namen angesprochen werden, werden diese Codes zur Identifizierung auf dem Campus verwendet, z. B. bei der Ver\u00f6ffentlichung der Ergebnisse von Zwischenpr\u00fcfungen. Die Codes gelten als PRIVATE Informationen, geben Sie sie nicht an andere weiter!<\/li> <li><a href=\"https:\/\/univet.hu\/de\/studenten\/studierendensekretariat\/allgemeine-informationen\/bucherliste\/\"><span style=\"color: #ff0000\">Empfohlene B\u00fccherliste f\u00fcr die F\u00e4cher des ersten und zweiten Jahres<\/span><\/a> <ul style=\"list-style-type: circle\"> <li><strong>Website der Universit\u00e4tsbuchhandlung:<\/strong> https:\/\/www.a3shop.hu\/<\/li> <\/ul> <\/li> <li>Zu Beginn des Semesters ben\u00f6tigen Sie zwei <strong>WEISSE (!) Laborkittel<\/strong> (einen f\u00fcr Chemie und einen f\u00fcr Anatomie). Achten Sie darauf, dass beide die folgenden Kriterien erf\u00fcllen: <ul style=\"list-style-type: circle\"> <li>wei\u00df<\/li> <li>lang\u00e4rmelig<\/li> <li>bis unterhalb des Knies reichend<\/li> <\/ul> <\/li> <li><strong>Au\u00dferdem m\u00fcssen Sie einen Test zur Laborsicherheit des Fachbereichs Anatomie absolvieren<\/strong>. Dieser ist Teil des Lehrplans f\u00fcr Anatomie 1 und muss vor Ihrem ersten Anatomielabor absolviert werden. Die Videos mit dem Pr\u00fcfungsstoff sind auf der <a href=\"https:\/\/univet.hu\/anatomia\/de\/lehrstuhl-fur-anatomie-und-histologie\/handout\/\"><span style=\"color: #ff0000\">Website des Fachbereichs<\/span> <\/a>verf\u00fcgbar. Um sie anzusehen und die Pr\u00fcfung auf MOODLE zu absolvieren, erhalten Sie in der zweiten Augusth\u00e4lfte per E-Mail Ihre Anmeldedaten.<\/li> <li>Die Abteilung f\u00fcr Anatomie verwendet f\u00fcr die Plenarsitzungen ein 3D-Projektionssystem. Es ist zwar nicht verpflichtend, aber den Studierenden wird empfohlen, sich eine zirkular polarisierte 3D-Brille zu besorgen, um die Projektionen anzusehen (erh\u00e4ltlich beispielsweise in Budapest <a href=\"http:\/\/muartbit.hu\/termek\/xpand-vision-passziv-3d-szemuveg-felnott-pg50pol\/?fbclid=IwAR1cpZGYFzHxo22CR2h7LqCHpvO-LcApzlq4uC3zCaGN0Vt5hH52TT-f-b0\"><span style=\"color: #ff0000\">HIER<\/span> <\/a>).<\/li> <li>Ein Sezierbesteck wird erst ab Woche 6 f\u00fcr die Anatomie-1-Labore ben\u00f6tigt. Weitere Informationen finden Sie in der entsprechenden <a href=\"https:\/\/univet.hu\/anatomia\/de\/lehrstuhl-fur-anatomie-und-histologie\/studenteninformation-und-prufungsregeln\/\"><span style=\"color: #ff0000\">Verordnung der Abteilung (\u00a72)<\/span><\/a>. <ul style=\"list-style-type: circle\"> <li><a href=\"https:\/\/univet.hu\/wp-content\/uploads\/2025\/08\/Anatomie-DE-2025.pdf\"><span style=\"color: #ff0000\">Von der Universit\u00e4t angebotener Instrumentensatz<\/span><\/a><\/li> <\/ul> <\/li> <\/ul>","protected":false},"excerpt":{"rendered":"<p>Bitte merken Sie sich Ihre Registrierungsnummer, die Sie oben auf dem Zulassungsbescheid finden (Reg.-Nr.: XXXX \/ D), und Ihren NEPTUN-Code! Bei der Einreichung einer Arbeit werden Sie m\u00f6glicherweise nach einem oder beiden Codes gefragt, um sich auszuweisen. Wenn Sie nicht mit Ihrem Namen angesprochen werden, werden diese Codes zur Identifizierung auf dem Campus verwendet, z.<\/p>\n","protected":false},"author":5744,"featured_media":0,"parent":47084,"menu_order":5,"comment_status":"closed","ping_status":"closed","template":"","meta":{"_acf_changed":false,"footnotes":""},"categories":[],"tags":[],"class_list":["post-189246","page","type-page","status-publish","hentry"],"acf":[],"_links":{"self":[{"href":"https:\/\/univet.hu\/de\/wp-json\/wp\/v2\/pages\/189246","targetHints":{"allow":["GET"]}}],"collection":[{"href":"https:\/\/univet.hu\/de\/wp-json\/wp\/v2\/pages"}],"about":[{"href":"https:\/\/univet.hu\/de\/wp-json\/wp\/v2\/types\/page"}],"author":[{"embeddable":true,"href":"https:\/\/univet.hu\/de\/wp-json\/wp\/v2\/users\/5744"}],"replies":[{"embeddable":true,"href":"https:\/\/univet.hu\/de\/wp-json\/wp\/v2\/comments?post=189246"}],"version-history":[{"count":5,"href":"https:\/\/univet.hu\/de\/wp-json\/wp\/v2\/pages\/189246\/revisions"}],"predecessor-version":[{"id":189256,"href":"https:\/\/univet.hu\/de\/wp-json\/wp\/v2\/pages\/189246\/revisions\/189256"}],"up":[{"embeddable":true,"href":"https:\/\/univet.hu\/de\/wp-json\/wp\/v2\/pages\/47084"}],"wp:attachment":[{"href":"https:\/\/univet.hu\/de\/wp-json\/wp\/v2\/media?parent=189246"}],"wp:term":[{"taxonomy":"category","embeddable":true,"href":"https:\/\/univet.hu\/de\/wp-json\/wp\/v2\/categories?post=189246"},{"taxonomy":"post_tag","embeddable":true,"href":"https:\/\/univet.hu\/de\/wp-json\/wp\/v2\/tags?post=189246"}],"curies":[{"name":"wp","href":"https:\/\/api.w.org\/{rel}","templated":true}]}}