{"id":198317,"date":"2026-01-29T09:00:40","date_gmt":"2026-01-29T08:00:40","guid":{"rendered":"https:\/\/univet.hu\/studenten\/kurse\/stress-physiology\/"},"modified":"2026-01-29T13:08:43","modified_gmt":"2026-01-29T12:08:43","slug":"physiologie_stress","status":"publish","type":"page","link":"https:\/\/univet.hu\/de\/studenten\/kurse\/physiologie_stress\/","title":{"rendered":"Physiologie des Stresses"},"content":{"rendered":"<p>Das Hauptziel des Kurses besteht darin, den Studentenen ein umfassendes Bild der biologischen und physiologischen Mechanismen von Stress, ihrer kurz- und langfristigen Folgen sowie des Zusammenhangs zwischen Stress und Gesundheit zu vermitteln. Im Kurs lernen die Studenten das Nervensystem, die endokrinen und immunologischen Hintergr\u00fcnde von Stress sowie die pathophysiologischen Auswirkungen von chronischem Stress kennen. Sie k\u00f6nnen sich \u00fcber die neuesten Forschungsergebnisse und die Physiologie typischer Erkrankungen bei chronischem Langzeitstress informieren.<\/p> <p>Die Sprache der Kurs ist <strong>English<\/strong>. Die Teilnahme an den Lehrveranstaltungen zur Vervollst\u00e4ndigung des Faches empfohlen. Die Kenntnisse werden in geschriebene Pr\u00fcfung gefragt.<\/p> <p>Voraussetzung: <strong>Veterin\u00e4rphysiologie I.<\/strong><\/p> <p><strong>Thematic des Kurses (wochentliche Themen):<\/strong><\/p> <table> <tbody> <tr> <td width=\"103\"><strong>Woche<\/strong><\/td> <td width=\"511\"><strong>Themen<\/strong><\/td> <\/tr> <tr> <td width=\"103\">1. (2h)<\/td> <td width=\"511\">Grundlagen der Stressphysiologie, die Ebenen des Stresses, chronischer Stress und seine Krankheiten<\/td> <\/tr> <tr> <td width=\"103\">2. (2h)<\/td> <td width=\"511\">Stress um zellulare Ebene<\/td> <\/tr> <tr> <td width=\"103\">3. (2h)<\/td> <td width=\"511\">Stress und die endocrine System<\/td> <\/tr> <tr> <td width=\"103\">4. (2h)<\/td> <td width=\"511\">Stress und die Immunsystem<\/td> <\/tr> <tr> <td width=\"103\">5. (2h)<\/td> <td width=\"511\">Stress und die kardiovaskul\u00e4re System<\/td> <\/tr> <tr> <td width=\"103\">6. (2h)<\/td> <td width=\"511\">Stress und die Nervensystem<\/td> <\/tr> <tr> <td width=\"103\">7. (2h)<\/td> <td width=\"511\">Stress und die Memorie<\/td> <\/tr> <tr> <td width=\"103\">8. (1h)<\/td> <td width=\"511\">Pr\u00fcfung<\/td> <\/tr> <\/tbody> <\/table> <p>&nbsp;<\/p> <p>&nbsp;<\/p>","protected":false},"excerpt":{"rendered":"<p>Das Hauptziel des Kurses besteht darin, den Studentenen ein umfassendes Bild der biologischen und physiologischen Mechanismen von Stress, ihrer kurz- und langfristigen Folgen sowie des Zusammenhangs zwischen Stress und Gesundheit zu vermitteln. Im Kurs lernen die Studenten das Nervensystem, die endokrinen und immunologischen Hintergr\u00fcnde von Stress sowie die pathophysiologischen Auswirkungen von chronischem Stress kennen. Sie<\/p>\n","protected":false},"author":3837,"featured_media":0,"parent":678,"menu_order":0,"comment_status":"open","ping_status":"open","template":"","meta":{"_acf_changed":false,"footnotes":""},"categories":[],"tags":[],"class_list":["post-198317","page","type-page","status-publish","hentry"],"acf":[],"_links":{"self":[{"href":"https:\/\/univet.hu\/de\/wp-json\/wp\/v2\/pages\/198317","targetHints":{"allow":["GET"]}}],"collection":[{"href":"https:\/\/univet.hu\/de\/wp-json\/wp\/v2\/pages"}],"about":[{"href":"https:\/\/univet.hu\/de\/wp-json\/wp\/v2\/types\/page"}],"author":[{"embeddable":true,"href":"https:\/\/univet.hu\/de\/wp-json\/wp\/v2\/users\/3837"}],"replies":[{"embeddable":true,"href":"https:\/\/univet.hu\/de\/wp-json\/wp\/v2\/comments?post=198317"}],"version-history":[{"count":6,"href":"https:\/\/univet.hu\/de\/wp-json\/wp\/v2\/pages\/198317\/revisions"}],"predecessor-version":[{"id":198378,"href":"https:\/\/univet.hu\/de\/wp-json\/wp\/v2\/pages\/198317\/revisions\/198378"}],"up":[{"embeddable":true,"href":"https:\/\/univet.hu\/de\/wp-json\/wp\/v2\/pages\/678"}],"wp:attachment":[{"href":"https:\/\/univet.hu\/de\/wp-json\/wp\/v2\/media?parent=198317"}],"wp:term":[{"taxonomy":"category","embeddable":true,"href":"https:\/\/univet.hu\/de\/wp-json\/wp\/v2\/categories?post=198317"},{"taxonomy":"post_tag","embeddable":true,"href":"https:\/\/univet.hu\/de\/wp-json\/wp\/v2\/tags?post=198317"}],"curies":[{"name":"wp","href":"https:\/\/api.w.org\/{rel}","templated":true}]}}