{"id":206918,"date":"2026-05-11T12:10:22","date_gmt":"2026-05-11T10:10:22","guid":{"rendered":"https:\/\/univet.hu\/?page_id=206918"},"modified":"2026-05-11T12:10:22","modified_gmt":"2026-05-11T10:10:22","slug":"schober-mandula-virag","status":"publish","type":"page","link":"https:\/\/univet.hu\/de\/universitaet\/mitarbeiter\/schober-mandula-virag\/","title":{"rendered":"Sch\u00f3ber Mandula Vir\u00e1g"},"content":{"rendered":"<p data-start=\"0\" data-end=\"299\">Im September 2022 begann ich meine duale Ausbildung in der Tierarztpraxis am Moritzberg in Deutschland, wo ich 13 Jahre lang lebte. Diese Praxis ist auf die Behandlung von exotischen und Wildtieren spezialisiert, aber zu ihren Patienten geh\u00f6ren nat\u00fcrlich auch kleine und gro\u00dfe Haus- sowie Nutztiere.<\/p> <p data-start=\"301\" data-end=\"622\" data-is-last-node=\"\" data-is-only-node=\"\">Ich hatte unter anderem die M\u00f6glichkeit, Tiere wie Tiger, Biber, Stachelschweine, Leguane, Axolotl und Arapapageien zu behandeln. Ich habe schnell festgestellt, dass mich alle Tiere leidenschaftlich interessieren. Ich habe einen eigenen \u201eArbeits\u201c-Ordner voller Fotos, den ich sehr gerne noch lange weiter ausbauen m\u00f6chte.<\/p>","protected":false},"excerpt":{"rendered":"<p>Im September 2022 begann ich meine duale Ausbildung in der Tierarztpraxis am Moritzberg in Deutschland, wo ich 13 Jahre lang lebte. Diese Praxis ist auf die Behandlung von exotischen und Wildtieren spezialisiert, aber zu ihren Patienten geh\u00f6ren nat\u00fcrlich auch kleine und gro\u00dfe Haus- sowie Nutztiere. Ich hatte unter anderem die M\u00f6glichkeit, Tiere wie Tiger, Biber,<\/p>\n","protected":false},"author":3009,"featured_media":0,"parent":859,"menu_order":0,"comment_status":"open","ping_status":"open","template":"","meta":{"_acf_changed":false,"footnotes":""},"categories":[],"tags":[],"class_list":["post-206918","page","type-page","status-publish","hentry"],"acf":[],"_links":{"self":[{"href":"https:\/\/univet.hu\/de\/wp-json\/wp\/v2\/pages\/206918","targetHints":{"allow":["GET"]}}],"collection":[{"href":"https:\/\/univet.hu\/de\/wp-json\/wp\/v2\/pages"}],"about":[{"href":"https:\/\/univet.hu\/de\/wp-json\/wp\/v2\/types\/page"}],"author":[{"embeddable":true,"href":"https:\/\/univet.hu\/de\/wp-json\/wp\/v2\/users\/3009"}],"replies":[{"embeddable":true,"href":"https:\/\/univet.hu\/de\/wp-json\/wp\/v2\/comments?post=206918"}],"version-history":[{"count":2,"href":"https:\/\/univet.hu\/de\/wp-json\/wp\/v2\/pages\/206918\/revisions"}],"predecessor-version":[{"id":206924,"href":"https:\/\/univet.hu\/de\/wp-json\/wp\/v2\/pages\/206918\/revisions\/206924"}],"up":[{"embeddable":true,"href":"https:\/\/univet.hu\/de\/wp-json\/wp\/v2\/pages\/859"}],"wp:attachment":[{"href":"https:\/\/univet.hu\/de\/wp-json\/wp\/v2\/media?parent=206918"}],"wp:term":[{"taxonomy":"category","embeddable":true,"href":"https:\/\/univet.hu\/de\/wp-json\/wp\/v2\/categories?post=206918"},{"taxonomy":"post_tag","embeddable":true,"href":"https:\/\/univet.hu\/de\/wp-json\/wp\/v2\/tags?post=206918"}],"curies":[{"name":"wp","href":"https:\/\/api.w.org\/{rel}","templated":true}]}}