{"id":2148,"date":"2018-04-10T14:34:15","date_gmt":"2018-04-10T12:34:15","guid":{"rendered":"http:\/\/univet.hu\/?page_id=2148"},"modified":"2023-08-30T11:25:05","modified_gmt":"2023-08-30T09:25:05","slug":"presse","status":"publish","type":"page","link":"https:\/\/univet.hu\/de\/universitaet\/presse\/","title":{"rendered":"Presse und Medien"},"content":{"rendered":"<p>R\u00e9ka Edit M\u00c9SZ\u00c1ROS<br \/> Medienbeziehungsmanager<br \/> Kommunikationsabteilung<br \/> E-Mail: <a class=\"decrypt\" rel=\"nft{bspt\/sflbAvojwfu\/iv\" href=\"javascript:void(0);\">[Click to see email]<\/a><\/p> <p>Telefonnummer: +36 1\u00a0478 4100\/8362<\/p>","protected":false},"excerpt":{"rendered":"<p>R\u00e9ka Edit M\u00c9SZ\u00c1ROS Medienbeziehungsmanager Kommunikationsabteilung E-Mail: [Click to see email] Telefonnummer: +36 1\u00a0478 4100\/8362<\/p>\n","protected":false},"author":1,"featured_media":0,"parent":335,"menu_order":216,"comment_status":"closed","ping_status":"closed","template":"","meta":{"_acf_changed":false,"footnotes":""},"categories":[],"tags":[],"class_list":["post-2148","page","type-page","status-publish","hentry"],"acf":[],"_links":{"self":[{"href":"https:\/\/univet.hu\/de\/wp-json\/wp\/v2\/pages\/2148","targetHints":{"allow":["GET"]}}],"collection":[{"href":"https:\/\/univet.hu\/de\/wp-json\/wp\/v2\/pages"}],"about":[{"href":"https:\/\/univet.hu\/de\/wp-json\/wp\/v2\/types\/page"}],"author":[{"embeddable":true,"href":"https:\/\/univet.hu\/de\/wp-json\/wp\/v2\/users\/1"}],"replies":[{"embeddable":true,"href":"https:\/\/univet.hu\/de\/wp-json\/wp\/v2\/comments?post=2148"}],"version-history":[{"count":0,"href":"https:\/\/univet.hu\/de\/wp-json\/wp\/v2\/pages\/2148\/revisions"}],"up":[{"embeddable":true,"href":"https:\/\/univet.hu\/de\/wp-json\/wp\/v2\/pages\/335"}],"wp:attachment":[{"href":"https:\/\/univet.hu\/de\/wp-json\/wp\/v2\/media?parent=2148"}],"wp:term":[{"taxonomy":"category","embeddable":true,"href":"https:\/\/univet.hu\/de\/wp-json\/wp\/v2\/categories?post=2148"},{"taxonomy":"post_tag","embeddable":true,"href":"https:\/\/univet.hu\/de\/wp-json\/wp\/v2\/tags?post=2148"}],"curies":[{"name":"wp","href":"https:\/\/api.w.org\/{rel}","templated":true}]}}