{"id":2227,"date":"2018-04-11T08:21:59","date_gmt":"2018-04-11T06:21:59","guid":{"rendered":"http:\/\/univet.hu\/?page_id=2227"},"modified":"2019-07-29T14:47:57","modified_gmt":"2019-07-29T12:47:57","slug":"budapest","status":"publish","type":"page","link":"https:\/\/univet.hu\/de\/universitaet\/budapest\/","title":{"rendered":"von Budapest"},"content":{"rendered":"<p><iframe loading=\"lazy\" src=\"https:\/\/www.youtube.com\/embed\/3d10famI0oU\" width=\"100%\" height=\"100%\" frameborder=\"0\" allowfullscreen=\"allowfullscreen\"><span data-mce-type=\"bookmark\" style=\"display: inline-block; width: 0px; overflow: hidden; line-height: 0;\" class=\"mce_SELRES_start\"><\/span><\/iframe><\/p> <p>Budapest, das oft als \u201eDas kleines Paris Mitteleuropas\u201c bezeichnet wird, ist nicht nur f\u00fcr seine Kunstdenkm\u00e4ler bekannt, die seine eigene 1000 Jahre alte Kultur widerspiegeln, sondern auch f\u00fcr die Relikte anderer Kulturen, die sich hier niederlie\u00dfen. Budapest ist die Hauptstadt Ungarns und damit das wichtigste politische, kulturelle, Handels-, industrielle und Verkehrszentrum des Landes. Mit weniger als 2 Millionen Einwohnern ist sie die gr\u00f6\u00dfte Stadt des Landes. Die H\u00e4lfte der Studierenden an Universit\u00e4ten des Landes studiert hier.<\/p> <p>Die Hauptstadt hat zwei Seiten, Buda und Pest, die sich entlang des Donauufers erstrecken und zwei verschiedene Charaktere der Stadt darstellen. Das eher vorst\u00e4dtische Buda und sein historisches Burgviertel bieten mittelalterliche Stra\u00dfen und H\u00e4user, Museen, H\u00f6hlen und r\u00f6mische Ruinen. Auf der pulsierenden Pester Seite befinden sich das gr\u00f6\u00dfte Parlamentsgeb\u00e4ude Europas, Uferpromenaden, Flohm\u00e4rkte, Buchhandlungen, Antiquit\u00e4tenl\u00e4den und Caf\u00e9s.<\/p> <p>Budapest hat viel zu bieten. Museen und Galerien, Kirchen und Synagogen, Pal\u00e4ste und historische Geb\u00e4ude, B\u00e4der und Schwimmb\u00e4der sind in der besonders von der Sezession gepr\u00e4gten Stadt pr\u00e4sent.<\/p>","protected":false},"excerpt":{"rendered":"<p>Budapest, das oft als \u201eDas kleines Paris Mitteleuropas\u201c bezeichnet wird, ist nicht nur f\u00fcr seine Kunstdenkm\u00e4ler bekannt, die seine eigene 1000 Jahre alte Kultur widerspiegeln, sondern auch f\u00fcr die Relikte anderer Kulturen, die sich hier niederlie\u00dfen. Budapest ist die Hauptstadt Ungarns und damit das wichtigste politische, kulturelle, Handels-, industrielle und Verkehrszentrum des Landes. Mit weniger<\/p>\n","protected":false},"author":1,"featured_media":0,"parent":335,"menu_order":347,"comment_status":"closed","ping_status":"closed","template":"","meta":{"_acf_changed":false,"footnotes":""},"categories":[],"tags":[],"class_list":["post-2227","page","type-page","status-publish","hentry"],"acf":[],"_links":{"self":[{"href":"https:\/\/univet.hu\/de\/wp-json\/wp\/v2\/pages\/2227","targetHints":{"allow":["GET"]}}],"collection":[{"href":"https:\/\/univet.hu\/de\/wp-json\/wp\/v2\/pages"}],"about":[{"href":"https:\/\/univet.hu\/de\/wp-json\/wp\/v2\/types\/page"}],"author":[{"embeddable":true,"href":"https:\/\/univet.hu\/de\/wp-json\/wp\/v2\/users\/1"}],"replies":[{"embeddable":true,"href":"https:\/\/univet.hu\/de\/wp-json\/wp\/v2\/comments?post=2227"}],"version-history":[{"count":0,"href":"https:\/\/univet.hu\/de\/wp-json\/wp\/v2\/pages\/2227\/revisions"}],"up":[{"embeddable":true,"href":"https:\/\/univet.hu\/de\/wp-json\/wp\/v2\/pages\/335"}],"wp:attachment":[{"href":"https:\/\/univet.hu\/de\/wp-json\/wp\/v2\/media?parent=2227"}],"wp:term":[{"taxonomy":"category","embeddable":true,"href":"https:\/\/univet.hu\/de\/wp-json\/wp\/v2\/categories?post=2227"},{"taxonomy":"post_tag","embeddable":true,"href":"https:\/\/univet.hu\/de\/wp-json\/wp\/v2\/tags?post=2227"}],"curies":[{"name":"wp","href":"https:\/\/api.w.org\/{rel}","templated":true}]}}