{"id":3279,"date":"2016-07-28T18:49:00","date_gmt":"2016-07-28T16:49:00","guid":{"rendered":"http:\/\/univet.hu\/universitaet\/organisationseinheiten\/sekretariat-des-rektorats\/"},"modified":"2026-02-10T03:47:43","modified_gmt":"2026-02-10T02:47:43","slug":"sekretariat-des-rektorats","status":"publish","type":"page","link":"https:\/\/univet.hu\/de\/universitaet\/organisationseinheiten\/sekretariat-des-rektorats\/","title":{"rendered":"Sekretariat des Rektorats"},"content":{"rendered":"<h2>Geschichte der Einheit<\/h2> <p>Das Rektorat ist die organisatorische Zentralstelle unserer Einrichtung und befasst sich mit deren Leitung, Sachbearbeitung und Verwaltung. Fr\u00fchere Bezeichnungen f\u00fcr das Rektorat: Amt des Direktors, Rektorat, Dekanat, Qu\u00e4stur, sp\u00e4ter Sekretariat der Fakult\u00e4t bzw. des Dekans.<\/p> <p>Das Rektorat ist f\u00fcr die administrativen Angelegenheiten der Institution zust\u00e4ndig, au\u00dferdem gew\u00e4hrleistet es die offizielle Infrastruktur f\u00fcr die Leiter der Einrichtung.<\/p>","protected":false},"excerpt":{"rendered":"<p>Geschichte der Einheit Das Rektorat ist die organisatorische Zentralstelle unserer Einrichtung und befasst sich mit deren Leitung, Sachbearbeitung und Verwaltung. Fr\u00fchere Bezeichnungen f\u00fcr das Rektorat: Amt des Direktors, Rektorat, Dekanat, Qu\u00e4stur, sp\u00e4ter Sekretariat der Fakult\u00e4t bzw. des Dekans. Das Rektorat ist f\u00fcr die administrativen Angelegenheiten der Institution zust\u00e4ndig, au\u00dferdem gew\u00e4hrleistet es die offizielle Infrastruktur f\u00fcr<\/p>\n","protected":false},"author":3837,"featured_media":0,"parent":862,"menu_order":172,"comment_status":"closed","ping_status":"closed","template":"","meta":{"_acf_changed":false,"footnotes":""},"categories":[59],"tags":[],"class_list":["post-3279","page","type-page","status-publish","hentry","category-abteilungen"],"acf":[],"_links":{"self":[{"href":"https:\/\/univet.hu\/de\/wp-json\/wp\/v2\/pages\/3279","targetHints":{"allow":["GET"]}}],"collection":[{"href":"https:\/\/univet.hu\/de\/wp-json\/wp\/v2\/pages"}],"about":[{"href":"https:\/\/univet.hu\/de\/wp-json\/wp\/v2\/types\/page"}],"author":[{"embeddable":true,"href":"https:\/\/univet.hu\/de\/wp-json\/wp\/v2\/users\/3837"}],"replies":[{"embeddable":true,"href":"https:\/\/univet.hu\/de\/wp-json\/wp\/v2\/comments?post=3279"}],"version-history":[{"count":2,"href":"https:\/\/univet.hu\/de\/wp-json\/wp\/v2\/pages\/3279\/revisions"}],"predecessor-version":[{"id":199222,"href":"https:\/\/univet.hu\/de\/wp-json\/wp\/v2\/pages\/3279\/revisions\/199222"}],"up":[{"embeddable":true,"href":"https:\/\/univet.hu\/de\/wp-json\/wp\/v2\/pages\/862"}],"wp:attachment":[{"href":"https:\/\/univet.hu\/de\/wp-json\/wp\/v2\/media?parent=3279"}],"wp:term":[{"taxonomy":"category","embeddable":true,"href":"https:\/\/univet.hu\/de\/wp-json\/wp\/v2\/categories?post=3279"},{"taxonomy":"post_tag","embeddable":true,"href":"https:\/\/univet.hu\/de\/wp-json\/wp\/v2\/tags?post=3279"}],"curies":[{"name":"wp","href":"https:\/\/api.w.org\/{rel}","templated":true}]}}