{"id":3294,"date":"2016-07-18T10:24:00","date_gmt":"2016-07-18T08:24:00","guid":{"rendered":"http:\/\/univet.hu\/universitaet\/organisationseinheiten\/lehrstuhl-fur-tierhygiene-bestandsgesundheitskunde-und-veterinarmedizinische-etologie\/"},"modified":"2026-02-10T03:47:39","modified_gmt":"2026-02-10T02:47:39","slug":"lehrstuhl-fur-tierhygiene-bestandsgesundheitskunde-und-veterinarmedizinische-etologie","status":"publish","type":"page","link":"https:\/\/univet.hu\/de\/universitaet\/organisationseinheiten\/lehrstuhl-fur-tierhygiene-bestandsgesundheitskunde-und-veterinarmedizinische-etologie\/","title":{"rendered":"Lehrstuhl f\u00fcr Tierhygiene, Bestandsgesundheitskunde und veterin\u00e4rmedizinische Etologie"},"content":{"rendered":"<h2>Geschichte<\/h2> <div> <p>Das XX. Ab der zweiten H\u00e4lfte des 20. Jahrhunderts entwickelten sich die Tierhaltung und die Produktion tierischer Lebensmittel in Europa in eine neue Richtung und sehr dynamisch. Das genetische Potenzial der Herden nahm explosionsartig zu, die Konzentration beschleunigte sich, Spezialisierung und Integration wurden entscheidend f\u00fcr die Produktion und die Futtermittelindustrie entwickelte sich rasant. Diese Entwicklung warf dringend die Frage auf, dass neben kurativen Tiergesundheitsdiensten auch die Pr\u00e4vention von Tierseuchen st\u00e4rker in den Vordergrund r\u00fccken sollte.<\/p> <p>Aus diesem Grund ist es notwendig geworden, innerhalb der Veterin\u00e4rwissenschaften eine Disziplin, die sich ausschlie\u00dflich mit Pr\u00e4vention befasst, eigenst\u00e4ndig zu pflegen oder \u2013 wo bereits vorhanden \u2013 weiterzuentwickeln, in deren Rahmen die Auswirkungen der ver\u00e4nderten Umwelt auf die Produktion und Gesundheit von Tieren untersucht werden Auch die Auswirkungen der Tierhaltung auf die Umwelt werden untersucht. In vielen europ\u00e4ischen L\u00e4ndern wurden nacheinander Tierhygieneabteilungen (Institute) unabh\u00e4ngig von verwandten Fachgebieten, vor allem der Mikrobiologie, gegr\u00fcndet.<br \/> In Ungarn der Landwirtschaftsminister 15\/1962. (Mg.\u00c9.14.) entschied: \u201eDie Tierhygienegruppe wird sich aus dem Rahmen der Abteilung f\u00fcr Innere Medizin l\u00f6sen und ihren Betrieb als unabh\u00e4ngige Abteilung f\u00fcr Tierhygiene fortf\u00fchren.\u201c Ferenc Kov\u00e1cs wurde 1963 auf Empfehlung der Professoren S\u00e1ndor Kotl\u00e1n und J\u00f3zsef M\u00e1rkus sowie auf Empfehlung des Universit\u00e4tsrates, die Abteilung zu leiten, zum Universit\u00e4tsprofessor ernannt. Unter der F\u00fchrung von Ferenc Kov\u00e1cs beschleunigte sich die Phase der Entwicklung des auf exakten Experimenten basierenden Wissenschaftsbereichs. In modernen Laboratorien begann eine sehr intensive Lehr- und Forschungsarbeit.<\/p> <p>Durch die Spezialisierung auf die Viehzucht und die damalige staatliche Unterst\u00fctzung entstanden Ende der 1960er und Anfang der 1970er Jahre Hunderte spezialisierter Gro\u00dftierhaltungsbetriebe. Dies f\u00fchrte zur Aneignung und Erweiterung der wissenschaftlichen Erkenntnisse, die f\u00fcr den Aufbau und Betrieb gro\u00dffl\u00e4chiger Rinder-, Schweine- und Gefl\u00fcgelfarmen erforderlich waren. Diese Forderung wurde auch in vielen L\u00e4ndern mit fortgeschrittener Viehzucht ge\u00e4u\u00dfert. Als Reaktion auf diese Herausforderung haben wir 1966 das erste Klimalabor Mitteleuropas geschaffen, das es erm\u00f6glichte, die vielf\u00e4ltigen Wechselwirkungen zwischen dem Tier und seiner Umwelt kennenzulernen und genau zu beschreiben.<br \/> Die im Klimalabor durchgef\u00fchrten Untersuchungen f\u00fchrten zu international anerkannten und vielfach vorrangigen Erkenntnissen \u00fcber die Auswirkungen von Umgebungstemperatur, Luftfeuchtigkeit und Luftgeschwindigkeit auf den Stoffwechsel neugeborener und junger Ferkel, H\u00fchner, Kaninchen und L\u00e4mmer sowie auf die Anpassungsf\u00e4higkeit junger Tiere und Jungtiere sowie W\u00e4rme- und Kohlendioxid- und Dampfproduktion. Durch die Arbeit im Klimalabor wurden auch grundlegende Erkenntnisse \u00fcber die Auswirkungen der Stallbedingungen auf die Belastung der Stallluft mit Schadgasen und Gestaltungselementen sowie deren Auswirkungen auf den tierischen Organismus gewonnen.<\/p> <p>Dar\u00fcber hinaus wurde auf die Untersuchung der Zusammenh\u00e4nge zwischen Haltung und F\u00fctterung von Sauen, die wissenschaftliche Bestimmung der biologischen Wertigkeit von Ferkeln und die genaue Bestimmung der Faktoren hingewiesen, die die Wirtschaftlichkeit der Schweineaufzucht und -mast bestimmen. Als Ergebnis dieser Arbeit hat sich heute die von Ferenc Kov\u00e1cs im Jahr 1975 formulierte Definition international durchgesetzt: \u201eEin Tier, das im Rahmen der \u00d6konomie entsprechend seinen genetisch bedingten F\u00e4higkeiten produziert, ist gesund.\u201c<\/p> <\/div> <p>Die im Klimalabor durchgef\u00fchrten Untersuchungen wurden durch Versuche in Gro\u00dftierhaltungen organisch erg\u00e4nzt. Das Forschungskollektiv der Abteilung engagierte sich bei der Tiergesundheitszertifizierung von Tierhaltungsbetrieben. Es wurden intensive Forschungsarbeiten durchgef\u00fchrt, um die Wirksamkeit verschiedener Desinfektionsmittel und Desinfektionsmethoden zu bewerten und neue Verfahren zu entwickeln.<\/p> <p>Parallel zur zunehmenden nationalen und internationalen Anerkennung der Forschungsergebnisse wuchs auch das Team, das urspr\u00fcnglich aus zwei Tier\u00e4rzten, einem Agraringenieur und einem Chemiker bestand. Im Jahr 1965 richtete die Ungarische Akademie der Wissenschaften in Anerkennung der erfolgreichen Arbeit eine akademische Forschungsgruppe in der Abteilung ein, in deren Rahmen die Abteilung mit intellektueller St\u00e4rke bereichert wurde und finanzielle Unterst\u00fctzung erhielt. Gleichzeitig wurde innerhalb der Abteilung f\u00fcr Agrarwissenschaften der Ungarischen Akademie der Wissenschaften ein Unterausschuss f\u00fcr Tierhygiene und im Rahmen der Veterin\u00e4rvereinigung der MAE eine Abteilung f\u00fcr Tierhygiene eingerichtet. Die Abteilung, erg\u00e4nzt durch eine wissenschaftliche Forschungsgruppe, entwickelte sich nach und nach zu einer der pr\u00e4genden Organisationseinheiten der Universit\u00e4t.<\/p> <p>Die Ergebnisse der unter Labor- und Praxisbedingungen durchgef\u00fchrten Tests machten es m\u00f6glich, und die damaligen Regierungsverordnungen zur Entwicklung der Rinder- und Schweinezucht forderten die praktische Nutzung der bis dahin erworbenen Erkenntnisse. Im Jahr 1968 richtete die Abteilung f\u00fcr Tiergesundheit und Lebensmittelhygiene des Ministeriums f\u00fcr Landwirtschaft und Ern\u00e4hrung eine Veterin\u00e4rstelle f\u00fcr Tierhygiene ein. Anschlie\u00dfend wurden in den Kreistiergesundheitsstationen auch Tier\u00e4rzte f\u00fcr tierhygienische Aufgaben eingesetzt.<br \/> In dieser Zeit, also zu Beginn der siebziger Jahre, bestand eine der wichtigsten Aufgaben der Tierhygiene darin, die Grundprinzipien der pr\u00e4ventiven Veterin\u00e4rmedizin f\u00fcr Gro\u00dfbetriebe praxisgerecht zusammenzufassen. Als Reaktion auf diesen Bedarf wurden die Richtlinien f\u00fcr die gro\u00dffl\u00e4chige Rinder-, Schweine- und Gefl\u00fcgelhaltung erstellt, die gr\u00f6\u00dftenteils auf den Forschungsergebnissen der Abteilung f\u00fcr Tierhygiene basieren. Die Richtlinien lieferten Orientierung f\u00fcr die Planung von Gro\u00dftierhaltungen, die Bewertung der Pl\u00e4ne und den Betrieb der Betriebe. Die Tierhygienezertifizierung der Investitions- und Durchf\u00fchrungspl\u00e4ne der Tierhaltungsbetriebe und die Tierhygienekontrolle der errichteten Landwirtschaftsbetriebe wurden verpflichtend. Eine entscheidende Rolle spielten dabei die Kreistiergesundheitsstationen.<br \/> Der Betrieb spezialisierter, gro\u00dffl\u00e4chiger Tierhaltungsbetriebe f\u00fchrte einerseits mit der Zunahme der sog. Tierhaltung zu neuen Herausforderungen in der pr\u00e4ventiven Veterin\u00e4rmedizin Die Sch\u00e4den durch Krankheiten mit komplexen Ursachen und die Umweltverschmutzung durch solche Pflanzen gaben zunehmend Anlass zur Sorge.<\/p> <p>Als Reaktion auf diese Herausforderungen startete die Abteilung fast zeitgleich mit vielen namhaften Institutionen in Westeuropa und den Vereinigten Staaten eine Reihe von Forschungen, um die Pathophysiologie von Tierkrankheiten mit komplexen Ursachen besser zu verstehen. Diese Arbeit wurde durch das 1972 neu gegr\u00fcndete Klimalabor unterst\u00fctzt. In Zusammenarbeit mit der Abteilung f\u00fcr Epidemiologie unserer Universit\u00e4t wurde mit der Forschung begonnen und l\u00e4uft noch immer, um die Funktionsweise der Nebennierenrinde und des Immunsystems von Nutztieren sowie die Zusammenh\u00e4nge zwischen nicht optimalen Umweltbedingungen und der Entwicklung von zu verstehen Tierkrankheiten mit komplexen Ursachen.<br \/> Die Ergebnisse der Forschung der Abteilung f\u00fcr angewandte Bakteriologie trugen zur Erforschung der umweltsch\u00e4dlichen Wirkung von G\u00fclle und zur Kl\u00e4rung der \u00dcberlebenszeit von Bakterien f\u00e4kalen Ursprungs im Boden und der Bedingungen bei, die ihr \u00dcberleben beeinflussen. Die als Ergebnis der Forschung formulierten Empfehlungen trugen zur Entwicklung der technologischen Systeme der G\u00fcllebehandlung bei.<\/p> <p>Die Verbreitung energiesparender Futtermittelkonservierungsverfahren und die zunehmende Zahl von Mykotoxikosef\u00e4llen Anfang der 1980er Jahre (als weitere Herausforderung) f\u00fchrten zu einem dringenden Bedarf an einer Ausweitung der Futtermittelhygieneuntersuchungen. In Zusammenarbeit mit den Experten des Nationalen Veterin\u00e4rinstituts, des Veterin\u00e4rinstituts Miskolc und der Technischen Universit\u00e4t Budapest begann die Mykotoxinforschung an der Abteilung, die auch heute noch expandiert. Durch die Tests erfuhren wir unter anderem die Bedingungen f\u00fcr die Bildung von Fusariumtoxinen und die immunsuppressive Wirkung des T-2-Toxins.<\/p> <p>In den 25 Jahren seit der Gr\u00fcndung der Abteilung (bis 1987) ver\u00f6ffentlichten die Mitarbeiter der Abteilung 328 Ver\u00f6ffentlichungen in Ungarisch und Fremdsprachen, zwei zweib\u00e4ndige Universit\u00e4tsnotizen, einen Buchauszug, zwei Handb\u00fccher, zwei Themendokumentationen, drei Lehrb\u00fccher, Sie verfassten eine akademische Doktorarbeit, f\u00fcnf Kandidatenarbeiten und eine Universit\u00e4tsdoktorarbeit. Diese vom Abteilungsleiter betreute und koordinierte Forschungsarbeit wurde 1972 und 1978 von der Ungarischen Akademie der Wissenschaften mit einem akademischen Preis gew\u00fcrdigt.<\/p> <p>Durch die oben skizzierte intensive Forschungsarbeit entstand der Lehrplan f\u00fcr Tierhygiene, dessen Ausbildung mit einem modernen Ansatz und auf der Grundlage exakter Forschungsergebnisse erfolgt.<\/p> <p>Die theoretische und praktische Ausbildung in der Grundausbildung zum Tierarzt erfolgte im Jahr 1990\/91. Bis einschlie\u00dflich des Studienjahres wurde es durch eine dreiw\u00f6chige gro\u00df angelegte Tierhygienepraxis erg\u00e4nzt, die die Studierenden nach einem bestimmten Thema absolvieren mussten. Ab 1967, 1990\/91. Bis einschlie\u00dflich des Studienjahres war Tierhygiene eines der F\u00e4cher des Staatsexamens. Von 1978 bis 1994 veranstaltete der Fachbereich Vorlesungen zum Thema \u201eArbeits- und Umweltschutz\u201c im Bachelorstudiengang Veterin\u00e4rmedizin. Fach f\u00fcr zwei SWS im 10. Semester.<\/p> <p>Zus\u00e4tzlich zur tier\u00e4rztlichen Grundausbildung absolvierten die Mitarbeiter der Abteilung zahlreiche Stunden an der tier\u00e4rztlichen Weiterbildung und der veterin\u00e4rmedizinischen Fachausbildung. 129 praktizierende Tier\u00e4rzte erlangten im Rahmen der 1973 und 1981 eingef\u00fchrten Fachtierarztausbildung die Fachtierarztqualifikation f\u00fcr Tierhygiene. Die Tierhygieneabteilung des Verbandes der Tier\u00e4rzte des Ungarischen Verbands der Agrarwissenschaften diente der Erweiterung des Wissens praktizierender Tier\u00e4rzte mit einer Reihe von Veranstaltungen.<\/p> <p>Im Laufe der Jahre hat die Abteilung f\u00fcr Tierhygiene der Veterin\u00e4rmedizinischen Universit\u00e4t hervorragende nationale und internationale Anerkennung erlangt. Die internationale Wertsch\u00e4tzung wurde durch die Gr\u00fcndung der Internationalen Gesellschaft f\u00fcr Tierhygiene in Budapest im Jahr 1970 deutlich. 1970 wurde die Forschungsarbeit der Abteilung in das Forschungsprogramm der KGST aufgenommen. Ab 1986 wurde die Abteilung zum Zentrum des Teilnetzwerks der FAO, das sich mit der Behandlung von G\u00fclle und deren Vernichtung befasst. Zwischen der Abteilung und vielen ausl\u00e4ndischen Abteilungen und Institutionen hat sich eine enge, auf Arbeitsbeziehungen basierende Zusammenarbeit entwickelt. Zu nennen sind hier unter anderem die Ludwig-Maximilians-Universit\u00e4t M\u00fcnchen, die Tier\u00e4rztliche Hochschule Hannover, die Tierhygieneabteilungen der Veterin\u00e4rmedizinischen Ausbildungsst\u00e4tten in Br\u00fcnn und Kassa sowie das Veterin\u00e4rmedizinische Institut Nordbrabant.<\/p> <p>Zusammenfassend l\u00e4sst sich festhalten, dass die Tierhygiene als Fachgebiet und Wissenschaftsgebiet Ende der 1980er Jahre ein erfolgsreiches Vierteljahrhundert vorweisen konnte.<\/p> <p>Auch der Abteilung f\u00fcr Tierhygiene entgingen die Ver\u00e4nderungen in der landwirtschaftlichen Produktion nicht. Aufgrund des Mangels an Instrumenten und Ger\u00e4ten aufgrund der Verlagerung der wertvolleren Instrumente der Abteilung in das Zentrallabor, der Aufl\u00f6sung des 1966 eingerichteten Klimalabors, dem Verlust des Schulungsraums der Abteilung (3. Stock des Geb\u00e4udes J), die Beendigung der dreiw\u00f6chigen Sommerpraxis f\u00fcr Tierhygiene im gro\u00dfen Ma\u00dfstab und der Verlust von Arbeitspl\u00e4tzen, Werkzeugen und Bedingungen, die f\u00fcr die Lehre des Fachs und f\u00fcr die Forschung auf diesem Gebiet erforderlich sind.<\/p> <p>Als Reaktion auf die Herausforderungen des Zeitalters formulierte Universit\u00e4tsprofessor Dr. P\u00e1l Rafai, der im September 1990 zum Leiter der Abteilung ernannt und dann zum 1. Juli 1991 ernannt wurde, in \u201eQuo vadis Tierhygiene\u201c die notwendigsten Ma\u00dfnahmen. in seiner Dissertation. Dementsprechend sah es das Abteilungskollektiv als notwendig an:<\/p> <p>\u2013 neben der Bewahrung der bleibenden Werte das Fach weiterentwickeln, an die ver\u00e4nderten Bedingungen anpassen und mit neuem Wissen erg\u00e4nzen, etwa angewandter Veterin\u00e4rethologie, Tierschutz und Herdengesundheitswissen;<br \/> &#8211; Ausbau der Beziehungen zwischen der Abteilung und den Tierhaltungsbetrieben auf der Grundlage von Expertenratschl\u00e4gen;<br \/> &#8211; Teilnahme an organisierten Forschungsprogrammen, die noch verf\u00fcgbar sind;<br \/> &#8211; schnelle Entwicklung des Instrumenten- und Computerbestands der Abteilung und<br \/> die Vereinigung der Tierhygiene-Tier\u00e4rzte in einer neuen Organisation.<\/p> <p>Unter Ber\u00fccksichtigung der Zielsetzung haben wir die wesentlichen Elemente des Faches und unsere Bildungsziele wie folgt umformuliert:<br \/> \u201eTierhygiene ist das Teilgebiet der Veterin\u00e4rwissenschaft, das auf der Grundlage der Kenntnis der physiologischen und ethologischen Bed\u00fcrfnisse von Tieren die Bedingungen zum Schutz der Gesundheit beschreibt und die durch Umwelteinfl\u00fcsse entstehenden, von den Bed\u00fcrfnissen abweichenden physiologischen und biochemischen Prozesse zur Verbesserung erforscht die \u00c4tiologie und Entwicklung von Krankheiten verstehen. Darauf aufbauend organisiert sie unter Ber\u00fccksichtigung der Produktions\u00f6konomie die notwendigen Ma\u00dfnahmen zur Vorbeugung, Bek\u00e4mpfung und Ausrottung von Krankheiten mit komplexen Ursachen. Die Tierhygiene befasst sich in erster Linie mit der Nutztierhaltung und dem Gesundheitsschutz der Nutztiere, so dass sie auch dem Schutz der menschlichen Umwelt dient.\u201c<\/p> <p>Im Zuge der Modernisierung der universit\u00e4ren Ausbildung haben sich auch die Lehrmaterialien des Faches Angewandte Veterin\u00e4rethologie und Tierschutz weiterentwickelt.<\/p> <p>Als Reaktion auf die neue Herausforderung der inzwischen eingetretenen Ver\u00e4nderungen im Veterin\u00e4rberuf und unter Ber\u00fccksichtigung des Aufholprozesses bei den veterin\u00e4rmedizinischen Ausbildungsinstituten der EU-L\u00e4nder ist die Herdengesundheit zu einem Schwerpunktthema geworden Dabei erlernt der Veterin\u00e4rstudent die Grundprinzipien einer produktionsorientierten und orientiert vorgeplanten Tiergesundheitsdienstleistung. Ziel des Dienstes ist die rechtzeitige Erkennung von Tiergesundheitsproblemen, die die Effizienz der Produktion gef\u00e4hrden, sowie die Vorbeugung, Minderung und Beseitigung der dadurch verursachten Verluste. Effektive Arbeit erfordert Tier\u00e4rzte, die neben Kenntnissen in Epidemiologie, Pathologie, Reproduktionsbiologie und Strafverfolgung auch die theoretischen und praktischen Fragen der F\u00fctterung beherrschen und auch zu umweltdiagnostischen Arbeiten f\u00e4hig sind. Sie sind au\u00dferdem in der Lage, ein Programm zur Beseitigung von Tiergesundheitsproblemen in der Herde zu erstellen und die wirtschaftlichen Auswirkungen des Programms zu analysieren. Sie verf\u00fcgen \u00fcber Computerkenntnisse und k\u00f6nnen eine direkte Beziehung zum Tierhalter aufbauen.<\/p> <p>Darauf aufbauend gibt es drei S\u00e4ulen der Tierhygiene: Umweltphysiologie, veterin\u00e4rmedizinisch angewandte Ethologie und Herdenhygiene der wichtigsten Nutztiere (Rinder, Schweine und H\u00fchner).<\/p> <p>Die ab dem Studienjahr 1995\/96 im Aufw\u00e4rtssystem eingef\u00fchrte kreditpunktebasierte Ausbildung brachte eine wesentliche Ver\u00e4nderung in der Ausbildung zur Tierhygiene. \u201eVeterin\u00e4rmedizinische Angewandte Ethologie\u201c ist aus dem Fachrahmen herausgel\u00f6st. Fachausbildung, die im neuen 11-semestrigen Bildungssystem im ungarischen und englischsprachigen Veterin\u00e4r-Bachelor-Studiengang III-IV ist. werden im Laufe des Semesters pr\u00e4sentiert. Das Fach schlie\u00dft mit einer m\u00fcndlichen Pr\u00fcfung ab, Kreditwert: 2 Punkte. Der Unterricht wird durch die von P\u00e1l Rafai verfassten und herausgegebenen Notizen und zahlreiche Lehrfilme unterst\u00fctzt. Das Fach ist ein Pflichtfach f\u00fcr die Teilnehmer der Doktorandenausbildung.<br \/> Der Credit-Studienplan ist \u201eTierhygiene\u201c. Die urspr\u00fcnglich 120 theoretischen und praktischen Stunden des Fachs wurden auf 66 Stunden reduziert, was nur die Pr\u00e4sentation des Kernstoffs des Fachs erm\u00f6glicht. F\u00fcr diejenigen, die sich f\u00fcr die praktischen Fragen des Gesundheitsschutzes von Gro\u00dfviehbest\u00e4nden interessieren, ist die 1999\/2000. Als Wahlf\u00e4cher ab dem Studienjahr stehen \u201eRinderherdengesundheit\u201c, \u201eSchweineherdengesundheit\u201c und \u201eGefl\u00fcgelherdengesundheit\u201c zur Verf\u00fcgung. Objekt. DR. Notiz von P\u00e1l Rafai. Mit der Einf\u00fchrung der drei Herdengesundheitsf\u00e4cher vor Jahren ging die Abteilung vielen renommierten veterin\u00e4rmedizinischen Ausbildungseinrichtungen (darunter beispielsweise dem Royal Veterinary College) voraus. Angewandte Veterin\u00e4rethologie c. Fach aus dem Studienjahr 1995\/96, Tierhygiene c. Thema 1996\/97. Ab dem Studienjahr unterrichten wir auch auf Englisch. Wir konnten die 120 Stunden der englischsprachigen Ausbildung abhalten, sodass alle an der fremdsprachigen Ausbildung teilnehmenden Sch\u00fcler Kenntnisse \u00fcber die Tiergesundheit erwerben. Erstmals stellte unser Fachbereich den Studierenden die notwendigen Englischnoten zur Verf\u00fcgung.<\/p> <p>Auf Wunsch der Mitarbeiter des Fachbereichs haben wir den Ver\u00e4nderungen in der Lehre des Faches durch die Umbenennung des Fachbereichs in \u201eAbteilung f\u00fcr Tierhygiene, Tiergesundheit und Veterin\u00e4rethologie\u201c zum 1. Oktober 2000 Ausdruck verliehen.<\/p> <p>&nbsp;<\/p> <p>Nr. 47 beschlossen in der Senatssitzung der Veterin\u00e4rmedizinischen Fakult\u00e4t am 1. Juni 2003. Dem Beschluss zufolge m\u00fcssen ab dem Studienjahr 2003\/2004 Gesundheitspraktiken f\u00fcr freilaufende Rinderherden in die ungarisch- und englischsprachige Ausbildung eingef\u00fchrt werden. Die Teilnahme an den \u00dcbungen ist verpflichtend. Voraussetzung f\u00fcr die Teilnahme ist die Unterzeichnung des Unterrichtsbuches. Die \u00dcbungen richten sich an Studierende des 8. und 9. Semesters. An diesen \u00dcbungen m\u00fcssen alle Studierenden mindestens einmal teilnehmen. Die \u00dcbungen werden im Rahmen eines ganzt\u00e4gigen Bauernhofbesuchs durchgef\u00fchrt. Der Hofbesuch wird von den Mitarbeitern der Rindergesundheitsgruppe geleitet.<\/p> <p>Mit der Einf\u00fchrung des Praxissemesters ab dem Studienjahr 2010\/11 beschloss der Fakult\u00e4tsrat einen neuen Lehrplan, der die Anzahl der Stunden im Fach Tierhygiene auf 75 erh\u00f6hte und dem Fachbereich das Recht zur Betriebs\u00fcberwachung einr\u00e4umte Praxen und berichten \u00fcber die in den Praxen geleistete Arbeit.<\/p> <p>Das Ergebnis unserer Bildungsarbeit zeigt sich darin, dass in den letzten 20 Jahren fast 15 % der Diplomarbeiten unter der Betreuung der Mitarbeiter des Fachbereichs angefertigt wurden.<br \/> Ab 1990 wurde auch die Struktur der Forschungs- und Beratungsaktivit\u00e4ten der Abteilung ge\u00e4ndert. Die Mykotoxin-Forschungsgruppe wurde neu organisiert und ein klinisch-chemisches Labor eingerichtet. Auch die Arbeitsgruppe Angewandte Mikrobiologie und das Klimalabor setzten ihre Arbeit fort. Darauf aufbauend wurden die Beratungsaktivit\u00e4ten der Abteilung erweitert, reguliert und organisiert. Auf dieser Grundlage wurde die Entwicklung der Ger\u00e4te und Werkzeuge der Abteilung m\u00f6glich.<\/p> <p>Die Ergebnisse unserer Forschungsarbeit zeigen sich darin, dass seit 1990 mehr als 300 Fachpublikationen der Mitarbeiter der Abteilung in in- und ausl\u00e4ndischen Fachzeitschriften ver\u00f6ffentlicht und mehr als 350 Vortr\u00e4ge auf inl\u00e4ndischen und internationalen wissenschaftlichen Veranstaltungen gehalten wurden. Im Jahr 1996 verteidigten zwei Mitarbeiter der Abteilung erfolgreich ihre Dissertationen und drei Doktoranden f\u00fchrten unter der Aufsicht des Abteilungsleiters Forschungen durch.<\/p> <p>Ab 2004 \u00fcbernahm Endre Brydl die Leitung der Abteilung. Wir haben die Labore der Abteilung renoviert, den Ger\u00e4tepark weiter ausgebaut und modernisiert. Wir haben das Mastitislabor neu organisiert. Auch in diesem Bereich haben Forschungsarbeiten und die Bereitstellung von Dienstleistungen f\u00fcr Molkereien begonnen.<\/p> <p>1991 gr\u00fcndeten wir die Ungarische Gesellschaft f\u00fcr Tierhygiene und Umweltschutz. Der Ehrenpr\u00e4sident der Gesellschaft war Ferenc Kov\u00e1cs, ihr Pr\u00e4sident war P\u00e1l Rafai und ihr Sekret\u00e4r war Alajos Ball\u00e1sch. Seit seiner Gr\u00fcndung haben wir 20 Fachtreffen mit geladenen Referenten aus Ungarn und dem Ausland organisiert. Unter den Veranstaltungen war die Veranstaltung vom 30.-31. Oktober 1995 mit dem Titel \u201eAnwendung von Bestandsgesundheitsprogrammen in der Rinder- und Schweinehaltung\u201c von herausragender Bedeutung. des 8. Interkongress-Symposiums.<br \/> Im Jahr 1998 wurde die Gesch\u00e4ftsf\u00fchrung des Unternehmens erneuert. Endr\u00e9 Brydl wurde zum Pr\u00e4sidenten und L\u00e1szl\u00f3 K\u00f6nyves zum Sekret\u00e4r gew\u00e4hlt. Jedes Jahr, teilweise alle zwei Jahre, veranstalten wir einen Kongress unter Beteiligung von Fachinteressierten.<\/p> <p>Die Mitarbeiter der Abteilung nehmen regelm\u00e4\u00dfig an den Kongressen der Internationalen Gesellschaft f\u00fcr Tierhygiene (ISAH) teil und halten alle zwei Jahre Vortr\u00e4ge. P\u00e1l Rafai war von der Gr\u00fcndung bis 2008 Mitglied des ISAH-Vorstands, und 2008 wurde L\u00e1szl\u00f3 K\u00f6nyves zum wirtschaftlichen Leiter des ISAH-Vorstands gew\u00e4hlt.<\/p>","protected":false},"excerpt":{"rendered":"<p>Geschichte Das XX. Ab der zweiten H\u00e4lfte des 20. Jahrhunderts entwickelten sich die Tierhaltung und die Produktion tierischer Lebensmittel in Europa in eine neue Richtung und sehr dynamisch. Das genetische Potenzial der Herden nahm explosionsartig zu, die Konzentration beschleunigte sich, Spezialisierung und Integration wurden entscheidend f\u00fcr die Produktion und die Futtermittelindustrie entwickelte sich rasant. Diese<\/p>\n","protected":false},"author":3837,"featured_media":0,"parent":862,"menu_order":172,"comment_status":"closed","ping_status":"closed","template":"","meta":{"_acf_changed":false,"footnotes":""},"categories":[59],"tags":[],"class_list":["post-3294","page","type-page","status-publish","hentry","category-abteilungen"],"acf":[],"_links":{"self":[{"href":"https:\/\/univet.hu\/de\/wp-json\/wp\/v2\/pages\/3294","targetHints":{"allow":["GET"]}}],"collection":[{"href":"https:\/\/univet.hu\/de\/wp-json\/wp\/v2\/pages"}],"about":[{"href":"https:\/\/univet.hu\/de\/wp-json\/wp\/v2\/types\/page"}],"author":[{"embeddable":true,"href":"https:\/\/univet.hu\/de\/wp-json\/wp\/v2\/users\/3837"}],"replies":[{"embeddable":true,"href":"https:\/\/univet.hu\/de\/wp-json\/wp\/v2\/comments?post=3294"}],"version-history":[{"count":2,"href":"https:\/\/univet.hu\/de\/wp-json\/wp\/v2\/pages\/3294\/revisions"}],"predecessor-version":[{"id":199215,"href":"https:\/\/univet.hu\/de\/wp-json\/wp\/v2\/pages\/3294\/revisions\/199215"}],"up":[{"embeddable":true,"href":"https:\/\/univet.hu\/de\/wp-json\/wp\/v2\/pages\/862"}],"wp:attachment":[{"href":"https:\/\/univet.hu\/de\/wp-json\/wp\/v2\/media?parent=3294"}],"wp:term":[{"taxonomy":"category","embeddable":true,"href":"https:\/\/univet.hu\/de\/wp-json\/wp\/v2\/categories?post=3294"},{"taxonomy":"post_tag","embeddable":true,"href":"https:\/\/univet.hu\/de\/wp-json\/wp\/v2\/tags?post=3294"}],"curies":[{"name":"wp","href":"https:\/\/api.w.org\/{rel}","templated":true}]}}