{"id":3297,"date":"2017-09-22T14:26:00","date_gmt":"2017-09-22T12:26:00","guid":{"rendered":"http:\/\/univet.hu\/universitaet\/organisationseinheiten\/abteilung-fur-tierzucht-und-haustiergenetik\/"},"modified":"2026-02-10T03:48:00","modified_gmt":"2026-02-10T02:48:00","slug":"lehrstuhlg-fur-tierzucht-und-haustiergenetik","status":"publish","type":"page","link":"https:\/\/univet.hu\/de\/universitaet\/organisationseinheiten\/institut-fur-tierzucht-tierernahrung-und-labortierkunde\/lehrstuhlg-fur-tierzucht-und-haustiergenetik\/","title":{"rendered":"Lehrstuhl f\u00fcr Tierzucht und Haustiergenetik"},"content":{"rendered":"<h2>Geschichte<\/h2> <div> <p>Sehe die Geschichte des Institutes f\u00fcr Tierzucht, Tiern\u00e4hrung und Labortierkunde.<\/p> <p>Die Abteilung f\u00fcr Tierzucht und Haustiergenetik, als eine Einheit innerhalb des Institutes ist f\u00fcr den Unterricht von zwei F\u00e4chern, wie Veterin\u00e4rmedizinische Genetik und Tierzucht, verantwortlich. Universit\u00e4tsprofessor L\u00e1szl\u00f3 Z\u00f6ld\u00e1g und seine Mitarbeiter liegen besonderen Wert in der Tier\u00e4rztebildung auf den Unterricht der erblichen Abnormalit\u00e4ten und der genetischen Krankheiten der Haustiere.<\/p> <table> <tbody> <tr> <td width=\"271\"><em><strong>Obligatorische F\u00e4cher<\/strong><\/em><\/td> <\/tr> <tr> <td width=\"271\">Veterin\u00e4rmedizinische Genetik<\/td> <\/tr> <tr> <td width=\"271\">Tierzucht<\/td> <\/tr> <tr> <td width=\"271\">Tierzucht Sommerpraktikum<\/td> <\/tr> <tr> <td width=\"271\"><em><strong>Wahlf\u00e4cher<\/strong><\/em><\/td> <\/tr> <tr> <td width=\"271\">Veterin\u00e4rmedizinische klinische Genetik &#8211; Allgemein<\/td> <\/tr> <tr> <td width=\"271\">Veterin\u00e4rmedizinische klinische Genetik &#8211; Spezifisch<\/td> <\/tr> <tr> <td width=\"271\">K\u00fcnstliche Brut der Gefl\u00fcgeleier<\/td> <\/tr> <tr> <td width=\"271\">Besondere Wiederk\u00e4uer<\/td> <\/tr> <\/tbody> <\/table> <p>&nbsp;<\/p> <\/div>","protected":false},"excerpt":{"rendered":"<p>Geschichte Sehe die Geschichte des Institutes f\u00fcr Tierzucht, Tiern\u00e4hrung und Labortierkunde. Die Abteilung f\u00fcr Tierzucht und Haustiergenetik, als eine Einheit innerhalb des Institutes ist f\u00fcr den Unterricht von zwei F\u00e4chern, wie Veterin\u00e4rmedizinische Genetik und Tierzucht, verantwortlich. Universit\u00e4tsprofessor L\u00e1szl\u00f3 Z\u00f6ld\u00e1g und seine Mitarbeiter liegen besonderen Wert in der Tier\u00e4rztebildung auf den Unterricht der erblichen Abnormalit\u00e4ten und<\/p>\n","protected":false},"author":3837,"featured_media":0,"parent":3300,"menu_order":183,"comment_status":"closed","ping_status":"closed","template":"","meta":{"_acf_changed":false,"footnotes":""},"categories":[59],"tags":[],"class_list":["post-3297","page","type-page","status-publish","hentry","category-abteilungen"],"acf":[],"_links":{"self":[{"href":"https:\/\/univet.hu\/de\/wp-json\/wp\/v2\/pages\/3297","targetHints":{"allow":["GET"]}}],"collection":[{"href":"https:\/\/univet.hu\/de\/wp-json\/wp\/v2\/pages"}],"about":[{"href":"https:\/\/univet.hu\/de\/wp-json\/wp\/v2\/types\/page"}],"author":[{"embeddable":true,"href":"https:\/\/univet.hu\/de\/wp-json\/wp\/v2\/users\/3837"}],"replies":[{"embeddable":true,"href":"https:\/\/univet.hu\/de\/wp-json\/wp\/v2\/comments?post=3297"}],"version-history":[{"count":2,"href":"https:\/\/univet.hu\/de\/wp-json\/wp\/v2\/pages\/3297\/revisions"}],"predecessor-version":[{"id":199250,"href":"https:\/\/univet.hu\/de\/wp-json\/wp\/v2\/pages\/3297\/revisions\/199250"}],"up":[{"embeddable":true,"href":"https:\/\/univet.hu\/de\/wp-json\/wp\/v2\/pages\/3300"}],"wp:attachment":[{"href":"https:\/\/univet.hu\/de\/wp-json\/wp\/v2\/media?parent=3297"}],"wp:term":[{"taxonomy":"category","embeddable":true,"href":"https:\/\/univet.hu\/de\/wp-json\/wp\/v2\/categories?post=3297"},{"taxonomy":"post_tag","embeddable":true,"href":"https:\/\/univet.hu\/de\/wp-json\/wp\/v2\/tags?post=3297"}],"curies":[{"name":"wp","href":"https:\/\/api.w.org\/{rel}","templated":true}]}}