{"id":3300,"date":"2017-04-10T13:19:00","date_gmt":"2017-04-10T11:19:00","guid":{"rendered":"http:\/\/univet.hu\/universitaet\/organisationseinheiten\/lehrstuhl-fur-tierzucht-tierernahrung-und-labortierkunde\/"},"modified":"2026-02-10T03:47:30","modified_gmt":"2026-02-10T02:47:30","slug":"institut-fur-tierzucht-tierernahrung-und-labortierkunde","status":"publish","type":"page","link":"https:\/\/univet.hu\/de\/universitaet\/organisationseinheiten\/institut-fur-tierzucht-tierernahrung-und-labortierkunde\/","title":{"rendered":"Institut f\u00fcr Tierzucht, Tierern\u00e4hrung und Labortierkunde"},"content":{"rendered":"<p><b><span data-contrast=\"auto\">Geschichte des Institutes<\/span><\/b><span data-ccp-props=\"{&quot;134233117&quot;:false,&quot;134233118&quot;:false,&quot;201341983&quot;:2,&quot;335559738&quot;:0,&quot;335559739&quot;:120,&quot;335559740&quot;:240}\">\u00a0<\/span><\/p> <p><span data-contrast=\"auto\">Die Tierzucht und Tierern\u00e4hrung (Di\u00e4tetik) bildete schon im Jahr 1787 einen Teil der pr\u00e4klinischen Bildung an der Budapester Hochschule f\u00fcr Veterin\u00e4rmedizin.<\/span><span data-ccp-props=\"{&quot;201341983&quot;:2,&quot;335551550&quot;:6,&quot;335551620&quot;:6,&quot;335559739&quot;:0,&quot;335559740&quot;:240}\">\u00a0<\/span><\/p> <p><span data-contrast=\"auto\">Das Jahr 1873 bedeutete einen Meilenstein im Unterricht der Tierzucht, da damals der erste selbstst\u00e4ndige Lehrstuhl f\u00fcr Tierzucht in Ungarn unter der Leitung von B\u00e9la <\/span><b><i><span data-contrast=\"auto\">TORMAY<\/span><\/i><\/b><span data-contrast=\"auto\"> (1873-1884) geschafft wurde. Ihn folgte K\u00e1roly <\/span><b><i><span data-contrast=\"auto\">MONOSTORI<\/span><\/i><\/b><span data-contrast=\"auto\"> (1884-1908), sp\u00e4ter liefen der Unterricht und die Forschungen unter der Leitung von Oszk\u00e1r <\/span><b><i><span data-contrast=\"auto\">WELLMANN<\/span><\/i><\/b><span data-contrast=\"auto\"> (1908-1943), J\u00f3zsef <\/span><b><i><span data-contrast=\"auto\">SCHANDL<\/span><\/i><\/b><span data-contrast=\"auto\"> (1943-1944), Zolt\u00e1n <\/span><b><i><span data-contrast=\"auto\">CSUK\u00c1S<\/span><\/i><\/b><span data-contrast=\"auto\"> (1944-1957) und J\u00f3zsef <\/span><b><i><span data-contrast=\"auto\">M\u00c1RKUS<\/span><\/i><\/b><span data-contrast=\"auto\"> (1957-1963) weiter.<\/span><span data-ccp-props=\"{&quot;201341983&quot;:2,&quot;335551550&quot;:6,&quot;335551620&quot;:6,&quot;335559739&quot;:0,&quot;335559740&quot;:240}\">\u00a0<\/span><\/p> <p><span data-contrast=\"auto\">Im Jahr 1963 wurde ein selbst\u00e4ndiger Lehrstuhl f\u00fcr Tierern\u00e4hrung gegr\u00fcndet, mit J\u00f3zsef <\/span><b><i><span data-contrast=\"auto\">M\u00c1RKUS<\/span><\/i><\/b><span data-contrast=\"auto\"> an der Spitze (1963-1973). Ihn folgte J\u00f3zsef <\/span><b><i><span data-contrast=\"auto\">BOKORI<\/span><\/i><\/b><span data-contrast=\"auto\"> (1974-1990), dann S\u00e1ndor <\/span><b><i><span data-contrast=\"auto\">FEKETE<\/span><\/i><\/b><span data-contrast=\"auto\"> (1990-1996). W\u00e4hrend dieser Periode die Abteilung f\u00fcr Tierzucht wurde durch Art\u00far <\/span><b><i><span data-contrast=\"auto\">HORN<\/span><\/i><\/b><span data-contrast=\"auto\"> (1963-1980), J\u00e1nos <\/span><b><i><span data-contrast=\"auto\">DOHY<\/span><\/i><\/b><span data-contrast=\"auto\"> (1980-1984) und Imre <\/span><b><i><span data-contrast=\"auto\">BOD\u00d3<\/span><\/i><\/b><span data-contrast=\"auto\"> (1984-1996) geleitet.<\/span><span data-ccp-props=\"{&quot;134233117&quot;:false,&quot;134233118&quot;:false,&quot;201341983&quot;:2,&quot;335551550&quot;:6,&quot;335551620&quot;:6,&quot;335559738&quot;:0,&quot;335559739&quot;:0,&quot;335559740&quot;:240}\">\u00a0<\/span><\/p> <p><span data-contrast=\"auto\">Nach 33 Jahren wurden die beiden Lehrst\u00fchle \u2013 unter der Leitung von Imre <\/span><b><i><span data-contrast=\"auto\">BOD\u00d3<\/span><\/i><\/b><span data-contrast=\"auto\"> (1996-1997) \u2013 als Lehrstuhl f\u00fcr Tierzucht und Tierern\u00e4hrung wieder vereinigt. In folgte S\u00e1ndor <\/span><b><i><span data-contrast=\"auto\">FEKETE<\/span><\/i><\/b><span data-contrast=\"auto\"> (1998-2003), der auch die Labortierkunde in die organisatorische Einheit integrierte. Damit bekam die Einheit ihren neuen, auch heute noch benutzten Namen (Institut f\u00fcr Tierzucht, Tierern\u00e4hrung und Labortierkunde). Dann leitete das Institut J\u00f3zsef <\/span><b><i><span data-contrast=\"auto\">SZAB\u00d3<\/span><\/i><\/b><span data-contrast=\"auto\"> (2003-2006), Istv\u00e1n <\/span><b><i><span data-contrast=\"auto\">HULL\u00c1R<\/span><\/i><\/b><span data-contrast=\"auto\"> (2006-2015) und Andr\u00e1s <\/span><b><i><span data-contrast=\"auto\">G\u00c1SP\u00c1RDY<\/span><\/i><\/b><span data-contrast=\"auto\"> (2015-2021). Seit 2021 der Institutsvorstand ist Zsombor <\/span><b><i><span data-contrast=\"auto\">WAGENHOFFER<\/span><\/i><\/b><span data-contrast=\"auto\">. <\/span><\/p> <p>&nbsp;<\/p> <p><span data-contrast=\"auto\">Das Institut hat 3 nicht autonome Lehrst\u00fchle wie folgt.<\/span><span data-ccp-props=\"{&quot;201341983&quot;:2,&quot;335551550&quot;:6,&quot;335551620&quot;:6,&quot;335559739&quot;:0,&quot;335559740&quot;:240}\">\u00a0<\/span><\/p> <p><span data-contrast=\"auto\"><a href=\"https:\/\/univet.hu\/de\/universitaet\/organisationseinheiten\/institut-fur-tierzucht-tierernahrung-und-labortierkunde\/lehrstuhlg-fur-tierzucht-und-haustiergenetik\/\">Lehrstuhl f\u00fcr Tierzucht und Haustiergenetik<\/a> (Vorstand: Andr\u00e1s <\/span><b><i><span data-contrast=\"auto\">G\u00c1SP\u00c1RDY; <\/span><\/i><\/b>Ort:\u00a0Budapest Istv\u00e1n str. 2. Geb\u00e4ude J III. Stock<span data-contrast=\"auto\">),<\/span><span data-ccp-props=\"{&quot;134233117&quot;:false,&quot;134233118&quot;:false,&quot;201341983&quot;:2,&quot;335551550&quot;:6,&quot;335551620&quot;:6,&quot;335559738&quot;:0,&quot;335559739&quot;:0,&quot;335559740&quot;:240}\">\u00a0<\/span><\/p> <p><span data-contrast=\"auto\"><a href=\"https:\/\/univet.hu\/de\/universitaet\/organisationseinheiten\/institut-fur-tierzucht-tierernahrung-und-labortierkunde\/lehrstuhl-fur-tierernahrung\/\">Lehrstuhl f\u00fcr Tierern\u00e4hrung und Klinische Di\u00e4tetik<\/a> (Vorstand: Istv\u00e1n <\/span><b><i><span data-contrast=\"auto\">HULL\u00c1R;\u00a0<\/span><\/i><\/b>Ort:\u00a0Budapest Rottenbiller str. 50. Erdgeschoss<span data-contrast=\"auto\">),<\/span><span data-ccp-props=\"{&quot;134233117&quot;:false,&quot;134233118&quot;:false,&quot;201341983&quot;:2,&quot;335551550&quot;:6,&quot;335551620&quot;:6,&quot;335559738&quot;:0,&quot;335559739&quot;:0,&quot;335559740&quot;:240}\">\u00a0<\/span><\/p> <p><span data-contrast=\"auto\"><a href=\"https:\/\/univet.hu\/de\/universitaet\/organisationseinheiten\/institut-fur-tierzucht-tierernahrung-und-labortierkunde\/lehrstuhl-fur-labortierkunde\/\">Lehrstuhl f\u00fcr Labortierkunde und Tierschutz<\/a> (Vorstand: Kinga <\/span><b><i><span data-contrast=\"auto\">FODOR;\u00a0<\/span><\/i><\/b>Ort:\u00a0Budapest Istv\u00e1n u. 2. Geb\u00e4ude J II. Stock<span data-contrast=\"auto\">).<\/span><span data-ccp-props=\"{&quot;134233117&quot;:false,&quot;134233118&quot;:false,&quot;201341983&quot;:2,&quot;335551550&quot;:6,&quot;335551620&quot;:6,&quot;335559738&quot;:0,&quot;335559739&quot;:120,&quot;335559740&quot;:240}\">\u00a0<\/span><\/p> <p>&nbsp;<\/p> <p><span data-contrast=\"auto\">Die A, B, und C F\u00e4cher werden durch die Lehrst\u00fchle des Institutes auf Ungarisch, auf Englisch und auf Deutsch unterrichtet. Die Programme dieser F\u00e4cher sind and den Hauptseiten (Homepages) der Lehrst\u00fchle erreichbar. Die Materiale der Vorlesungen und Praktika sind im Moodle zu finden.\u00a0<\/span><span data-ccp-props=\"{&quot;134233117&quot;:false,&quot;134233118&quot;:false,&quot;201341983&quot;:2,&quot;335551550&quot;:6,&quot;335551620&quot;:6,&quot;335559738&quot;:0,&quot;335559739&quot;:0,&quot;335559740&quot;:240}\">\u00a0<\/span><\/p> <div> <p>&nbsp;<\/p> <\/div>","protected":false},"excerpt":{"rendered":"<p>Geschichte des Institutes\u00a0 Die Tierzucht und Tierern\u00e4hrung (Di\u00e4tetik) bildete schon im Jahr 1787 einen Teil der pr\u00e4klinischen Bildung an der Budapester Hochschule f\u00fcr Veterin\u00e4rmedizin.\u00a0 Das Jahr 1873 bedeutete einen Meilenstein im Unterricht der Tierzucht, da damals der erste selbstst\u00e4ndige Lehrstuhl f\u00fcr Tierzucht in Ungarn unter der Leitung von B\u00e9la TORMAY (1873-1884) geschafft wurde. Ihn folgte<\/p>\n","protected":false},"author":3837,"featured_media":0,"parent":862,"menu_order":172,"comment_status":"closed","ping_status":"closed","template":"","meta":{"_acf_changed":false,"footnotes":""},"categories":[59],"tags":[],"class_list":["post-3300","page","type-page","status-publish","hentry","category-abteilungen"],"acf":[],"_links":{"self":[{"href":"https:\/\/univet.hu\/de\/wp-json\/wp\/v2\/pages\/3300","targetHints":{"allow":["GET"]}}],"collection":[{"href":"https:\/\/univet.hu\/de\/wp-json\/wp\/v2\/pages"}],"about":[{"href":"https:\/\/univet.hu\/de\/wp-json\/wp\/v2\/types\/page"}],"author":[{"embeddable":true,"href":"https:\/\/univet.hu\/de\/wp-json\/wp\/v2\/users\/3837"}],"replies":[{"embeddable":true,"href":"https:\/\/univet.hu\/de\/wp-json\/wp\/v2\/comments?post=3300"}],"version-history":[{"count":2,"href":"https:\/\/univet.hu\/de\/wp-json\/wp\/v2\/pages\/3300\/revisions"}],"predecessor-version":[{"id":199199,"href":"https:\/\/univet.hu\/de\/wp-json\/wp\/v2\/pages\/3300\/revisions\/199199"}],"up":[{"embeddable":true,"href":"https:\/\/univet.hu\/de\/wp-json\/wp\/v2\/pages\/862"}],"wp:attachment":[{"href":"https:\/\/univet.hu\/de\/wp-json\/wp\/v2\/media?parent=3300"}],"wp:term":[{"taxonomy":"category","embeddable":true,"href":"https:\/\/univet.hu\/de\/wp-json\/wp\/v2\/categories?post=3300"},{"taxonomy":"post_tag","embeddable":true,"href":"https:\/\/univet.hu\/de\/wp-json\/wp\/v2\/tags?post=3300"}],"curies":[{"name":"wp","href":"https:\/\/api.w.org\/{rel}","templated":true}]}}