{"id":3306,"date":"2017-09-06T09:17:00","date_gmt":"2017-09-06T07:17:00","guid":{"rendered":"http:\/\/univet.hu\/universitaet\/organisationseinheiten\/klinik-und-lehrstuhl-fur-innere-medizin\/"},"modified":"2026-02-10T03:47:49","modified_gmt":"2026-02-10T02:47:49","slug":"klinik-und-lehrstuhl-fur-innere-medizin","status":"publish","type":"page","link":"https:\/\/univet.hu\/de\/universitaet\/organisationseinheiten\/klinik-und-lehrstuhl-fur-innere-medizin\/","title":{"rendered":"Lehrstuhl f\u00fcr Innere Medizin"},"content":{"rendered":"<h2>Geschichte<\/h2> <div> <p>Die ersten Vortr\u00e4ge zur inneren Medizin der Veterin\u00e4rmedizin hielt Vilmos Zlam\u00e1l (1803-1886) 1852. Zur Gr\u00fcndung des Lehrstuhls f\u00fcr Innere Medizin kam es aber erst Jahrzehnte sp\u00e4ter unter der Leitung von \u00c1kos Azary (Lehrstuhlleiter: 1881-1888), nach dessen fr\u00fchem Tod Ferenc Hutyra (Lehrstuhlleiter: 1888-1900) unvergessliche Verdienste um die Aus\u00fcbung und den Unterricht der inneren Medizin erworben hat.<\/p> <p>Der im heutigen Aufbau fungierende Lehrstuhl und Klinik f\u00fcr Innere Medizin wurde unter der Leitung von J\u00f3zsef Marek (Lehrstuhlleiter 1901-1935) 1901 gegr\u00fcndet. Marek legte die Grundlagen f\u00fcr neue Wissenschaftszweige innerhalb der Tiermedizin durch die Erarbeitung der Kenntnisse \u00fcber Erkrankungen der Organe und die Entwicklung der veterin\u00e4rmedizinischen Diagnostik.<\/p> <p>Sein mit Hutyra gemeinsam geschriebenes Buch \u201eInnere Medizin und Therapie der Haustiere\u201c erschien zuerst 1905 und wurde von seinen Nachfolgern am Lehrstuhl Rezs\u0151 Manninger und J\u00e1nos M\u00f3csy weiterentwickelt. Das Buch erschien in weiteren 10 Auflagen auf Deutsch und \u00fcberall auf der Welt in 10 weiteren Sprachen und wurde zu seiner Zeit zum Standard-Handbuch der Tiermedizin. J\u00e1nos M\u00f3csy (Lehrstuhlleiter 1935-1961), Kollege von Marek und sein w\u00fcrdiger Nachfolger, erwarb mit seiner Forschungs- und fachpublizistischen T\u00e4tigkeit internationale Anerkennung.<\/p> <p>Zolt\u00e1n Horv\u00e1th (Lehrstuhlleiter 1961-1983) Autor zahlreicher Lehr- und Handb\u00fccher, f\u00fchrte moderne diagnostische und therapeutische Methoden in Unterricht und Forschung ein.<\/p> <p>Ferenc Karsai (Lehrstuhlleiter 1984-1991) begr\u00fcndete den Unterricht und Anwendung der Pathophysiologie im Rahmen des Lehrstuhls. Er tat die ersten Schritte in Richtung Unterricht der inneren Medizin nach Tierarten. Unter seiner Mitwirkung, sp\u00e4ter unter der Leitung des heutigen Lehrstuhlleiters K\u00e1roly V\u00f6r\u00f6s (Lehrstuhlleiter1991-) wurden zahlreiche Ma\u00dfnahmen ergriffen, um den klinischen Unterricht zu modernisieren, die die Grundlage des Unterrichts bildende Krankenversorgung weiterzuentwickeln, vor allem durch die Einleitung der modernen diagnostischen Verfahren, des Weiteren um Grundlagen- und angewandte klinische Forschung zu vertiefen.<\/p> <\/div> <p><a href=\"http:\/\/www2.univet.hu\/units\/belgyogyaszat\/\" target=\"_blank\" rel=\"noopener\" data-replaced=\"true\">Eigene homepage<\/a><\/p>","protected":false},"excerpt":{"rendered":"<p>Geschichte Die ersten Vortr\u00e4ge zur inneren Medizin der Veterin\u00e4rmedizin hielt Vilmos Zlam\u00e1l (1803-1886) 1852. Zur Gr\u00fcndung des Lehrstuhls f\u00fcr Innere Medizin kam es aber erst Jahrzehnte sp\u00e4ter unter der Leitung von \u00c1kos Azary (Lehrstuhlleiter: 1881-1888), nach dessen fr\u00fchem Tod Ferenc Hutyra (Lehrstuhlleiter: 1888-1900) unvergessliche Verdienste um die Aus\u00fcbung und den Unterricht der inneren Medizin erworben<\/p>\n","protected":false},"author":3837,"featured_media":0,"parent":862,"menu_order":178,"comment_status":"closed","ping_status":"closed","template":"","meta":{"_acf_changed":false,"footnotes":""},"categories":[59],"tags":[],"class_list":["post-3306","page","type-page","status-publish","hentry","category-abteilungen"],"acf":[],"_links":{"self":[{"href":"https:\/\/univet.hu\/de\/wp-json\/wp\/v2\/pages\/3306","targetHints":{"allow":["GET"]}}],"collection":[{"href":"https:\/\/univet.hu\/de\/wp-json\/wp\/v2\/pages"}],"about":[{"href":"https:\/\/univet.hu\/de\/wp-json\/wp\/v2\/types\/page"}],"author":[{"embeddable":true,"href":"https:\/\/univet.hu\/de\/wp-json\/wp\/v2\/users\/3837"}],"replies":[{"embeddable":true,"href":"https:\/\/univet.hu\/de\/wp-json\/wp\/v2\/comments?post=3306"}],"version-history":[{"count":2,"href":"https:\/\/univet.hu\/de\/wp-json\/wp\/v2\/pages\/3306\/revisions"}],"predecessor-version":[{"id":199232,"href":"https:\/\/univet.hu\/de\/wp-json\/wp\/v2\/pages\/3306\/revisions\/199232"}],"up":[{"embeddable":true,"href":"https:\/\/univet.hu\/de\/wp-json\/wp\/v2\/pages\/862"}],"wp:attachment":[{"href":"https:\/\/univet.hu\/de\/wp-json\/wp\/v2\/media?parent=3306"}],"wp:term":[{"taxonomy":"category","embeddable":true,"href":"https:\/\/univet.hu\/de\/wp-json\/wp\/v2\/categories?post=3306"},{"taxonomy":"post_tag","embeddable":true,"href":"https:\/\/univet.hu\/de\/wp-json\/wp\/v2\/tags?post=3306"}],"curies":[{"name":"wp","href":"https:\/\/api.w.org\/{rel}","templated":true}]}}