{"id":3312,"date":"2018-04-04T12:28:00","date_gmt":"2018-04-04T10:28:00","guid":{"rendered":"http:\/\/univet.hu\/universitaet\/organisationseinheiten\/biologisches-institut\/"},"modified":"2026-02-10T03:47:48","modified_gmt":"2026-02-10T02:47:48","slug":"biologisches-institut","status":"publish","type":"page","link":"https:\/\/univet.hu\/de\/universitaet\/organisationseinheiten\/biologisches-institut\/","title":{"rendered":"Biologisches Institut"},"content":{"rendered":"<p><span style=\"font-size: 18pt;\"><strong>Einf\u00fchrung<\/strong><\/span><br \/> Das Institut f\u00fcr Biologie und seine Abteilung f\u00fcr \u00d6kologie sind das Zentrum der universit\u00e4ren Biologenausbildung; die Biologief\u00e4cher<\/p> <p>Die H\u00e4lfte wird von den Mitarbeitern des Instituts\/der Abteilung unterrichtet. Ein umfassender Kurs zu den Themen der Biologenausbildung und darin dem Fachbereich \u00d6kologie<\/p> <p>Beschreibung kann hier heruntergeladen werden. Weitere Informationen zur Biologenausbildung <a href=\"https:\/\/univet.hu\/wp-content\/uploads\/2018\/09\/KKK.pdf\">finden Sie unter<\/a> <a href=\"https:\/\/univet.hu\/hu\/biologia\/\">https:\/\/univet.hu\/hu\/biologia\/<\/a>.<\/p> <h2><\/h2> <h2>Geschichte<\/h2> <div> <p>Das Institut f\u00fcr Biologie bzw. dessen Lehrstuhl f\u00fcr \u00d6kologie ist die zentrale Einrichtung f\u00fcr die Ausbildung von Biologinnen und Biologen an der Universit\u00e4t; die H\u00e4lfte der F\u00e4cher f\u00fcr sie wird von den Mitarbeitern des Instituts\/Lehrstuhls unterrichtet.<\/p> <p>Weitere Informationen zum Studiengang Biologie finden Sie auf der Seite http:\/\/univet.hu\/hu\/biologia\/.<\/p> <p>Geschichte der Einheit<\/p> <p>1993: Gr\u00fcndung des Ausschusses zur Vorbereitung des Studiengangs Zoologie (Sekret\u00e4r: Dr. B\u00e9la \u00c9li\u00e1s)<\/p> <p>1994: Gr\u00fcndung des Zentrums f\u00fcr Zoologie (Direktor: Dr. B\u00e9la \u00c9li\u00e1s)<\/p> <p>1997: das Zentrum wird in ein Institut umgestaltet: Direktor des Instituts f\u00fcr Zoologie: Dr. B\u00e9la \u00c9li\u00e1s<\/p> <p>1997: Gr\u00fcndung des Lehrstuhls f\u00fcr \u00d6kologie (Lehrstuhlleiterin: Dr. Erzs\u00e9bet Hornung)<\/p> <p>1999: 5-j\u00e4hrige Ausbildung, 3 Fachrichtungen (Experimentelle Zoologie, \u00d6kologie im Naturschutz, Zoologie in Tierg\u00e4rten und Wildbiologie)<\/p> <p>2006 wurden die 3+2-Jahre-Ausbildung nach dem \u201eBologna-System\u201c eingeleitet, der Studiengang Biologie BSc und 2009 der Studiengang Biologie MSc eingef\u00fchrt.<\/p> <\/div>","protected":false},"excerpt":{"rendered":"<p>Einf\u00fchrung Das Institut f\u00fcr Biologie und seine Abteilung f\u00fcr \u00d6kologie sind das Zentrum der universit\u00e4ren Biologenausbildung; die Biologief\u00e4cher Die H\u00e4lfte wird von den Mitarbeitern des Instituts\/der Abteilung unterrichtet. Ein umfassender Kurs zu den Themen der Biologenausbildung und darin dem Fachbereich \u00d6kologie Beschreibung kann hier heruntergeladen werden. Weitere Informationen zur Biologenausbildung finden Sie unter https:\/\/univet.hu\/hu\/biologia\/. Geschichte<\/p>\n","protected":false},"author":3837,"featured_media":0,"parent":862,"menu_order":178,"comment_status":"closed","ping_status":"closed","template":"","meta":{"_acf_changed":false,"footnotes":""},"categories":[59],"tags":[],"class_list":["post-3312","page","type-page","status-publish","hentry","category-abteilungen"],"acf":[],"_links":{"self":[{"href":"https:\/\/univet.hu\/de\/wp-json\/wp\/v2\/pages\/3312","targetHints":{"allow":["GET"]}}],"collection":[{"href":"https:\/\/univet.hu\/de\/wp-json\/wp\/v2\/pages"}],"about":[{"href":"https:\/\/univet.hu\/de\/wp-json\/wp\/v2\/types\/page"}],"author":[{"embeddable":true,"href":"https:\/\/univet.hu\/de\/wp-json\/wp\/v2\/users\/3837"}],"replies":[{"embeddable":true,"href":"https:\/\/univet.hu\/de\/wp-json\/wp\/v2\/comments?post=3312"}],"version-history":[{"count":2,"href":"https:\/\/univet.hu\/de\/wp-json\/wp\/v2\/pages\/3312\/revisions"}],"predecessor-version":[{"id":199230,"href":"https:\/\/univet.hu\/de\/wp-json\/wp\/v2\/pages\/3312\/revisions\/199230"}],"up":[{"embeddable":true,"href":"https:\/\/univet.hu\/de\/wp-json\/wp\/v2\/pages\/862"}],"wp:attachment":[{"href":"https:\/\/univet.hu\/de\/wp-json\/wp\/v2\/media?parent=3312"}],"wp:term":[{"taxonomy":"category","embeddable":true,"href":"https:\/\/univet.hu\/de\/wp-json\/wp\/v2\/categories?post=3312"},{"taxonomy":"post_tag","embeddable":true,"href":"https:\/\/univet.hu\/de\/wp-json\/wp\/v2\/tags?post=3312"}],"curies":[{"name":"wp","href":"https:\/\/api.w.org\/{rel}","templated":true}]}}