{"id":3318,"date":"2017-03-22T12:26:00","date_gmt":"2017-03-22T11:26:00","guid":{"rendered":"http:\/\/univet.hu\/universitaet\/organisationseinheiten\/lehrstuhl-fur-die-medizin-der-exotischen-tiere\/"},"modified":"2026-02-10T03:47:47","modified_gmt":"2026-02-10T02:47:47","slug":"lehrstuhl-fur-die-medizin-der-exotischen-tiere","status":"publish","type":"page","link":"https:\/\/univet.hu\/de\/universitaet\/organisationseinheiten\/lehrstuhl-fur-die-medizin-der-exotischen-tiere\/","title":{"rendered":"Abteilung f\u00fcr Medizin Exotischer Tiere, Wildtiere, Fische und Bienen"},"content":{"rendered":"<div class=\"clearfix _o46 _3erg _29_7 direction_ltr text_align_ltr\"> <div id=\"js_r0\" class=\"_3058 _ui9 _hh7 _6ybn _s1- _52mr _3oh-\" data-tooltip-content=\"11:50\" data-hover=\"tooltip\" data-tooltip-position=\"left\"> <div class=\"_aok\" aria-label=\"Diese Website ist im Aufbau\"> <h3>Liebe Tierbesitzer, \/ Liebe Frauchen und Herrchen,<\/h3> <p>ambulante Patienten werden in der Klinik des Lehrstuhls f\u00fcr exotische Tiere und Wildtiermedizin wochentags von 8 bis 16 Uhr nach vorheriger Vereinbarung eines Termins medizinisch versorgt. Patienten ohne Termin k\u00f6nnen nur in Notf\u00e4llen behandelt werden. Wenn Ihr Haustier dringend tier\u00e4rztliche Hilfe ben\u00f6tigt, rufen Sie bitte in der Klinik an, bevor Sie aufbrechen, um eine reibungslosere Behandlung zu erm\u00f6glichen. Wir bitten darum, dass Sie unsere Patienten mit vorgemerktem Termin in jedem Fall an der Rezeption anmelden. Ein Termin kann unter der Telefonnummer +3614784100, Durchwahl 8927 vereinbart werden.<\/p> <p>\u00dcber eine umfassende k\u00f6rperliche Untersuchung hinaus stehen uns Labordiagnostik (Blutanalyse, Urinanalyse usw.) und unser gut ausgestatteter Ger\u00e4tepark mit einem digitalen R\u00f6ntgenger\u00e4t, einem Endoskop usw. zur Verf\u00fcgung, um so schnell wie m\u00f6glich eine schnelle und pr\u00e4zise Diagnose aufstellen zu k\u00f6nnen. In der Einheit f\u00fcr Radiologie und Ger\u00e4tediagnostik der Kleintierklinik f\u00fchren in der Untersuchung von exotischen Tieren versierte Spezialisten nach Terminvereinbarung Ultraschall- und CT-Untersuchungen durch.<\/p> <p>Die Ergebnisse von mikrobiologischen Proben (Kot, Hautgeschabsel, Abstrich usw.) liegen je nach Untersuchung und Krankheitserregern innerhalb von 1 bis 10 Tagen vor. Die Ergebnisse werden je nach Wunsch pers\u00f6nlich, per E-Mail oder telefonisch (Durchwahl 8927) mitgeteilt.<\/p> <p>An der Klinik werden neben der ambulanten Krankenversorgung Weichteil- und orthop\u00e4dische Eingriffe im Rahmen von Operationen durchgef\u00fchrt.<\/p> <p>F\u00fcr planbare Operationen ist in jedem Fall eine vorherige Terminabsprache notwendig.<\/p> <p>Bei Patienten, die von einem anderen Tierarzt eingewiesen werden, oder bei Einholung einer zweiten Fachmeinung bitten wir Sie, die bisherige Krankengeschichte und die Untersuchungsergebnisse mitzubringen.<\/p> <\/div> <p><img loading=\"lazy\" decoding=\"async\" class=\"wp-image-81478 aligncenter\" src=\"https:\/\/univet.hu\/wp-content\/uploads\/2023\/01\/klinika-320x320.png\" alt=\"\" width=\"717\" height=\"717\" srcset=\"https:\/\/univet.hu\/wp-content\/uploads\/2023\/01\/klinika-320x320.png 320w, https:\/\/univet.hu\/wp-content\/uploads\/2023\/01\/klinika-640x640.png 640w, https:\/\/univet.hu\/wp-content\/uploads\/2023\/01\/klinika.png 713w\" sizes=\"auto, (max-width: 717px) 100vw, 717px\" \/><\/p> <p style=\"text-align: center\">Gelber Kreis: Empfang, Roter Kreis: Klinik<\/p> <div class=\"_aok\" aria-label=\"Diese Website ist im Aufbau\"> <p>&nbsp;<\/p> <p><strong>Geschichte der Einheit<\/strong><\/p> <p>Der Lehrstuhl f\u00fcr exotische Tiere und Wildtiermedizin wurde am 1. Januar 2014 durch den Zusammenschluss der Abteilung f\u00fcr exotische Tiere und Wildtiermedizin am Lehrstuhl f\u00fcr Pathologie und der Abteilung f\u00fcr exotische Tiere am Lehrstuhl und Klinik f\u00fcr Innere Medizin gegr\u00fcndet. Der neue Lehrstuhl erf\u00fcllt neben der klinischen Versorgung exotischer Tiere auch pathologisch-diagnostische Aufgaben. Die Organisationseinheit \u00fcberwacht auch veterin\u00e4rmedizinisch die in Ungarn jagdbaren und nicht jagdbaren Wildtiere und deren Best\u00e4nde, au\u00dferdem f\u00fchrt sie Pr\u00e4ventivschutzprogramme durch. Der Lehrstuhl erstellt auf Ersuchen der Ermittlungsbeh\u00f6rden und Gerichte auch fachliche Berichte und Gutachten in den Bereichen Wildtiermedizin, Jagd und damit verbundene T\u00e4tigkeiten sowie Wildtierzucht. Am Lehrstuhl werden das Fach \u201eKrankheiten von besonderen Hobbytieren\u201c bzw. im Rahmen des englischsprachigen Studiengangs \u201eAvian and Exotic animal medicine\u201c als obligatorische und au\u00dferdem zahlreiche fakultative Studienf\u00e4cher unterrichtet. Der Lehrstuhl organisiert neben Aufbaustudien f\u00fcr Postgraduierte, so \u201eMedizinischer Schutz f\u00fcr exotische Tiere\u201c und \u201eHaltung und Zucht exotischer Tiere\u201c, auch die Fachausbildungen \u201eFachtierarzt f\u00fcr Bienen\u201c und \u201eFachtierarzt f\u00fcr Wildtiermedizin\u201c.<\/p> <p>Durchwahl der Klinik: 8927<\/p> <p>\u00d6ffnungszeiten:<\/p> <p>Montag \u2013 Freitag: 8:00-16:00 Uhr<\/p> <p>F\u00fcr die Untersuchungen ist eine Terminabsprache notwendig<\/p> <p>Terminabsprache: Durchwahl 8927<\/p> <\/div> <p>&nbsp;<\/p> <p><strong>Organisationseinheiten<\/strong><\/p> <p><span data-olk-copy-source=\"MessageBody\">Abteilung f\u00fcr Medizin Exotischer Tiere, Wildtiere, Fische und Bienen<\/span><\/p> <p>Abteilungsleiter: Dr. J\u00e1nos G\u00e1l, stellvertretender Abteilungsleiter: Dr. Mikl\u00f3s Maros\u00e1n<\/p> <p>Die Geschichte der Einheit<\/p> <p>Die <span data-olk-copy-source=\"MessageBody\">Abteilung f\u00fcr Medizin Exotischer Tiere, Wildtiere, Fische und Bienen<\/span> wurde am 1. Januar 2014 als Fakult\u00e4t f\u00fcr Pathologie gegr\u00fcndet, mit Zusammenfassung der fr\u00fcher an der Abteilung f\u00fcr Pathologie gebildete Klasse f\u00fcr Gesundheit exotischer und Wildtieren weiterhin der Exotischen Klasse der Abteilung und Klinik f\u00fcr Innere Medizin.<\/p> <\/div> <\/div> <div class=\"clearfix _o46 _3erg _29_7 direction_ltr text_align_ltr\"> <div class=\"_3058 _ui9 _hh7 _6ybn _s1- _52mr _3oh-\" data-tooltip-content=\"11:50\" data-hover=\"tooltip\" data-tooltip-position=\"left\">Die neue Abteilung ist in der klinischen Patientenversorgung exotischer Tiere aktiv, weiterhin f\u00fchrt auch pathologisch-diagnostische Arbeiten durch. Die Organisationseinheit f\u00fchrt Monitoringen beziehungsweise preventive Schutzprogramme der in Ungarn jagdbaren und unter Schutz stehenden Tierarten und deren Best\u00e4nde. Die Abteilung erstellt Expertenarbeiten und Fachgutachten im Auftrag von Ermittlungsbeh\u00f6rden und Gerichten in den Bereichen Wildtiergesundheit, Jagd und Wildmanagement, Wildtierzucht. Die Abteilung lehrt die \u201eHeilkunde der exotischen Tiere\u201c und in englisch-sprachiger Bildung \u201eAvian and Exotic animal medicine &#8211; Heilkunde f\u00fcr V\u00f6gel und Exotische Tiere\u201d als obligatorische, und viele andere fakultative Fachthemas. Die Organisationseinheit f\u00fchrt die postgraduale Bildung f\u00fcr &#8220; Fachtierarzt f\u00fcr die Medizin exotischer Tiere\u201c und zus\u00e4tzlich die Ausbildung f\u00fcr &#8222;Fachtierarzt f\u00fcr Bienengesundheit\u201c und &#8222;Fachtierarzt f\u00fcr Wildtiermedizin&#8220;.<\/div> <\/div> <div data-tooltip-content=\"11:50\" data-hover=\"tooltip\" data-tooltip-position=\"left\"><\/div> <div data-tooltip-content=\"11:50\" data-hover=\"tooltip\" data-tooltip-position=\"left\"> <p>-Klinik f\u00fcr Exotische Tiere<\/p> <p>Dr. Anik\u00f3 M\u00f3zer, Dr. Anna N\u00f3gr\u00e1di, Dr. Antal Papp, Dr. D\u00f3ra Csat\u00e1ri, Dr. Ziszisz Arisz, Dr. Bal\u00e1zs S\u00e1ndor, Dr. Hajnalka Liptai<\/p> <p>Klinikleiter: Dr. J\u00e1nos G\u00e1l<\/p> <p>Exotische Haustiere, Kaninchen, Meerschweinchen, Hamster, Degus, Chinchillas, Ratten und andere<\/p> <p>Kleinnagetiere, weiterhin Zierv\u00f6gel sowie Terrarientiere (Eidechsen, Schlangen, Schildkr\u00f6ten) komplette Tiergesundheitspflege.<\/p> <p>&nbsp;<\/p> <p>&#8211; Abteilung f\u00fcr Jagd, Natur- und Wildtier-Management<\/p> <p>Dr. Mikl\u00f3s Maros\u00e1n, Dr. Tam\u00e1s T\u00f3th, Norbert Aba\u00faji<\/p> <p>Abteilungsleiter: Dr. Mikl\u00f3s Maros\u00e1n<\/p> <p>Die Abteilung f\u00fcr Jagd, Natur- und Wildtier-Management wurde in 2015 gegr\u00fcndet. Seit dieser Zeit<\/p> <p>k\u00fcmmert sich diese Abteilung um Forschungsthemen rund um Jagd, Wildtiermanagement, Naturschutz und Bildungsaufgaben. Zu dieser Abteilung geh\u00f6rt die Fachausbildung von gradualen Doktoranden im Wildtiermanagement und die Fachleitung des Postgraduiertenkurses zur Vorbereitung auf die Durchf\u00fchrung von Wildschadensbewertungsaufgaben.<\/p> <p>&nbsp;<\/p> <\/div> <p>&#8211; Abteilung f\u00fcr Aquakultur und Fischhygiene &#8211;<\/p> <p>Dr. Ferenc Baska, Dr. Judit Kojer, Dr. M\u00e1rton Gy\u00f6rgy Hoitsy<\/p> <p>Abteilungsleiter: Dr. Ferenc Baska<\/p> <p>Die Einheit ist am Standort Rottenbiller Strasse der Universit\u00e4t t\u00e4tig, unter der Leitung von Dr. Ferenc Baska, au\u00dferordentlichem Professor. Die Aufgabe der Abteilung ist berufsbezogene Ausbildung zu Kentnissen \u00fcber Fischen und anderen befischten Wasserorganismen, in der Ungarisch- und Fremdsprachenausbildung sowie in Wahlf\u00e4chern.\u00a0Neben den Lehraufgaben bietet die Abteilung fachkundige Beratung an Fischproduzenten und Betreiber von Angelgew\u00e4ssern, weiterhin leistet Forschungsaufgaben in Zusammenarbeit mit der Fischereiabteilung des Landwirtschaftsministeriums im Rahmen der gemeinsam gegr\u00fcndeten \u201eFischerei-Forschungsgruppe\u201c.<\/p> <p>&nbsp;<\/p> <p>&#8211; Abteilung f\u00fcr Bienenzucht und Bienenheilkunde &#8211;<\/p> <p>G\u00e1bor Hal\u00e1sz, Abteilungsleiter: Dr. J\u00e1nos G\u00e1l<\/p> <p>Zu den Aufgaben dieser Abteilung geh\u00f6rt die Einrichtung einer praktischen Bienenzucht\/Imkerei auf dem Lehrbauernhof \u00dcll\u0151 der Veterin\u00e4rmedizinischen Universit\u00e4t, Betrieb und die dort stattfindende praktische Ausbildung sowie Bienengesundheitsforschungen, und nicht zuletzt die Ineressenf\u00f6rderung der Imkerei und Bienenzucht unter den Studenten der Veterin\u00e4rmedizin.<\/p> <p>&nbsp;<\/p> <p><span style=\"font-size: 12pt\"><strong>Reklamationsbearbeitung<\/strong><\/span><\/p> <p>Wenn es um eine Frage von Bildungsbeschwerden handelt, wenden Sie bitte an Ihren Fachdozenten oder den Abteilungsleiter Dr. J\u00e1nos G\u00e1l (<a class=\"decrypt\" rel=\"hbm\/kboptAvojwfu\/iv\" href=\"javascript:void(0);\">[Click to see email]<\/a>).<\/p> <p>Wenn es um eine Frage von klinischer Beschwerden handelt, wenden Sie bitte an den Abteilungsleiter Dr. J\u00e1nos G\u00e1l (<a class=\"decrypt\" rel=\"hbm\/kboptAvojwfu\/iv\" href=\"javascript:void(0);\">[Click to see email]<\/a>).<\/p>","protected":false},"excerpt":{"rendered":"<p>Liebe Tierbesitzer, \/ Liebe Frauchen und Herrchen, ambulante Patienten werden in der Klinik des Lehrstuhls f\u00fcr exotische Tiere und Wildtiermedizin wochentags von 8 bis 16 Uhr nach vorheriger Vereinbarung eines Termins medizinisch versorgt. Patienten ohne Termin k\u00f6nnen nur in Notf\u00e4llen behandelt werden. Wenn Ihr Haustier dringend tier\u00e4rztliche Hilfe ben\u00f6tigt, rufen Sie bitte in der Klinik<\/p>\n","protected":false},"author":3837,"featured_media":172580,"parent":862,"menu_order":178,"comment_status":"closed","ping_status":"closed","template":"page-templates\/page-clinic.php","meta":{"_acf_changed":false,"footnotes":""},"categories":[59],"tags":[],"class_list":["post-3318","page","type-page","status-publish","has-post-thumbnail","hentry","category-abteilungen"],"acf":[],"_links":{"self":[{"href":"https:\/\/univet.hu\/de\/wp-json\/wp\/v2\/pages\/3318","targetHints":{"allow":["GET"]}}],"collection":[{"href":"https:\/\/univet.hu\/de\/wp-json\/wp\/v2\/pages"}],"about":[{"href":"https:\/\/univet.hu\/de\/wp-json\/wp\/v2\/types\/page"}],"author":[{"embeddable":true,"href":"https:\/\/univet.hu\/de\/wp-json\/wp\/v2\/users\/3837"}],"replies":[{"embeddable":true,"href":"https:\/\/univet.hu\/de\/wp-json\/wp\/v2\/comments?post=3318"}],"version-history":[{"count":4,"href":"https:\/\/univet.hu\/de\/wp-json\/wp\/v2\/pages\/3318\/revisions"}],"predecessor-version":[{"id":199229,"href":"https:\/\/univet.hu\/de\/wp-json\/wp\/v2\/pages\/3318\/revisions\/199229"}],"up":[{"embeddable":true,"href":"https:\/\/univet.hu\/de\/wp-json\/wp\/v2\/pages\/862"}],"wp:featuredmedia":[{"embeddable":true,"href":"https:\/\/univet.hu\/de\/wp-json\/wp\/v2\/media\/172580"}],"wp:attachment":[{"href":"https:\/\/univet.hu\/de\/wp-json\/wp\/v2\/media?parent=3318"}],"wp:term":[{"taxonomy":"category","embeddable":true,"href":"https:\/\/univet.hu\/de\/wp-json\/wp\/v2\/categories?post=3318"},{"taxonomy":"post_tag","embeddable":true,"href":"https:\/\/univet.hu\/de\/wp-json\/wp\/v2\/tags?post=3318"}],"curies":[{"name":"wp","href":"https:\/\/api.w.org\/{rel}","templated":true}]}}