{"id":3348,"date":"2016-02-23T05:02:00","date_gmt":"2016-02-23T04:02:00","guid":{"rendered":"http:\/\/univet.hu\/universitaet\/organisationseinheiten\/institut-fur-mikrobiologie-und-seuchenlehre\/"},"modified":"2026-02-10T03:47:29","modified_gmt":"2026-02-10T02:47:29","slug":"institut-fur-mikrobiologie-und-seuchenlehre","status":"publish","type":"page","link":"https:\/\/univet.hu\/de\/universitaet\/organisationseinheiten\/institut-fur-mikrobiologie-und-seuchenlehre\/","title":{"rendered":"Institut f\u00fcr Mikrobiologie und Seuchenlehre"},"content":{"rendered":"<h2>Geschichte<\/h2> <div> <p><img decoding=\"async\" style=\"height: 375px; width: 500px;\" src=\"https:\/\/univet.hu\/files\/units\/5484\/images\/tanszek_1nagy.JPG\" alt=\"Tanszek 1Nagy\" data-replaced=\"true\" \/><\/p> <p>Die Lehre ansteckender Krankheiten war immer eine wichtige Mission der Einrichtung, obwohl unser Institut in seiner heutigen Form erst seit 1933 funktioniert, als das Institut f\u00fcr Tierseuchen und das Institut f\u00fcr Bakteriologie vereinigt wurde. Die Rolle des Instituts im Veterin\u00e4rwesen wurde von solchen namhaften Professoren, wie Hug\u00f3 Preisz, Alad\u00e1r Aujeszky, Ferenc Hutyra, Rezs\u0151 Manninger, Tam\u00e1s Szent-Iv\u00e1nyi, Adorj\u00e1n Bartha, S\u00e1ndor Tuboly and Tam\u00e1s Tuboly bestimmt. Die Mitarbeiter des Instituts haben zahlreiche Erreger und ihre Eigenschaften beschrieben, die \u00c4tiologie, Pathogenese, Therapie, Vorbeugung dieser Krankheiten und die M\u00f6glichkeit der Befreiung wurde gekl\u00e4rt. Das Handbuch \u201eSpezielle Pathologie und Therapie der Haustiere\u201c von Professoren Hutyra, Marek, Manninger und M\u00f3csy wurde in 18 Sprachen in 23 Auflagen publiziert, und es wurde von den Tier\u00e4rzten weltweit benutzt. Das Institut h\u00e4lt enge Kontakte mit mehreren inl\u00e4ndischen und ausl\u00e4ndischen Universit\u00e4tsinstituten, Forschungsinstituten, diagnostischen Instituten und internationalen Organisationen.<\/p> <\/div>","protected":false},"excerpt":{"rendered":"<p>Geschichte Die Lehre ansteckender Krankheiten war immer eine wichtige Mission der Einrichtung, obwohl unser Institut in seiner heutigen Form erst seit 1933 funktioniert, als das Institut f\u00fcr Tierseuchen und das Institut f\u00fcr Bakteriologie vereinigt wurde. Die Rolle des Instituts im Veterin\u00e4rwesen wurde von solchen namhaften Professoren, wie Hug\u00f3 Preisz, Alad\u00e1r Aujeszky, Ferenc Hutyra, Rezs\u0151 Manninger,<\/p>\n","protected":false},"author":3837,"featured_media":0,"parent":862,"menu_order":172,"comment_status":"closed","ping_status":"closed","template":"","meta":{"_acf_changed":false,"footnotes":""},"categories":[59],"tags":[],"class_list":["post-3348","page","type-page","status-publish","hentry","category-abteilungen"],"acf":[],"_links":{"self":[{"href":"https:\/\/univet.hu\/de\/wp-json\/wp\/v2\/pages\/3348","targetHints":{"allow":["GET"]}}],"collection":[{"href":"https:\/\/univet.hu\/de\/wp-json\/wp\/v2\/pages"}],"about":[{"href":"https:\/\/univet.hu\/de\/wp-json\/wp\/v2\/types\/page"}],"author":[{"embeddable":true,"href":"https:\/\/univet.hu\/de\/wp-json\/wp\/v2\/users\/3837"}],"replies":[{"embeddable":true,"href":"https:\/\/univet.hu\/de\/wp-json\/wp\/v2\/comments?post=3348"}],"version-history":[{"count":2,"href":"https:\/\/univet.hu\/de\/wp-json\/wp\/v2\/pages\/3348\/revisions"}],"predecessor-version":[{"id":199198,"href":"https:\/\/univet.hu\/de\/wp-json\/wp\/v2\/pages\/3348\/revisions\/199198"}],"up":[{"embeddable":true,"href":"https:\/\/univet.hu\/de\/wp-json\/wp\/v2\/pages\/862"}],"wp:attachment":[{"href":"https:\/\/univet.hu\/de\/wp-json\/wp\/v2\/media?parent=3348"}],"wp:term":[{"taxonomy":"category","embeddable":true,"href":"https:\/\/univet.hu\/de\/wp-json\/wp\/v2\/categories?post=3348"},{"taxonomy":"post_tag","embeddable":true,"href":"https:\/\/univet.hu\/de\/wp-json\/wp\/v2\/tags?post=3348"}],"curies":[{"name":"wp","href":"https:\/\/api.w.org\/{rel}","templated":true}]}}